{"id":14048,"date":"2018-06-06T16:53:36","date_gmt":"2018-06-06T15:53:36","guid":{"rendered":"http:\/\/6j8hlawrdh.preview.infomaniak.website\/?page_id=14048"},"modified":"2021-06-14T17:11:38","modified_gmt":"2021-06-14T15:11:38","slug":"direito-empresarial-publico-e-direito-ambiental","status":"publish","type":"page","link":"https:\/\/www.steeringlegal.com\/pt-br\/direito-empresarial-publico-e-direito-ambiental\/","title":{"rendered":"Direito Empresarial P\u00fablico e Direito Ambiental"},"content":{"rendered":"<h2><strong>Em mat\u00e9ria de Direito P\u00fablico, o Steering Legal atua prestando consultoria e no contencioso, nos dois grandes dom\u00ednios a seguir:<\/strong><\/h2>\n<h3>.<span style=\"color: #003366;\"> Direito P\u00fablico em geral;<\/span><\/h3>\n<h3><span style=\"color: #003366;\">. e no Direito da Uni\u00e3o Europ\u00e9ia, que influencia cada vez mais o direito interno.<\/span><\/h3>\n<h3><\/h3>\n<h3><strong>Direito p\u00fablico geral<\/strong><\/h3>\n<div>\n<ul>\n<li>Assist\u00eancia e consultoria \u00e0s empresas na participa\u00e7\u00e3o em leil\u00f5es, concorrencias p\u00fablicas e concess\u00e3o de servi\u00e7os p\u00fablicos nacionais e internacionais<\/li>\n<li>Assist\u00eancia a entidades p\u00fablicas, autarquias e sociedades de economia mista na realiza\u00e7\u00e3o de acordos e contratos (leil\u00f5es, concorrencias e concess\u00e3o de servi\u00e7os p\u00fablicos, arrendamentos administrativos de longo prazo, acordos estaduais e contratos complexos)<\/li>\n<li>Consultoria em direito administrativo geral (responsabilidade administrativa, institui\u00e7\u00f5es administrativas e direito da fun\u00e7\u00e3o p\u00fablica)<\/li>\n<li>Planejamento e experi\u00eancias de desenvolvimento urbano<\/li>\n<li>Especializa\u00e7\u00e3o no setor de energia, petr\u00f3leo e gas: regulamenta\u00e7\u00f5es aplic\u00e1veis, consultoria em projetos de energia renov\u00e1vel (do desenvolvimento \u00e0 explora\u00e7\u00e3o)<\/li>\n<li><span style=\"color: #000000;\">Representa\u00e7\u00e3o e defesa perante todos os \u00f3rg\u00e3os administrativos para a resolu\u00e7\u00e3o de lit\u00edgios e conflitos judiciais e extrajudiciais public g\u00e9n\u00e9ral<\/span><\/li>\n<\/ul>\n<\/div>\n<div>\n<h3><\/h3>\n<h3><strong>Direito da Uni\u00e3o Europeia<\/strong><\/h3>\n<p>Principalmente no no \u00e2mbito dos contratos p\u00fablicos e concess\u00f5es de servi\u00e7os p\u00fablicos , direito da concorr\u00eancia e direito econ\u00f4mico :<\/p>\n<ul>\n<li>Consultoria<\/li>\n<li>Lit\u00edgios envolvendo o direito internacional privado e p\u00fablico, tanto perante os tribunais internos, como no Tribunal e na Corte de Justi\u00e7a da Uni\u00e3o Europeia<\/li>\n<li>Divulga\u00e7\u00e3o de artigos e mat\u00e9rias juridicas atuais para manter nossos clientes informados sobre as recentes altera\u00e7\u00f5es na legisla\u00e7\u00e3o francesa e europeia.<\/li>\n<li>Atua\u00e7ao administrativa de acompanhamento e assist\u00eancia junto as autoridades internacionais de direito da concorrencia e mercado nacional.<\/li>\n<\/ul>\n<\/div>\n<div>\n<p>&nbsp;<\/p>\n<\/div>\n","protected":false},"excerpt":{"rendered":"<p>Em mat\u00e9ria de Direito P\u00fablico, o Steering Legal atua prestando consultoria e no contencioso, nos dois grandes dom\u00ednios a seguir: . Direito P\u00fablico em geral;[&#8230;] <br \/><a class=\"readmore\" href=\"https:\/\/www.steeringlegal.com\/pt-br\/direito-empresarial-publico-e-direito-ambiental\/\"><\/a><\/p>\n","protected":false},"author":1,"featured_media":0,"parent":0,"menu_order":0,"comment_status":"closed","ping_status":"closed","template":"","meta":{"_acf_changed":false,"footnotes":""},"class_list":["post-14048","page","type-page","status-publish","hentry"],"acf":[],"yoast_head":"<!-- This site is optimized with the Yoast SEO plugin v27.0 - https:\/\/yoast.com\/product\/yoast-seo-wordpress\/ -->\n<title>Cabinet avocat droit public des affaires Paris, Dubai, Niamey, Rio de Janeiro | Steering Legal<\/title>\n<meta name=\"description\" content=\"Cabinet d&#039;avocat international sp\u00e9cialis\u00e9 en droit public des affaires : droit administratif, urbanisme, contrats publics et environnement. Bureaux \u00e0 Paris, Angers, Marseille mais aussi en Afrique, Am\u00e9rique du sud et au Moyen Orient\" \/>\n<meta name=\"robots\" content=\"index, follow, max-snippet:-1, max-image-preview:large, max-video-preview:-1\" \/>\n<link rel=\"canonical\" href=\"https:\/\/www.steeringlegal.com\/pt-br\/direito-empresarial-publico-e-direito-ambiental\/\" \/>\n<meta property=\"og:locale\" content=\"pt_BR\" \/>\n<meta property=\"og:type\" content=\"article\" \/>\n<meta property=\"og:title\" content=\"Cabinet avocat droit public des affaires Paris, Dubai, Niamey, Rio de Janeiro | Steering Legal\" \/>\n<meta property=\"og:description\" content=\"Cabinet d&#039;avocat international sp\u00e9cialis\u00e9 en droit public des affaires : droit administratif, urbanisme, contrats publics et environnement. Bureaux \u00e0 Paris, Angers, Marseille mais aussi en Afrique, Am\u00e9rique du sud et au Moyen Orient\" \/>\n<meta property=\"og:url\" content=\"https:\/\/www.steeringlegal.com\/pt-br\/direito-empresarial-publico-e-direito-ambiental\/\" \/>\n<meta property=\"og:site_name\" content=\"steeringlegal\" \/>\n<meta property=\"article:modified_time\" content=\"2021-06-14T15:11:38+00:00\" \/>\n<meta name=\"twitter:card\" content=\"summary_large_image\" \/>\n<meta name=\"twitter:label1\" content=\"Est. tempo de leitura\" \/>\n\t<meta name=\"twitter:data1\" content=\"1 minuto\" \/>\n<script type=\"application\/ld+json\" class=\"yoast-schema-graph\">{\"@context\":\"https:\/\/schema.org\",\"@graph\":[{\"@type\":\"WebPage\",\"@id\":\"https:\/\/www.steeringlegal.com\/pt-br\/direito-empresarial-publico-e-direito-ambiental\/\",\"url\":\"https:\/\/www.steeringlegal.com\/pt-br\/direito-empresarial-publico-e-direito-ambiental\/\",\"name\":\"Cabinet avocat droit public des affaires Paris, Dubai, Niamey, Rio de Janeiro | Steering Legal\",\"isPartOf\":{\"@id\":\"https:\/\/www.steeringlegal.com\/pt-br\/#website\"},\"datePublished\":\"2018-06-06T15:53:36+00:00\",\"dateModified\":\"2021-06-14T15:11:38+00:00\",\"description\":\"Cabinet d'avocat international sp\u00e9cialis\u00e9 en droit public des affaires : droit administratif, urbanisme, contrats publics et environnement. Bureaux \u00e0 Paris, Angers, Marseille mais aussi en Afrique, Am\u00e9rique du sud et au Moyen Orient\",\"breadcrumb\":{\"@id\":\"https:\/\/www.steeringlegal.com\/pt-br\/direito-empresarial-publico-e-direito-ambiental\/#breadcrumb\"},\"inLanguage\":\"pt-BR\",\"potentialAction\":[{\"@type\":\"ReadAction\",\"target\":[\"https:\/\/www.steeringlegal.com\/pt-br\/direito-empresarial-publico-e-direito-ambiental\/\"]}]},{\"@type\":\"BreadcrumbList\",\"@id\":\"https:\/\/www.steeringlegal.com\/pt-br\/direito-empresarial-publico-e-direito-ambiental\/#breadcrumb\",\"itemListElement\":[{\"@type\":\"ListItem\",\"position\":1,\"name\":\"Accueil\",\"item\":\"https:\/\/www.steeringlegal.com\/pt-br\/\"},{\"@type\":\"ListItem\",\"position\":2,\"name\":\"Direito Empresarial P\u00fablico e Direito Ambiental\"}]},{\"@type\":\"WebSite\",\"@id\":\"https:\/\/www.steeringlegal.com\/pt-br\/#website\",\"url\":\"https:\/\/www.steeringlegal.com\/pt-br\/\",\"name\":\"steeringlegal\",\"description\":\"Integrating Law into Business\",\"publisher\":{\"@id\":\"https:\/\/www.steeringlegal.com\/pt-br\/#organization\"},\"potentialAction\":[{\"@type\":\"SearchAction\",\"target\":{\"@type\":\"EntryPoint\",\"urlTemplate\":\"https:\/\/www.steeringlegal.com\/pt-br\/?s={search_term_string}\"},\"query-input\":{\"@type\":\"PropertyValueSpecification\",\"valueRequired\":true,\"valueName\":\"search_term_string\"}}],\"inLanguage\":\"pt-BR\"},{\"@type\":\"Organization\",\"@id\":\"https:\/\/www.steeringlegal.com\/pt-br\/#organization\",\"name\":\"Steering Legal\",\"url\":\"https:\/\/www.steeringlegal.com\/pt-br\/\",\"logo\":{\"@type\":\"ImageObject\",\"inLanguage\":\"pt-BR\",\"@id\":\"https:\/\/www.steeringlegal.com\/pt-br\/#\/schema\/logo\/image\/\",\"url\":\"https:\/\/www.steeringlegal.com\/wp-content\/uploads\/2019\/11\/logo-steering-couleur-1.jpg\",\"contentUrl\":\"https:\/\/www.steeringlegal.com\/wp-content\/uploads\/2019\/11\/logo-steering-couleur-1.jpg\",\"width\":2176,\"height\":1137,\"caption\":\"Steering Legal\"},\"image\":{\"@id\":\"https:\/\/www.steeringlegal.com\/pt-br\/#\/schema\/logo\/image\/\"},\"sameAs\":[\"https:\/\/www.linkedin.com\/company\/steering-law-firm\/?viewAsMember=true\"]}]}<\/script>\n<!-- \/ Yoast SEO plugin. -->","yoast_head_json":{"title":"Cabinet avocat droit public des affaires Paris, Dubai, Niamey, Rio de Janeiro | Steering Legal","description":"Cabinet d'avocat international sp\u00e9cialis\u00e9 en droit public des affaires : droit administratif, urbanisme, contrats publics et environnement. Bureaux \u00e0 Paris, Angers, Marseille mais aussi en Afrique, Am\u00e9rique du sud et au Moyen Orient","robots":{"index":"index","follow":"follow","max-snippet":"max-snippet:-1","max-image-preview":"max-image-preview:large","max-video-preview":"max-video-preview:-1"},"canonical":"https:\/\/www.steeringlegal.com\/pt-br\/direito-empresarial-publico-e-direito-ambiental\/","og_locale":"pt_BR","og_type":"article","og_title":"Cabinet avocat droit public des affaires Paris, Dubai, Niamey, Rio de Janeiro | Steering Legal","og_description":"Cabinet d'avocat international sp\u00e9cialis\u00e9 en droit public des affaires : droit administratif, urbanisme, contrats publics et environnement. Bureaux \u00e0 Paris, Angers, Marseille mais aussi en Afrique, Am\u00e9rique du sud et au Moyen Orient","og_url":"https:\/\/www.steeringlegal.com\/pt-br\/direito-empresarial-publico-e-direito-ambiental\/","og_site_name":"steeringlegal","article_modified_time":"2021-06-14T15:11:38+00:00","twitter_card":"summary_large_image","twitter_misc":{"Est. tempo de leitura":"1 minuto"},"schema":{"@context":"https:\/\/schema.org","@graph":[{"@type":"WebPage","@id":"https:\/\/www.steeringlegal.com\/pt-br\/direito-empresarial-publico-e-direito-ambiental\/","url":"https:\/\/www.steeringlegal.com\/pt-br\/direito-empresarial-publico-e-direito-ambiental\/","name":"Cabinet avocat droit public des affaires Paris, Dubai, Niamey, Rio de Janeiro | Steering Legal","isPartOf":{"@id":"https:\/\/www.steeringlegal.com\/pt-br\/#website"},"datePublished":"2018-06-06T15:53:36+00:00","dateModified":"2021-06-14T15:11:38+00:00","description":"Cabinet d'avocat international sp\u00e9cialis\u00e9 en droit public des affaires : droit administratif, urbanisme, contrats publics et environnement. Bureaux \u00e0 Paris, Angers, Marseille mais aussi en Afrique, Am\u00e9rique du sud et au Moyen Orient","breadcrumb":{"@id":"https:\/\/www.steeringlegal.com\/pt-br\/direito-empresarial-publico-e-direito-ambiental\/#breadcrumb"},"inLanguage":"pt-BR","potentialAction":[{"@type":"ReadAction","target":["https:\/\/www.steeringlegal.com\/pt-br\/direito-empresarial-publico-e-direito-ambiental\/"]}]},{"@type":"BreadcrumbList","@id":"https:\/\/www.steeringlegal.com\/pt-br\/direito-empresarial-publico-e-direito-ambiental\/#breadcrumb","itemListElement":[{"@type":"ListItem","position":1,"name":"Accueil","item":"https:\/\/www.steeringlegal.com\/pt-br\/"},{"@type":"ListItem","position":2,"name":"Direito Empresarial P\u00fablico e Direito Ambiental"}]},{"@type":"WebSite","@id":"https:\/\/www.steeringlegal.com\/pt-br\/#website","url":"https:\/\/www.steeringlegal.com\/pt-br\/","name":"steeringlegal","description":"Integrating Law into Business","publisher":{"@id":"https:\/\/www.steeringlegal.com\/pt-br\/#organization"},"potentialAction":[{"@type":"SearchAction","target":{"@type":"EntryPoint","urlTemplate":"https:\/\/www.steeringlegal.com\/pt-br\/?s={search_term_string}"},"query-input":{"@type":"PropertyValueSpecification","valueRequired":true,"valueName":"search_term_string"}}],"inLanguage":"pt-BR"},{"@type":"Organization","@id":"https:\/\/www.steeringlegal.com\/pt-br\/#organization","name":"Steering Legal","url":"https:\/\/www.steeringlegal.com\/pt-br\/","logo":{"@type":"ImageObject","inLanguage":"pt-BR","@id":"https:\/\/www.steeringlegal.com\/pt-br\/#\/schema\/logo\/image\/","url":"https:\/\/www.steeringlegal.com\/wp-content\/uploads\/2019\/11\/logo-steering-couleur-1.jpg","contentUrl":"https:\/\/www.steeringlegal.com\/wp-content\/uploads\/2019\/11\/logo-steering-couleur-1.jpg","width":2176,"height":1137,"caption":"Steering Legal"},"image":{"@id":"https:\/\/www.steeringlegal.com\/pt-br\/#\/schema\/logo\/image\/"},"sameAs":["https:\/\/www.linkedin.com\/company\/steering-law-firm\/?viewAsMember=true"]}]}},"_links":{"self":[{"href":"https:\/\/www.steeringlegal.com\/pt-br\/wp-json\/wp\/v2\/pages\/14048","targetHints":{"allow":["GET"]}}],"collection":[{"href":"https:\/\/www.steeringlegal.com\/pt-br\/wp-json\/wp\/v2\/pages"}],"about":[{"href":"https:\/\/www.steeringlegal.com\/pt-br\/wp-json\/wp\/v2\/types\/page"}],"author":[{"embeddable":true,"href":"https:\/\/www.steeringlegal.com\/pt-br\/wp-json\/wp\/v2\/users\/1"}],"replies":[{"embeddable":true,"href":"https:\/\/www.steeringlegal.com\/pt-br\/wp-json\/wp\/v2\/comments?post=14048"}],"version-history":[{"count":3,"href":"https:\/\/www.steeringlegal.com\/pt-br\/wp-json\/wp\/v2\/pages\/14048\/revisions"}],"predecessor-version":[{"id":18785,"href":"https:\/\/www.steeringlegal.com\/pt-br\/wp-json\/wp\/v2\/pages\/14048\/revisions\/18785"}],"wp:attachment":[{"href":"https:\/\/www.steeringlegal.com\/pt-br\/wp-json\/wp\/v2\/media?parent=14048"}],"curies":[{"name":"wp","href":"https:\/\/api.w.org\/{rel}","templated":true}]}}