{"id":14057,"date":"2018-06-06T16:59:19","date_gmt":"2018-06-06T15:59:19","guid":{"rendered":"http:\/\/6j8hlawrdh.preview.infomaniak.website\/?page_id=14057"},"modified":"2025-04-11T09:10:05","modified_gmt":"2025-04-11T07:10:05","slug":"o-escritorio","status":"publish","type":"page","link":"https:\/\/www.steeringlegal.com\/pt-br\/o-escritorio\/","title":{"rendered":"O escritorio"},"content":{"rendered":"\t\t<div data-elementor-type=\"wp-page\" data-elementor-id=\"14057\" class=\"elementor elementor-14057 elementor-13586\" data-elementor-post-type=\"page\">\n\t\t\t\t\t\t<section class=\"elementor-section elementor-top-section elementor-element elementor-element-a3cad9b elementor-section-boxed elementor-section-height-default elementor-section-height-default\" data-id=\"a3cad9b\" data-element_type=\"section\">\n\t\t\t\t\t\t<div class=\"elementor-container elementor-column-gap-default\">\n\t\t\t\t\t<div class=\"elementor-column elementor-col-100 elementor-top-column elementor-element elementor-element-de52383\" data-id=\"de52383\" data-element_type=\"column\">\n\t\t\t<div class=\"elementor-widget-wrap elementor-element-populated\">\n\t\t\t\t\t\t<div class=\"elementor-element elementor-element-0a1dd3c elementor-widget elementor-widget-heading\" data-id=\"0a1dd3c\" data-element_type=\"widget\" data-widget_type=\"heading.default\">\n\t\t\t\t<div class=\"elementor-widget-container\">\n\t\t\t\t\t<h2 class=\"elementor-heading-title elementor-size-default\">Steering Legal \u00e9 um escrit\u00f3rio de advocacia empresarial independente e multidisciplinar fundado em 2015 por advogados dos principais escrit\u00f3rios internacionais de advocacia empresarial.<\/h2>\t\t\t\t<\/div>\n\t\t\t\t<\/div>\n\t\t\t\t\t<\/div>\n\t\t<\/div>\n\t\t\t\t\t<\/div>\n\t\t<\/section>\n\t\t\t\t<section class=\"elementor-section elementor-top-section elementor-element elementor-element-2bfab09 elementor-section-boxed elementor-section-height-default elementor-section-height-default\" data-id=\"2bfab09\" data-element_type=\"section\">\n\t\t\t\t\t\t<div class=\"elementor-container elementor-column-gap-default\">\n\t\t\t\t\t<div class=\"elementor-column elementor-col-100 elementor-top-column elementor-element elementor-element-281e241\" data-id=\"281e241\" data-element_type=\"column\">\n\t\t\t<div class=\"elementor-widget-wrap elementor-element-populated\">\n\t\t\t\t\t\t<div class=\"elementor-element elementor-element-1beb0cd elementor-widget elementor-widget-heading\" data-id=\"1beb0cd\" data-element_type=\"widget\" data-widget_type=\"heading.default\">\n\t\t\t\t<div class=\"elementor-widget-container\">\n\t\t\t\t\t<h2 class=\"elementor-heading-title elementor-size-default\">Steering Legal oferece a seus clientes uma abordagem din\u00e2mica de consultoria e assist\u00eancia jur\u00eddica e atua ao lado deles como um parceiro verdadeiramente competente e confi\u00e1vel.<\/h2>\t\t\t\t<\/div>\n\t\t\t\t<\/div>\n\t\t\t\t\t<\/div>\n\t\t<\/div>\n\t\t\t\t\t<\/div>\n\t\t<\/section>\n\t\t\t\t<section class=\"elementor-section elementor-top-section elementor-element elementor-element-0f4d585 elementor-section-boxed elementor-section-height-default elementor-section-height-default\" data-id=\"0f4d585\" data-element_type=\"section\">\n\t\t\t\t\t\t<div class=\"elementor-container elementor-column-gap-default\">\n\t\t\t\t\t<div class=\"elementor-column elementor-col-100 elementor-top-column elementor-element elementor-element-5fc2bf3\" data-id=\"5fc2bf3\" data-element_type=\"column\">\n\t\t\t<div class=\"elementor-widget-wrap elementor-element-populated\">\n\t\t\t\t\t\t<div class=\"elementor-element elementor-element-305124e elementor-widget elementor-widget-heading\" data-id=\"305124e\" data-element_type=\"widget\" data-widget_type=\"heading.default\">\n\t\t\t\t<div class=\"elementor-widget-container\">\n\t\t\t\t\t<h2 class=\"elementor-heading-title elementor-size-default\">O alto n\u00edvel de especializa\u00e7\u00e3o desenvolvido pelas equipes, combinado com um alto grau de fluidez nas rela\u00e7\u00f5es, garante o gerenciamento eficiente de casos complexos e estrat\u00e9gicos.<\/h2>\t\t\t\t<\/div>\n\t\t\t\t<\/div>\n\t\t\t\t\t<\/div>\n\t\t<\/div>\n\t\t\t\t\t<\/div>\n\t\t<\/section>\n\t\t\t\t<section class=\"elementor-section elementor-top-section elementor-element elementor-element-d10c4f5 elementor-section-boxed elementor-section-height-default elementor-section-height-default\" data-id=\"d10c4f5\" data-element_type=\"section\">\n\t\t\t\t\t\t<div class=\"elementor-container elementor-column-gap-default\">\n\t\t\t\t\t<div class=\"elementor-column elementor-col-100 elementor-top-column elementor-element elementor-element-b8945c5\" data-id=\"b8945c5\" data-element_type=\"column\">\n\t\t\t<div class=\"elementor-widget-wrap elementor-element-populated\">\n\t\t\t\t\t\t<div class=\"elementor-element elementor-element-f44d3fa elementor-widget elementor-widget-spacer\" data-id=\"f44d3fa\" data-element_type=\"widget\" data-widget_type=\"spacer.default\">\n\t\t\t\t<div class=\"elementor-widget-container\">\n\t\t\t\t\t\t\t<div class=\"elementor-spacer\">\n\t\t\t<div class=\"elementor-spacer-inner\"><\/div>\n\t\t<\/div>\n\t\t\t\t\t\t<\/div>\n\t\t\t\t<\/div>\n\t\t\t\t\t<\/div>\n\t\t<\/div>\n\t\t\t\t\t<\/div>\n\t\t<\/section>\n\t\t\t\t<section class=\"elementor-section elementor-top-section elementor-element elementor-element-febd1cf elementor-section-boxed elementor-section-height-default elementor-section-height-default\" data-id=\"febd1cf\" data-element_type=\"section\">\n\t\t\t\t\t\t<div class=\"elementor-container elementor-column-gap-default\">\n\t\t\t\t\t<div class=\"elementor-column elementor-col-50 elementor-top-column elementor-element elementor-element-9cb7a97\" data-id=\"9cb7a97\" data-element_type=\"column\" data-settings=\"{&quot;background_background&quot;:&quot;classic&quot;}\">\n\t\t\t<div class=\"elementor-widget-wrap elementor-element-populated\">\n\t\t\t\t\t\t<div class=\"elementor-element elementor-element-54a8c6c elementor-widget elementor-widget-text-editor\" data-id=\"54a8c6c\" data-element_type=\"widget\" data-widget_type=\"text-editor.default\">\n\t\t\t\t<div class=\"elementor-widget-container\">\n\t\t\t\t\t\t\t\t\t<h2 style=\"text-align: center;\"><strong style=\"color: var( --e-global-color-accent );\"><span style=\"color: #366d9f;\">Uma presen\u00e7a nacional e<br \/>internacional<\/span><\/strong><\/h2><div>\u00a0<\/div><div>\u00a0<\/div><ul><li><strong>Os escrit\u00f3rios em <a href=\"https:\/\/www.steeringlegal.com\/pt-br\/notre-cabinet-davocats-daffaires-a-paris\/\">Paris<\/a> e nas prov\u00edncias<\/strong> garantem uma proximidade com os clientes e um acompanhamento quotidiano.<\/li><li><strong>Uma presen\u00e7a no <a href=\"https:\/\/www.steeringlegal.com\/pt-br\/o-nosso-escritorio-de-advogados-de-negocios-nos-emirados-arabes-unidos\/\">M\u00e9dio Oriente,<\/a> em <a href=\"https:\/\/www.steeringlegal.com\/pt-br\/enderecos\/\">\u00c1frica<\/a> e na <a href=\"https:\/\/www.steeringlegal.com\/pt-br\/enderecos\/\">Am\u00e9rica do Sul,<\/a><\/strong> onde adquirimos experi\u00eancia e conhecimento dos procedimentos.<\/li><li><strong>Correspondentes na \u00c1sia<\/strong> (China, Taiwan, Hong Kong, Jap\u00e3o) para responder \u00e0s necessidades de expans\u00e3o dos nossos clientes nos mercados internacionais.<\/li><\/ul>\t\t\t\t\t\t\t\t<\/div>\n\t\t\t\t<\/div>\n\t\t\t\t\t<\/div>\n\t\t<\/div>\n\t\t\t\t<div class=\"elementor-column elementor-col-50 elementor-top-column elementor-element elementor-element-7936cae\" data-id=\"7936cae\" data-element_type=\"column\" data-settings=\"{&quot;background_background&quot;:&quot;classic&quot;}\">\n\t\t\t<div class=\"elementor-widget-wrap elementor-element-populated\">\n\t\t\t\t\t\t<div class=\"elementor-element elementor-element-fb9df05 elementor-widget elementor-widget-text-editor\" data-id=\"fb9df05\" data-element_type=\"widget\" data-widget_type=\"text-editor.default\">\n\t\t\t\t<div class=\"elementor-widget-container\">\n\t\t\t\t\t\t\t\t\t<h2 style=\"text-align: center;\"><strong><span style=\"color: #366d9f;\">Cerca de 80 advogados e consultores jur\u00eddicos <\/span><\/strong><strong><span style=\"color: #366d9f;\">envolvidos em consultoria, contencioso e arbitragem<\/span><\/strong><\/h2><p>\u00a0<\/p><p>O escrit\u00f3rio acompanha numerosos <strong>grupos franceses e internacionais<\/strong> que desejam investir em Fran\u00e7a e no mundo.<\/p><p>Gra\u00e7as<strong> \u00e0 experi\u00eancia internacional dos seus colaboradores e s\u00f3cios,<\/strong> o escrit\u00f3rio oferece a todos os seus clientes em Fran\u00e7a e no estrangeiro, nomeadamente nos mercados emergentes, um acompanhamento personalizado e seguro, gra\u00e7as \u00e0 sua reconhecida compet\u00eancia em mat\u00e9ria de estrutura\u00e7\u00e3o internacional e de contratos transfronteiri\u00e7os.<\/p>\t\t\t\t\t\t\t\t<\/div>\n\t\t\t\t<\/div>\n\t\t\t\t\t<\/div>\n\t\t<\/div>\n\t\t\t\t\t<\/div>\n\t\t<\/section>\n\t\t\t\t<section class=\"elementor-section elementor-top-section elementor-element elementor-element-80d56b4 elementor-section-boxed elementor-section-height-default elementor-section-height-default\" data-id=\"80d56b4\" data-element_type=\"section\">\n\t\t\t\t\t\t<div class=\"elementor-container elementor-column-gap-default\">\n\t\t\t\t\t<div class=\"elementor-column elementor-col-100 elementor-top-column elementor-element elementor-element-8ff6295\" data-id=\"8ff6295\" data-element_type=\"column\">\n\t\t\t<div class=\"elementor-widget-wrap\">\n\t\t\t\t\t\t\t<\/div>\n\t\t<\/div>\n\t\t\t\t\t<\/div>\n\t\t<\/section>\n\t\t\t\t<\/div>\n\t\t","protected":false},"excerpt":{"rendered":"<p>Steering Legal \u00e9 um escrit\u00f3rio de advocacia empresarial independente e multidisciplinar fundado em 2015 por advogados dos principais escrit\u00f3rios internacionais de advocacia empresarial. Steering Legal[&#8230;] <br \/><a class=\"readmore\" href=\"https:\/\/www.steeringlegal.com\/pt-br\/o-escritorio\/\"><\/a><\/p>\n","protected":false},"author":1,"featured_media":0,"parent":0,"menu_order":0,"comment_status":"closed","ping_status":"closed","template":"","meta":{"_acf_changed":false,"footnotes":""},"class_list":["post-14057","page","type-page","status-publish","hentry"],"acf":[],"yoast_head":"<!-- This site is optimized with the Yoast SEO plugin v27.0 - https:\/\/yoast.com\/product\/yoast-seo-wordpress\/ -->\n<title>O escritorio | steeringlegal<\/title>\n<meta name=\"robots\" content=\"index, follow, max-snippet:-1, max-image-preview:large, max-video-preview:-1\" \/>\n<link rel=\"canonical\" href=\"https:\/\/www.steeringlegal.com\/pt-br\/o-escritorio\/\" \/>\n<meta property=\"og:locale\" content=\"pt_BR\" \/>\n<meta property=\"og:type\" content=\"article\" \/>\n<meta property=\"og:title\" content=\"O escritorio | steeringlegal\" \/>\n<meta property=\"og:description\" content=\"Steering Legal \u00e9 um escrit\u00f3rio de advocacia empresarial independente e multidisciplinar fundado em 2015 por advogados dos principais escrit\u00f3rios internacionais de advocacia empresarial. Steering Legal[...]\" \/>\n<meta property=\"og:url\" content=\"https:\/\/www.steeringlegal.com\/pt-br\/o-escritorio\/\" \/>\n<meta property=\"og:site_name\" content=\"steeringlegal\" \/>\n<meta property=\"article:modified_time\" content=\"2025-04-11T07:10:05+00:00\" \/>\n<meta name=\"twitter:card\" content=\"summary_large_image\" \/>\n<meta name=\"twitter:label1\" content=\"Est. tempo de leitura\" \/>\n\t<meta name=\"twitter:data1\" content=\"1 minuto\" \/>\n<script type=\"application\/ld+json\" class=\"yoast-schema-graph\">{\"@context\":\"https:\/\/schema.org\",\"@graph\":[{\"@type\":\"WebPage\",\"@id\":\"https:\/\/www.steeringlegal.com\/pt-br\/o-escritorio\/\",\"url\":\"https:\/\/www.steeringlegal.com\/pt-br\/o-escritorio\/\",\"name\":\"O escritorio | steeringlegal\",\"isPartOf\":{\"@id\":\"https:\/\/www.steeringlegal.com\/pt-br\/#website\"},\"datePublished\":\"2018-06-06T15:59:19+00:00\",\"dateModified\":\"2025-04-11T07:10:05+00:00\",\"breadcrumb\":{\"@id\":\"https:\/\/www.steeringlegal.com\/pt-br\/o-escritorio\/#breadcrumb\"},\"inLanguage\":\"pt-BR\",\"potentialAction\":[{\"@type\":\"ReadAction\",\"target\":[\"https:\/\/www.steeringlegal.com\/pt-br\/o-escritorio\/\"]}]},{\"@type\":\"BreadcrumbList\",\"@id\":\"https:\/\/www.steeringlegal.com\/pt-br\/o-escritorio\/#breadcrumb\",\"itemListElement\":[{\"@type\":\"ListItem\",\"position\":1,\"name\":\"Accueil\",\"item\":\"https:\/\/www.steeringlegal.com\/pt-br\/\"},{\"@type\":\"ListItem\",\"position\":2,\"name\":\"O escritorio\"}]},{\"@type\":\"WebSite\",\"@id\":\"https:\/\/www.steeringlegal.com\/pt-br\/#website\",\"url\":\"https:\/\/www.steeringlegal.com\/pt-br\/\",\"name\":\"steeringlegal\",\"description\":\"Integrating Law into Business\",\"publisher\":{\"@id\":\"https:\/\/www.steeringlegal.com\/pt-br\/#organization\"},\"potentialAction\":[{\"@type\":\"SearchAction\",\"target\":{\"@type\":\"EntryPoint\",\"urlTemplate\":\"https:\/\/www.steeringlegal.com\/pt-br\/?s={search_term_string}\"},\"query-input\":{\"@type\":\"PropertyValueSpecification\",\"valueRequired\":true,\"valueName\":\"search_term_string\"}}],\"inLanguage\":\"pt-BR\"},{\"@type\":\"Organization\",\"@id\":\"https:\/\/www.steeringlegal.com\/pt-br\/#organization\",\"name\":\"Steering Legal\",\"url\":\"https:\/\/www.steeringlegal.com\/pt-br\/\",\"logo\":{\"@type\":\"ImageObject\",\"inLanguage\":\"pt-BR\",\"@id\":\"https:\/\/www.steeringlegal.com\/pt-br\/#\/schema\/logo\/image\/\",\"url\":\"https:\/\/www.steeringlegal.com\/wp-content\/uploads\/2019\/11\/logo-steering-couleur-1.jpg\",\"contentUrl\":\"https:\/\/www.steeringlegal.com\/wp-content\/uploads\/2019\/11\/logo-steering-couleur-1.jpg\",\"width\":2176,\"height\":1137,\"caption\":\"Steering Legal\"},\"image\":{\"@id\":\"https:\/\/www.steeringlegal.com\/pt-br\/#\/schema\/logo\/image\/\"},\"sameAs\":[\"https:\/\/www.linkedin.com\/company\/steering-law-firm\/?viewAsMember=true\"]}]}<\/script>\n<!-- \/ Yoast SEO plugin. -->","yoast_head_json":{"title":"O escritorio | steeringlegal","robots":{"index":"index","follow":"follow","max-snippet":"max-snippet:-1","max-image-preview":"max-image-preview:large","max-video-preview":"max-video-preview:-1"},"canonical":"https:\/\/www.steeringlegal.com\/pt-br\/o-escritorio\/","og_locale":"pt_BR","og_type":"article","og_title":"O escritorio | steeringlegal","og_description":"Steering Legal \u00e9 um escrit\u00f3rio de advocacia empresarial independente e multidisciplinar fundado em 2015 por advogados dos principais escrit\u00f3rios internacionais de advocacia empresarial. Steering Legal[...]","og_url":"https:\/\/www.steeringlegal.com\/pt-br\/o-escritorio\/","og_site_name":"steeringlegal","article_modified_time":"2025-04-11T07:10:05+00:00","twitter_card":"summary_large_image","twitter_misc":{"Est. tempo de leitura":"1 minuto"},"schema":{"@context":"https:\/\/schema.org","@graph":[{"@type":"WebPage","@id":"https:\/\/www.steeringlegal.com\/pt-br\/o-escritorio\/","url":"https:\/\/www.steeringlegal.com\/pt-br\/o-escritorio\/","name":"O escritorio | steeringlegal","isPartOf":{"@id":"https:\/\/www.steeringlegal.com\/pt-br\/#website"},"datePublished":"2018-06-06T15:59:19+00:00","dateModified":"2025-04-11T07:10:05+00:00","breadcrumb":{"@id":"https:\/\/www.steeringlegal.com\/pt-br\/o-escritorio\/#breadcrumb"},"inLanguage":"pt-BR","potentialAction":[{"@type":"ReadAction","target":["https:\/\/www.steeringlegal.com\/pt-br\/o-escritorio\/"]}]},{"@type":"BreadcrumbList","@id":"https:\/\/www.steeringlegal.com\/pt-br\/o-escritorio\/#breadcrumb","itemListElement":[{"@type":"ListItem","position":1,"name":"Accueil","item":"https:\/\/www.steeringlegal.com\/pt-br\/"},{"@type":"ListItem","position":2,"name":"O escritorio"}]},{"@type":"WebSite","@id":"https:\/\/www.steeringlegal.com\/pt-br\/#website","url":"https:\/\/www.steeringlegal.com\/pt-br\/","name":"steeringlegal","description":"Integrating Law into Business","publisher":{"@id":"https:\/\/www.steeringlegal.com\/pt-br\/#organization"},"potentialAction":[{"@type":"SearchAction","target":{"@type":"EntryPoint","urlTemplate":"https:\/\/www.steeringlegal.com\/pt-br\/?s={search_term_string}"},"query-input":{"@type":"PropertyValueSpecification","valueRequired":true,"valueName":"search_term_string"}}],"inLanguage":"pt-BR"},{"@type":"Organization","@id":"https:\/\/www.steeringlegal.com\/pt-br\/#organization","name":"Steering Legal","url":"https:\/\/www.steeringlegal.com\/pt-br\/","logo":{"@type":"ImageObject","inLanguage":"pt-BR","@id":"https:\/\/www.steeringlegal.com\/pt-br\/#\/schema\/logo\/image\/","url":"https:\/\/www.steeringlegal.com\/wp-content\/uploads\/2019\/11\/logo-steering-couleur-1.jpg","contentUrl":"https:\/\/www.steeringlegal.com\/wp-content\/uploads\/2019\/11\/logo-steering-couleur-1.jpg","width":2176,"height":1137,"caption":"Steering Legal"},"image":{"@id":"https:\/\/www.steeringlegal.com\/pt-br\/#\/schema\/logo\/image\/"},"sameAs":["https:\/\/www.linkedin.com\/company\/steering-law-firm\/?viewAsMember=true"]}]}},"_links":{"self":[{"href":"https:\/\/www.steeringlegal.com\/pt-br\/wp-json\/wp\/v2\/pages\/14057","targetHints":{"allow":["GET"]}}],"collection":[{"href":"https:\/\/www.steeringlegal.com\/pt-br\/wp-json\/wp\/v2\/pages"}],"about":[{"href":"https:\/\/www.steeringlegal.com\/pt-br\/wp-json\/wp\/v2\/types\/page"}],"author":[{"embeddable":true,"href":"https:\/\/www.steeringlegal.com\/pt-br\/wp-json\/wp\/v2\/users\/1"}],"replies":[{"embeddable":true,"href":"https:\/\/www.steeringlegal.com\/pt-br\/wp-json\/wp\/v2\/comments?post=14057"}],"version-history":[{"count":3,"href":"https:\/\/www.steeringlegal.com\/pt-br\/wp-json\/wp\/v2\/pages\/14057\/revisions"}],"predecessor-version":[{"id":39312,"href":"https:\/\/www.steeringlegal.com\/pt-br\/wp-json\/wp\/v2\/pages\/14057\/revisions\/39312"}],"wp:attachment":[{"href":"https:\/\/www.steeringlegal.com\/pt-br\/wp-json\/wp\/v2\/media?parent=14057"}],"curies":[{"name":"wp","href":"https:\/\/api.w.org\/{rel}","templated":true}]}}