{"id":14060,"date":"2018-06-06T17:01:16","date_gmt":"2018-06-06T16:01:16","guid":{"rendered":"http:\/\/6j8hlawrdh.preview.infomaniak.website\/?page_id=14060"},"modified":"2024-06-05T16:04:04","modified_gmt":"2024-06-05T14:04:04","slug":"avisos-legais","status":"publish","type":"page","link":"https:\/\/www.steeringlegal.com\/pt-br\/avisos-legais\/","title":{"rendered":"Avisos legais"},"content":{"rendered":"<h3><span style=\"color: #003366;\"><strong>EDITOR DE SITE<\/strong><\/span><\/h3>\n<p><strong>Escrit\u00f3rio Steering Legal<\/strong>: Sociedade de advogados de responsabilidade profissional individual, SIREN 813 192 200 00018 &#8211; Endere\u00e7o: 20, rue Fortuny 75017 PARIS &#8211; Telefone: +33 (0) 1 45 05 15 65 &#8211; E-mail: paris@steeringlegal.com<\/p>\n<p><strong>Director de publica\u00e7\u00e3o do site<\/strong>: Nuno de Ayala Boaventura, advogado em Paris, 20, rue Fortuny 75017 Paris &#8211; Telefone: +33 (0) 1 45 05 15 65 &#8211; E-mail: paris@steeringlegal.com<\/p>\n<p><strong>Hospedagem<\/strong>: Infomaniak Network SA, Rue Eug\u00e8ne-Marziano, 25, CH &#8211; 1227 Gen\u00e8ve &#8211; Su\u00ed\u00e7a<\/p>\n<h3><span style=\"color: #003366;\"><strong>TERMOS DE USO DO SITE<\/strong><\/span><\/h3>\n<p><strong>Prote\u00e7\u00e3o de dados pessoais<\/strong><\/p>\n<p>A Steering Legal atribui grande import\u00e2ncia \u00e0 prote\u00e7\u00e3o de dados pessoais.<\/p>\n<p>A pol\u00edtica de privacidade cont\u00e9m todas as informa\u00e7\u00f5es relativas ao processamento de dados pessoais por Steering Legal, como respons\u00e1vel pelo controle de dados, no website.<\/p>\n<p><strong>Cookies<\/strong><\/p>\n<p>Cookies s\u00e3o rastreadores depositados no equipamento terminal de um usu\u00e1rio durante a consulta do site. Os cookies utilizados no site s\u00e3o cookies de terceiros para o estabelecimento de estat\u00edsticas de atendimento e para armazenar informa\u00e7\u00f5es em um formul\u00e1rio que voc\u00ea preencheu no local.<\/p>\n<p>O usuario tem a op\u00e7\u00e3o de gerenciar os cookies por ele aceitos, configurando seu navegador para aceit\u00e1-los ou rejeit\u00e1-los. o usuario tamb\u00e9m pode exclu\u00ed-los. No entanto, se o usuario recusar os cookies, a empresa Steering Legal n\u00e3o pode ser responsabilizada por falta de acesso a certos recursos do site.<\/p>\n<h3><span style=\"color: #000000;\">Propriedade intelectual<\/span><\/h3>\n<p>Todos os elementos (textos, logotipos, imagens, elementos sonoros, etc.) presentes no site s\u00e3o de propriedade exclusiva da Steering Legal. Eles s\u00e3o protegidos pela lei de propriedade intelectual. Como tal, sem autoriza\u00e7\u00e3o pr\u00e9via por escrito, voc\u00ea n\u00e3o pode reproduzir, representar, adaptar, traduzir e\/ou transformar, parcial ou totalmente, ou transferir para outro site, qualquer um dos elementos que comp\u00f5em o site.<\/p>\n<p>O n\u00e3o cumprimento desta proibi\u00e7\u00e3o pode constituir um ato de contrafa\u00e7\u00e3o pelo qual voc\u00ea pode ser civil e criminalmente respons\u00e1vel. De acordo com as disposi\u00e7\u00f5es do C\u00f3digo de Propriedade Intelectual, somente o uso dos elementos que comp\u00f5em o site \u00e9 autorizado para fins estritamente pessoais.<\/p>\n","protected":false},"excerpt":{"rendered":"<p>EDITOR DE SITE Escrit\u00f3rio Steering Legal: Sociedade de advogados de responsabilidade profissional individual, SIREN 813 192 200 00018 &#8211; Endere\u00e7o: 20, rue Fortuny 75017 PARIS[&#8230;] <br \/><a class=\"readmore\" href=\"https:\/\/www.steeringlegal.com\/pt-br\/avisos-legais\/\"><\/a><\/p>\n","protected":false},"author":1,"featured_media":0,"parent":0,"menu_order":0,"comment_status":"closed","ping_status":"open","template":"","meta":{"_acf_changed":false,"footnotes":""},"class_list":["post-14060","page","type-page","status-publish","hentry"],"acf":[],"yoast_head":"<!-- This site is optimized with the Yoast SEO plugin v27.0 - https:\/\/yoast.com\/product\/yoast-seo-wordpress\/ -->\n<title>Avisos legais | steeringlegal<\/title>\n<meta name=\"robots\" content=\"index, follow, max-snippet:-1, max-image-preview:large, max-video-preview:-1\" \/>\n<link rel=\"canonical\" href=\"https:\/\/www.steeringlegal.com\/pt-br\/avisos-legais\/\" \/>\n<meta property=\"og:locale\" content=\"pt_BR\" \/>\n<meta property=\"og:type\" content=\"article\" \/>\n<meta property=\"og:title\" content=\"Avisos legais | steeringlegal\" \/>\n<meta property=\"og:description\" content=\"EDITOR DE SITE Escrit\u00f3rio Steering Legal: Sociedade de advogados de responsabilidade profissional individual, SIREN 813 192 200 00018 &#8211; Endere\u00e7o: 20, rue Fortuny 75017 PARIS[...]\" \/>\n<meta property=\"og:url\" content=\"https:\/\/www.steeringlegal.com\/pt-br\/avisos-legais\/\" \/>\n<meta property=\"og:site_name\" content=\"steeringlegal\" \/>\n<meta property=\"article:modified_time\" content=\"2024-06-05T14:04:04+00:00\" \/>\n<meta name=\"twitter:card\" content=\"summary_large_image\" \/>\n<meta name=\"twitter:label1\" content=\"Est. tempo de leitura\" \/>\n\t<meta name=\"twitter:data1\" content=\"2 minutos\" \/>\n<script type=\"application\/ld+json\" class=\"yoast-schema-graph\">{\"@context\":\"https:\/\/schema.org\",\"@graph\":[{\"@type\":\"WebPage\",\"@id\":\"https:\/\/www.steeringlegal.com\/pt-br\/avisos-legais\/\",\"url\":\"https:\/\/www.steeringlegal.com\/pt-br\/avisos-legais\/\",\"name\":\"Avisos legais | steeringlegal\",\"isPartOf\":{\"@id\":\"https:\/\/www.steeringlegal.com\/pt-br\/#website\"},\"datePublished\":\"2018-06-06T16:01:16+00:00\",\"dateModified\":\"2024-06-05T14:04:04+00:00\",\"breadcrumb\":{\"@id\":\"https:\/\/www.steeringlegal.com\/pt-br\/avisos-legais\/#breadcrumb\"},\"inLanguage\":\"pt-BR\",\"potentialAction\":[{\"@type\":\"ReadAction\",\"target\":[\"https:\/\/www.steeringlegal.com\/pt-br\/avisos-legais\/\"]}]},{\"@type\":\"BreadcrumbList\",\"@id\":\"https:\/\/www.steeringlegal.com\/pt-br\/avisos-legais\/#breadcrumb\",\"itemListElement\":[{\"@type\":\"ListItem\",\"position\":1,\"name\":\"Accueil\",\"item\":\"https:\/\/www.steeringlegal.com\/pt-br\/\"},{\"@type\":\"ListItem\",\"position\":2,\"name\":\"Avisos legais\"}]},{\"@type\":\"WebSite\",\"@id\":\"https:\/\/www.steeringlegal.com\/pt-br\/#website\",\"url\":\"https:\/\/www.steeringlegal.com\/pt-br\/\",\"name\":\"steeringlegal\",\"description\":\"Integrating Law into Business\",\"publisher\":{\"@id\":\"https:\/\/www.steeringlegal.com\/pt-br\/#organization\"},\"potentialAction\":[{\"@type\":\"SearchAction\",\"target\":{\"@type\":\"EntryPoint\",\"urlTemplate\":\"https:\/\/www.steeringlegal.com\/pt-br\/?s={search_term_string}\"},\"query-input\":{\"@type\":\"PropertyValueSpecification\",\"valueRequired\":true,\"valueName\":\"search_term_string\"}}],\"inLanguage\":\"pt-BR\"},{\"@type\":\"Organization\",\"@id\":\"https:\/\/www.steeringlegal.com\/pt-br\/#organization\",\"name\":\"Steering Legal\",\"url\":\"https:\/\/www.steeringlegal.com\/pt-br\/\",\"logo\":{\"@type\":\"ImageObject\",\"inLanguage\":\"pt-BR\",\"@id\":\"https:\/\/www.steeringlegal.com\/pt-br\/#\/schema\/logo\/image\/\",\"url\":\"https:\/\/www.steeringlegal.com\/wp-content\/uploads\/2019\/11\/logo-steering-couleur-1.jpg\",\"contentUrl\":\"https:\/\/www.steeringlegal.com\/wp-content\/uploads\/2019\/11\/logo-steering-couleur-1.jpg\",\"width\":2176,\"height\":1137,\"caption\":\"Steering Legal\"},\"image\":{\"@id\":\"https:\/\/www.steeringlegal.com\/pt-br\/#\/schema\/logo\/image\/\"},\"sameAs\":[\"https:\/\/www.linkedin.com\/company\/steering-law-firm\/?viewAsMember=true\"]}]}<\/script>\n<!-- \/ Yoast SEO plugin. -->","yoast_head_json":{"title":"Avisos legais | steeringlegal","robots":{"index":"index","follow":"follow","max-snippet":"max-snippet:-1","max-image-preview":"max-image-preview:large","max-video-preview":"max-video-preview:-1"},"canonical":"https:\/\/www.steeringlegal.com\/pt-br\/avisos-legais\/","og_locale":"pt_BR","og_type":"article","og_title":"Avisos legais | steeringlegal","og_description":"EDITOR DE SITE Escrit\u00f3rio Steering Legal: Sociedade de advogados de responsabilidade profissional individual, SIREN 813 192 200 00018 &#8211; Endere\u00e7o: 20, rue Fortuny 75017 PARIS[...]","og_url":"https:\/\/www.steeringlegal.com\/pt-br\/avisos-legais\/","og_site_name":"steeringlegal","article_modified_time":"2024-06-05T14:04:04+00:00","twitter_card":"summary_large_image","twitter_misc":{"Est. tempo de leitura":"2 minutos"},"schema":{"@context":"https:\/\/schema.org","@graph":[{"@type":"WebPage","@id":"https:\/\/www.steeringlegal.com\/pt-br\/avisos-legais\/","url":"https:\/\/www.steeringlegal.com\/pt-br\/avisos-legais\/","name":"Avisos legais | steeringlegal","isPartOf":{"@id":"https:\/\/www.steeringlegal.com\/pt-br\/#website"},"datePublished":"2018-06-06T16:01:16+00:00","dateModified":"2024-06-05T14:04:04+00:00","breadcrumb":{"@id":"https:\/\/www.steeringlegal.com\/pt-br\/avisos-legais\/#breadcrumb"},"inLanguage":"pt-BR","potentialAction":[{"@type":"ReadAction","target":["https:\/\/www.steeringlegal.com\/pt-br\/avisos-legais\/"]}]},{"@type":"BreadcrumbList","@id":"https:\/\/www.steeringlegal.com\/pt-br\/avisos-legais\/#breadcrumb","itemListElement":[{"@type":"ListItem","position":1,"name":"Accueil","item":"https:\/\/www.steeringlegal.com\/pt-br\/"},{"@type":"ListItem","position":2,"name":"Avisos legais"}]},{"@type":"WebSite","@id":"https:\/\/www.steeringlegal.com\/pt-br\/#website","url":"https:\/\/www.steeringlegal.com\/pt-br\/","name":"steeringlegal","description":"Integrating Law into Business","publisher":{"@id":"https:\/\/www.steeringlegal.com\/pt-br\/#organization"},"potentialAction":[{"@type":"SearchAction","target":{"@type":"EntryPoint","urlTemplate":"https:\/\/www.steeringlegal.com\/pt-br\/?s={search_term_string}"},"query-input":{"@type":"PropertyValueSpecification","valueRequired":true,"valueName":"search_term_string"}}],"inLanguage":"pt-BR"},{"@type":"Organization","@id":"https:\/\/www.steeringlegal.com\/pt-br\/#organization","name":"Steering Legal","url":"https:\/\/www.steeringlegal.com\/pt-br\/","logo":{"@type":"ImageObject","inLanguage":"pt-BR","@id":"https:\/\/www.steeringlegal.com\/pt-br\/#\/schema\/logo\/image\/","url":"https:\/\/www.steeringlegal.com\/wp-content\/uploads\/2019\/11\/logo-steering-couleur-1.jpg","contentUrl":"https:\/\/www.steeringlegal.com\/wp-content\/uploads\/2019\/11\/logo-steering-couleur-1.jpg","width":2176,"height":1137,"caption":"Steering Legal"},"image":{"@id":"https:\/\/www.steeringlegal.com\/pt-br\/#\/schema\/logo\/image\/"},"sameAs":["https:\/\/www.linkedin.com\/company\/steering-law-firm\/?viewAsMember=true"]}]}},"_links":{"self":[{"href":"https:\/\/www.steeringlegal.com\/pt-br\/wp-json\/wp\/v2\/pages\/14060","targetHints":{"allow":["GET"]}}],"collection":[{"href":"https:\/\/www.steeringlegal.com\/pt-br\/wp-json\/wp\/v2\/pages"}],"about":[{"href":"https:\/\/www.steeringlegal.com\/pt-br\/wp-json\/wp\/v2\/types\/page"}],"author":[{"embeddable":true,"href":"https:\/\/www.steeringlegal.com\/pt-br\/wp-json\/wp\/v2\/users\/1"}],"replies":[{"embeddable":true,"href":"https:\/\/www.steeringlegal.com\/pt-br\/wp-json\/wp\/v2\/comments?post=14060"}],"version-history":[{"count":3,"href":"https:\/\/www.steeringlegal.com\/pt-br\/wp-json\/wp\/v2\/pages\/14060\/revisions"}],"predecessor-version":[{"id":34565,"href":"https:\/\/www.steeringlegal.com\/pt-br\/wp-json\/wp\/v2\/pages\/14060\/revisions\/34565"}],"wp:attachment":[{"href":"https:\/\/www.steeringlegal.com\/pt-br\/wp-json\/wp\/v2\/media?parent=14060"}],"curies":[{"name":"wp","href":"https:\/\/api.w.org\/{rel}","templated":true}]}}