{"id":15522,"date":"2018-11-20T14:57:44","date_gmt":"2018-11-20T13:57:44","guid":{"rendered":"http:\/\/6j8hlawrdh.preview.infomaniak.website\/?page_id=15522"},"modified":"2023-03-03T15:30:54","modified_gmt":"2023-03-03T14:30:54","slug":"costa-do-marfim","status":"publish","type":"page","link":"https:\/\/www.steeringlegal.com\/pt-br\/enderecos\/costa-do-marfim\/","title":{"rendered":"Costa do Marfim"},"content":{"rendered":"<div>\n<h2><span style=\"color: #356c9e;\">STEERING LEGAL Abidjan *<\/span><\/h2>\n<p><span style=\"color: #356c9e;\">Cocody les Deux-Plateaux | S<\/span><span style=\"color: #356c9e;\">OCOCE-SIDECI<\/span><br \/>\n<span style=\"color: #356c9e;\">Rue K113 &#8211; Villa 155 | <\/span><span style=\"color: #356c9e;\">08 BP 2741\u00a0<\/span><span style=\"color: #356c9e;\">Abidjan 08<\/span><br \/>\n<span style=\"color: #356c9e;\">C\u00f4te d&#8217;Ivoire<\/span><\/p>\n<\/div>\n<div>\n<p><span style=\"color: #356c9e;\">T\u00e9l. : +225 \u00a022 41 59 25<\/span><br \/>\n<span style=\"color: #356c9e;\"><a style=\"color: #356c9e;\" href=\"mailto:niamey@steeringlegal.com\">Mail : abidjan@steeringlegal.com<\/a><\/span><\/p>\n<\/div>\n<p>&nbsp;<\/p>\n<p><span style=\"color: #356c9e;\">A fim de garantir um apoio real a seus clientes, empresas francesas e europ\u00e9ias, em suas pol\u00edticas de desenvolvimento na \u00c1frica, a\u00a0<strong>Steering Legal<\/strong> se estabeleceu na Costa do Marfim em 2018, atrav\u00e9s de uma <strong>partnership com o escrit\u00f3rio de advocacia EKA, <\/strong>dirigo pelo <strong>Ma\u00eetre <a style=\"color: #356c9e;\" href=\"https:\/\/www.steeringlegal.com\/pt-br\/equipe\/kone-elie\/\">Elie Kon\u00e9<\/a><\/strong>, com quem <strong>Steering Legal<\/strong> vem colaborando h\u00e1 v\u00e1rios anos.<\/span><\/p>\n<p><span style=\"color: #356c9e;\">Desde Abidjan, a EKA est\u00e1 desenvolvendo sua atividade em todos os pa\u00edses da \u00c1frica Ocidental. Ela assiste regularmente grupos franceses e internacionais em seus investimentos locais no \u00e2mbito de :<\/span><\/p>\n<ul>\n<li><span style=\"color: #356c9e;\">Opera\u00e7\u00f5es de fus\u00f5es e aquisi\u00e7\u00f5es<\/span><\/li>\n<li><span style=\"color: #356c9e;\">Negocia\u00e7\u00f5es contratuais internacionais ou locais, em direito privado ou p\u00fablico\u00a0<\/span><\/li>\n<li><span style=\"color: #356c9e;\">Parcerias P\u00fablico-Privadas (PPP), um campo no qual ele \u00e9 particularmente bem conhecido<\/span><\/li>\n<li><span style=\"color: #356c9e;\">Contencioso e arbitragem, na qual ele tem vasta experi\u00eancia.<\/span><\/li>\n<\/ul>\n<p>&nbsp;<\/p>\n<p><span style=\"color: #2b316b;\">Esta parceria permite \u00e0 <strong>Steering Legal\u00a0<\/strong>:<\/span><\/p>\n<ul>\n<li><span style=\"color: #2b316b;\">Acompanhar e desenvolver a presen\u00e7a de seus clientes na Costa do Marfim e na \u00c1frica Ocidental<\/span><\/li>\n<li><span style=\"color: #2b316b;\">Fornecer a seus clientes todo o suporte legal necess\u00e1rio, estando fisicamente presente no local<\/span><\/li>\n<li><span style=\"color: #2b316b;\">Aapoiar o seu desenvolvimento, em particular no contexto da cria\u00e7\u00e3o de entidades locais, investimentos de capital, aquisi\u00e7\u00f5es ou participa\u00e7\u00e3o em licita\u00e7\u00f5es ou privatiza\u00e7\u00f5es<\/span><\/li>\n<li><span style=\"color: #2b316b;\">Poder contar com a presen\u00e7a permanente, experi\u00eancia e know-how do Sr. Elie Kon\u00e9 e suas equipes<\/span><\/li>\n<li><span style=\"color: #2b316b;\">Beneficiar-se de recursos locais experientes, conhecimento perfeito do continente e uma rede de correspondentes locais na \u00c1frica que atendam aos mesmos crit\u00e9rios de qualidade<\/span><\/li>\n<li><span style=\"color: #2b316b;\">Oferecer a seus clientes acesso a equipes multidisciplinares e m\u00f3veis que trabalham em franc\u00eas, ingl\u00eas, \u00e1rabe, portugu\u00eas e chin\u00eas<\/span><\/li>\n<\/ul>\n<p>&nbsp;<\/p>\n<p><span style=\"color: #356c9e;\"><em>* Em parceria com o escrit\u00f3rio de advocacia EKA<\/em><\/span><\/p>\n","protected":false},"excerpt":{"rendered":"<p>STEERING LEGAL Abidjan * Cocody les Deux-Plateaux | SOCOCE-SIDECI Rue K113 &#8211; Villa 155 | 08 BP 2741\u00a0Abidjan 08 C\u00f4te d&#8217;Ivoire T\u00e9l. : +225 \u00a022[&#8230;] <br \/><a class=\"readmore\" href=\"https:\/\/www.steeringlegal.com\/pt-br\/enderecos\/costa-do-marfim\/\"><\/a><\/p>\n","protected":false},"author":1,"featured_media":0,"parent":19213,"menu_order":2,"comment_status":"closed","ping_status":"closed","template":"","meta":{"_acf_changed":false,"footnotes":""},"class_list":["post-15522","page","type-page","status-publish","hentry"],"acf":[],"yoast_head":"<!-- This site is optimized with the Yoast SEO plugin v27.0 - https:\/\/yoast.com\/product\/yoast-seo-wordpress\/ -->\n<title>Avocat fran\u00e7ais Abidjan | Steering Legal<\/title>\n<meta name=\"description\" content=\"Cabinet d&#039;avocat international fran\u00e7ais install\u00e9 \u00e0 Abidjan et sp\u00e9cialis\u00e9 dans le droit des affaires : fiscalit\u00e9, patrimoine, conseils, gestion des contentieux\" \/>\n<meta name=\"robots\" content=\"index, follow, max-snippet:-1, max-image-preview:large, max-video-preview:-1\" \/>\n<link rel=\"canonical\" href=\"https:\/\/www.steeringlegal.com\/pt-br\/enderecos\/costa-do-marfim\/\" \/>\n<meta property=\"og:locale\" content=\"pt_BR\" \/>\n<meta property=\"og:type\" content=\"article\" \/>\n<meta property=\"og:title\" content=\"Avocat fran\u00e7ais Abidjan | Steering Legal\" \/>\n<meta property=\"og:description\" content=\"Cabinet d&#039;avocat international fran\u00e7ais install\u00e9 \u00e0 Abidjan et sp\u00e9cialis\u00e9 dans le droit des affaires : fiscalit\u00e9, patrimoine, conseils, gestion des contentieux\" \/>\n<meta property=\"og:url\" content=\"https:\/\/www.steeringlegal.com\/pt-br\/enderecos\/costa-do-marfim\/\" \/>\n<meta property=\"og:site_name\" content=\"steeringlegal\" \/>\n<meta property=\"article:modified_time\" content=\"2023-03-03T14:30:54+00:00\" \/>\n<meta name=\"twitter:card\" content=\"summary_large_image\" \/>\n<meta name=\"twitter:label1\" content=\"Est. tempo de leitura\" \/>\n\t<meta name=\"twitter:data1\" content=\"1 minuto\" \/>\n<script type=\"application\/ld+json\" class=\"yoast-schema-graph\">{\"@context\":\"https:\/\/schema.org\",\"@graph\":[{\"@type\":\"WebPage\",\"@id\":\"https:\/\/www.steeringlegal.com\/pt-br\/enderecos\/costa-do-marfim\/\",\"url\":\"https:\/\/www.steeringlegal.com\/pt-br\/enderecos\/costa-do-marfim\/\",\"name\":\"Avocat fran\u00e7ais Abidjan | Steering Legal\",\"isPartOf\":{\"@id\":\"https:\/\/www.steeringlegal.com\/pt-br\/#website\"},\"datePublished\":\"2018-11-20T13:57:44+00:00\",\"dateModified\":\"2023-03-03T14:30:54+00:00\",\"description\":\"Cabinet d'avocat international fran\u00e7ais install\u00e9 \u00e0 Abidjan et sp\u00e9cialis\u00e9 dans le droit des affaires : fiscalit\u00e9, patrimoine, conseils, gestion des contentieux\",\"breadcrumb\":{\"@id\":\"https:\/\/www.steeringlegal.com\/pt-br\/enderecos\/costa-do-marfim\/#breadcrumb\"},\"inLanguage\":\"pt-BR\",\"potentialAction\":[{\"@type\":\"ReadAction\",\"target\":[\"https:\/\/www.steeringlegal.com\/pt-br\/enderecos\/costa-do-marfim\/\"]}]},{\"@type\":\"BreadcrumbList\",\"@id\":\"https:\/\/www.steeringlegal.com\/pt-br\/enderecos\/costa-do-marfim\/#breadcrumb\",\"itemListElement\":[{\"@type\":\"ListItem\",\"position\":1,\"name\":\"Accueil\",\"item\":\"https:\/\/www.steeringlegal.com\/pt-br\/\"},{\"@type\":\"ListItem\",\"position\":2,\"name\":\"Enderecos\",\"item\":\"https:\/\/www.steeringlegal.com\/pt-br\/enderecos\/\"},{\"@type\":\"ListItem\",\"position\":3,\"name\":\"Costa do Marfim\"}]},{\"@type\":\"WebSite\",\"@id\":\"https:\/\/www.steeringlegal.com\/pt-br\/#website\",\"url\":\"https:\/\/www.steeringlegal.com\/pt-br\/\",\"name\":\"steeringlegal\",\"description\":\"Integrating Law into Business\",\"publisher\":{\"@id\":\"https:\/\/www.steeringlegal.com\/pt-br\/#organization\"},\"potentialAction\":[{\"@type\":\"SearchAction\",\"target\":{\"@type\":\"EntryPoint\",\"urlTemplate\":\"https:\/\/www.steeringlegal.com\/pt-br\/?s={search_term_string}\"},\"query-input\":{\"@type\":\"PropertyValueSpecification\",\"valueRequired\":true,\"valueName\":\"search_term_string\"}}],\"inLanguage\":\"pt-BR\"},{\"@type\":\"Organization\",\"@id\":\"https:\/\/www.steeringlegal.com\/pt-br\/#organization\",\"name\":\"Steering Legal\",\"url\":\"https:\/\/www.steeringlegal.com\/pt-br\/\",\"logo\":{\"@type\":\"ImageObject\",\"inLanguage\":\"pt-BR\",\"@id\":\"https:\/\/www.steeringlegal.com\/pt-br\/#\/schema\/logo\/image\/\",\"url\":\"https:\/\/www.steeringlegal.com\/wp-content\/uploads\/2019\/11\/logo-steering-couleur-1.jpg\",\"contentUrl\":\"https:\/\/www.steeringlegal.com\/wp-content\/uploads\/2019\/11\/logo-steering-couleur-1.jpg\",\"width\":2176,\"height\":1137,\"caption\":\"Steering Legal\"},\"image\":{\"@id\":\"https:\/\/www.steeringlegal.com\/pt-br\/#\/schema\/logo\/image\/\"},\"sameAs\":[\"https:\/\/www.linkedin.com\/company\/steering-law-firm\/?viewAsMember=true\"]}]}<\/script>\n<!-- \/ Yoast SEO plugin. -->","yoast_head_json":{"title":"Avocat fran\u00e7ais Abidjan | Steering Legal","description":"Cabinet d'avocat international fran\u00e7ais install\u00e9 \u00e0 Abidjan et sp\u00e9cialis\u00e9 dans le droit des affaires : fiscalit\u00e9, patrimoine, conseils, gestion des contentieux","robots":{"index":"index","follow":"follow","max-snippet":"max-snippet:-1","max-image-preview":"max-image-preview:large","max-video-preview":"max-video-preview:-1"},"canonical":"https:\/\/www.steeringlegal.com\/pt-br\/enderecos\/costa-do-marfim\/","og_locale":"pt_BR","og_type":"article","og_title":"Avocat fran\u00e7ais Abidjan | Steering Legal","og_description":"Cabinet d'avocat international fran\u00e7ais install\u00e9 \u00e0 Abidjan et sp\u00e9cialis\u00e9 dans le droit des affaires : fiscalit\u00e9, patrimoine, conseils, gestion des contentieux","og_url":"https:\/\/www.steeringlegal.com\/pt-br\/enderecos\/costa-do-marfim\/","og_site_name":"steeringlegal","article_modified_time":"2023-03-03T14:30:54+00:00","twitter_card":"summary_large_image","twitter_misc":{"Est. tempo de leitura":"1 minuto"},"schema":{"@context":"https:\/\/schema.org","@graph":[{"@type":"WebPage","@id":"https:\/\/www.steeringlegal.com\/pt-br\/enderecos\/costa-do-marfim\/","url":"https:\/\/www.steeringlegal.com\/pt-br\/enderecos\/costa-do-marfim\/","name":"Avocat fran\u00e7ais Abidjan | Steering Legal","isPartOf":{"@id":"https:\/\/www.steeringlegal.com\/pt-br\/#website"},"datePublished":"2018-11-20T13:57:44+00:00","dateModified":"2023-03-03T14:30:54+00:00","description":"Cabinet d'avocat international fran\u00e7ais install\u00e9 \u00e0 Abidjan et sp\u00e9cialis\u00e9 dans le droit des affaires : fiscalit\u00e9, patrimoine, conseils, gestion des contentieux","breadcrumb":{"@id":"https:\/\/www.steeringlegal.com\/pt-br\/enderecos\/costa-do-marfim\/#breadcrumb"},"inLanguage":"pt-BR","potentialAction":[{"@type":"ReadAction","target":["https:\/\/www.steeringlegal.com\/pt-br\/enderecos\/costa-do-marfim\/"]}]},{"@type":"BreadcrumbList","@id":"https:\/\/www.steeringlegal.com\/pt-br\/enderecos\/costa-do-marfim\/#breadcrumb","itemListElement":[{"@type":"ListItem","position":1,"name":"Accueil","item":"https:\/\/www.steeringlegal.com\/pt-br\/"},{"@type":"ListItem","position":2,"name":"Enderecos","item":"https:\/\/www.steeringlegal.com\/pt-br\/enderecos\/"},{"@type":"ListItem","position":3,"name":"Costa do Marfim"}]},{"@type":"WebSite","@id":"https:\/\/www.steeringlegal.com\/pt-br\/#website","url":"https:\/\/www.steeringlegal.com\/pt-br\/","name":"steeringlegal","description":"Integrating Law into Business","publisher":{"@id":"https:\/\/www.steeringlegal.com\/pt-br\/#organization"},"potentialAction":[{"@type":"SearchAction","target":{"@type":"EntryPoint","urlTemplate":"https:\/\/www.steeringlegal.com\/pt-br\/?s={search_term_string}"},"query-input":{"@type":"PropertyValueSpecification","valueRequired":true,"valueName":"search_term_string"}}],"inLanguage":"pt-BR"},{"@type":"Organization","@id":"https:\/\/www.steeringlegal.com\/pt-br\/#organization","name":"Steering Legal","url":"https:\/\/www.steeringlegal.com\/pt-br\/","logo":{"@type":"ImageObject","inLanguage":"pt-BR","@id":"https:\/\/www.steeringlegal.com\/pt-br\/#\/schema\/logo\/image\/","url":"https:\/\/www.steeringlegal.com\/wp-content\/uploads\/2019\/11\/logo-steering-couleur-1.jpg","contentUrl":"https:\/\/www.steeringlegal.com\/wp-content\/uploads\/2019\/11\/logo-steering-couleur-1.jpg","width":2176,"height":1137,"caption":"Steering Legal"},"image":{"@id":"https:\/\/www.steeringlegal.com\/pt-br\/#\/schema\/logo\/image\/"},"sameAs":["https:\/\/www.linkedin.com\/company\/steering-law-firm\/?viewAsMember=true"]}]}},"_links":{"self":[{"href":"https:\/\/www.steeringlegal.com\/pt-br\/wp-json\/wp\/v2\/pages\/15522","targetHints":{"allow":["GET"]}}],"collection":[{"href":"https:\/\/www.steeringlegal.com\/pt-br\/wp-json\/wp\/v2\/pages"}],"about":[{"href":"https:\/\/www.steeringlegal.com\/pt-br\/wp-json\/wp\/v2\/types\/page"}],"author":[{"embeddable":true,"href":"https:\/\/www.steeringlegal.com\/pt-br\/wp-json\/wp\/v2\/users\/1"}],"replies":[{"embeddable":true,"href":"https:\/\/www.steeringlegal.com\/pt-br\/wp-json\/wp\/v2\/comments?post=15522"}],"version-history":[{"count":3,"href":"https:\/\/www.steeringlegal.com\/pt-br\/wp-json\/wp\/v2\/pages\/15522\/revisions"}],"predecessor-version":[{"id":27661,"href":"https:\/\/www.steeringlegal.com\/pt-br\/wp-json\/wp\/v2\/pages\/15522\/revisions\/27661"}],"up":[{"embeddable":true,"href":"https:\/\/www.steeringlegal.com\/pt-br\/wp-json\/wp\/v2\/pages\/19213"}],"wp:attachment":[{"href":"https:\/\/www.steeringlegal.com\/pt-br\/wp-json\/wp\/v2\/media?parent=15522"}],"curies":[{"name":"wp","href":"https:\/\/api.w.org\/{rel}","templated":true}]}}