{"id":15824,"date":"2021-06-14T09:35:42","date_gmt":"2021-06-14T07:35:42","guid":{"rendered":"http:\/\/6j8hlawrdh.preview.infomaniak.website\/?page_id=15824"},"modified":"2021-06-14T09:35:57","modified_gmt":"2021-06-14T07:35:57","slug":"mercado-financeiro-e-de-capitais","status":"publish","type":"page","link":"https:\/\/www.steeringlegal.com\/pt-br\/mercado-financeiro-e-de-capitais\/","title":{"rendered":"Mercado Financeiro e de Capitais"},"content":{"rendered":"<h2><strong>O Steering Legal atua prestando servi\u00e7os de consultoria e contencioso a clientes franceses e estrangeiros compostos por :<\/strong><\/h2>\n<ul>\n<li><span style=\"color: #003366;\">empresas cotadas na bolsa de valores<\/span><\/li>\n<li><span style=\"color: #003366;\">particulares<\/span><\/li>\n<li style=\"text-align: justify;\"><span style=\"color: #003366;\">emissores <\/span><\/li>\n<\/ul>\n<div>\n<ul>\n<li><span style=\"color: #000000;\">Consultoria aos nossos clientes em suas transa\u00e7\u00f5es com empresas cotadas na bolsa de valores, tanto junto ao emissor quanto em todas as transa\u00e7\u00f5es referentes as empresas cotadas na bolsa: IPOs, ofertas p\u00fablicas de aquisi\u00e7\u00e3o e ren\u00fancias, recompras de a\u00e7\u00f5es, abertura de capital e coloca\u00e7\u00f5es privadas e quest\u00f5es t\u00edtulos financeiros<\/span><\/li>\n<li><span style=\"color: #000000;\">Assist\u00eancia na prepara\u00e7\u00e3o de documentos informativos corporativos: documento de refer\u00eancia, notas operacionais, relat\u00f3rios anuais e prepara\u00e7\u00e3o de assembleias gerais, declara\u00e7\u00f5es de altos executivos e limiares de cruzamento<\/span><\/li>\n<li><span style=\"color: #000000;\">Acompanhamento aos clientes em suas rela\u00e7\u00f5es junto as autoridades do mercado financeiro e de capitais no Brasil e Europa<\/span><\/li>\n<li><span style=\"color: #000000;\">Representa\u00e7\u00e3o de nossos clientes perante os tribunais favorecendo suas disputas no mercado de a\u00e7\u00f5es: san\u00e7\u00f5es e recursos das autoridades do mercado financeiro, lit\u00edgios entre acionistas de empresas cotadas etc&#8230;\u00a0<\/span><\/li>\n<\/ul>\n<\/div>\n","protected":false},"excerpt":{"rendered":"<p>O Steering Legal atua prestando servi\u00e7os de consultoria e contencioso a clientes franceses e estrangeiros compostos por : empresas cotadas na bolsa de valores particulares[&#8230;] <br \/><a class=\"readmore\" href=\"https:\/\/www.steeringlegal.com\/pt-br\/mercado-financeiro-e-de-capitais\/\"><\/a><\/p>\n","protected":false},"author":1,"featured_media":0,"parent":0,"menu_order":0,"comment_status":"closed","ping_status":"closed","template":"","meta":{"_acf_changed":false,"footnotes":""},"class_list":["post-15824","page","type-page","status-publish","hentry"],"acf":[],"yoast_head":"<!-- This site is optimized with the Yoast SEO plugin v27.0 - https:\/\/yoast.com\/product\/yoast-seo-wordpress\/ -->\n<title>Cabinet avocat droit immobilier Paris, Angers | Steering Legal<\/title>\n<meta name=\"description\" content=\"Cabinet d&#039;avocat international sp\u00e9cialis\u00e9 en droit immobilier. Bureaux \u00e0 Paris et Angers mais aussi en Afrique, Asie et au Moyen Orient\" \/>\n<meta name=\"robots\" content=\"index, follow, max-snippet:-1, max-image-preview:large, max-video-preview:-1\" \/>\n<link rel=\"canonical\" href=\"https:\/\/www.steeringlegal.com\/pt-br\/mercado-financeiro-e-de-capitais\/\" \/>\n<meta property=\"og:locale\" content=\"pt_BR\" \/>\n<meta property=\"og:type\" content=\"article\" \/>\n<meta property=\"og:title\" content=\"Cabinet avocat droit immobilier Paris, Angers | Steering Legal\" \/>\n<meta property=\"og:description\" content=\"Cabinet d&#039;avocat international sp\u00e9cialis\u00e9 en droit immobilier. Bureaux \u00e0 Paris et Angers mais aussi en Afrique, Asie et au Moyen Orient\" \/>\n<meta property=\"og:url\" content=\"https:\/\/www.steeringlegal.com\/pt-br\/mercado-financeiro-e-de-capitais\/\" \/>\n<meta property=\"og:site_name\" content=\"steeringlegal\" \/>\n<meta property=\"article:modified_time\" content=\"2021-06-14T07:35:57+00:00\" \/>\n<meta name=\"twitter:card\" content=\"summary_large_image\" \/>\n<meta name=\"twitter:label1\" content=\"Est. tempo de leitura\" \/>\n\t<meta name=\"twitter:data1\" content=\"1 minuto\" \/>\n<script type=\"application\/ld+json\" class=\"yoast-schema-graph\">{\"@context\":\"https:\/\/schema.org\",\"@graph\":[{\"@type\":\"WebPage\",\"@id\":\"https:\/\/www.steeringlegal.com\/pt-br\/mercado-financeiro-e-de-capitais\/\",\"url\":\"https:\/\/www.steeringlegal.com\/pt-br\/mercado-financeiro-e-de-capitais\/\",\"name\":\"Cabinet avocat droit immobilier Paris, Angers | Steering Legal\",\"isPartOf\":{\"@id\":\"https:\/\/www.steeringlegal.com\/pt-br\/#website\"},\"datePublished\":\"2021-06-14T07:35:42+00:00\",\"dateModified\":\"2021-06-14T07:35:57+00:00\",\"description\":\"Cabinet d'avocat international sp\u00e9cialis\u00e9 en droit immobilier. Bureaux \u00e0 Paris et Angers mais aussi en Afrique, Asie et au Moyen Orient\",\"breadcrumb\":{\"@id\":\"https:\/\/www.steeringlegal.com\/pt-br\/mercado-financeiro-e-de-capitais\/#breadcrumb\"},\"inLanguage\":\"pt-BR\",\"potentialAction\":[{\"@type\":\"ReadAction\",\"target\":[\"https:\/\/www.steeringlegal.com\/pt-br\/mercado-financeiro-e-de-capitais\/\"]}]},{\"@type\":\"BreadcrumbList\",\"@id\":\"https:\/\/www.steeringlegal.com\/pt-br\/mercado-financeiro-e-de-capitais\/#breadcrumb\",\"itemListElement\":[{\"@type\":\"ListItem\",\"position\":1,\"name\":\"Accueil\",\"item\":\"https:\/\/www.steeringlegal.com\/pt-br\/\"},{\"@type\":\"ListItem\",\"position\":2,\"name\":\"Mercado Financeiro e de Capitais\"}]},{\"@type\":\"WebSite\",\"@id\":\"https:\/\/www.steeringlegal.com\/pt-br\/#website\",\"url\":\"https:\/\/www.steeringlegal.com\/pt-br\/\",\"name\":\"steeringlegal\",\"description\":\"Integrating Law into Business\",\"publisher\":{\"@id\":\"https:\/\/www.steeringlegal.com\/pt-br\/#organization\"},\"potentialAction\":[{\"@type\":\"SearchAction\",\"target\":{\"@type\":\"EntryPoint\",\"urlTemplate\":\"https:\/\/www.steeringlegal.com\/pt-br\/?s={search_term_string}\"},\"query-input\":{\"@type\":\"PropertyValueSpecification\",\"valueRequired\":true,\"valueName\":\"search_term_string\"}}],\"inLanguage\":\"pt-BR\"},{\"@type\":\"Organization\",\"@id\":\"https:\/\/www.steeringlegal.com\/pt-br\/#organization\",\"name\":\"Steering Legal\",\"url\":\"https:\/\/www.steeringlegal.com\/pt-br\/\",\"logo\":{\"@type\":\"ImageObject\",\"inLanguage\":\"pt-BR\",\"@id\":\"https:\/\/www.steeringlegal.com\/pt-br\/#\/schema\/logo\/image\/\",\"url\":\"https:\/\/www.steeringlegal.com\/wp-content\/uploads\/2019\/11\/logo-steering-couleur-1.jpg\",\"contentUrl\":\"https:\/\/www.steeringlegal.com\/wp-content\/uploads\/2019\/11\/logo-steering-couleur-1.jpg\",\"width\":2176,\"height\":1137,\"caption\":\"Steering Legal\"},\"image\":{\"@id\":\"https:\/\/www.steeringlegal.com\/pt-br\/#\/schema\/logo\/image\/\"},\"sameAs\":[\"https:\/\/www.linkedin.com\/company\/steering-law-firm\/?viewAsMember=true\"]}]}<\/script>\n<!-- \/ Yoast SEO plugin. -->","yoast_head_json":{"title":"Cabinet avocat droit immobilier Paris, Angers | Steering Legal","description":"Cabinet d'avocat international sp\u00e9cialis\u00e9 en droit immobilier. Bureaux \u00e0 Paris et Angers mais aussi en Afrique, Asie et au Moyen Orient","robots":{"index":"index","follow":"follow","max-snippet":"max-snippet:-1","max-image-preview":"max-image-preview:large","max-video-preview":"max-video-preview:-1"},"canonical":"https:\/\/www.steeringlegal.com\/pt-br\/mercado-financeiro-e-de-capitais\/","og_locale":"pt_BR","og_type":"article","og_title":"Cabinet avocat droit immobilier Paris, Angers | Steering Legal","og_description":"Cabinet d'avocat international sp\u00e9cialis\u00e9 en droit immobilier. Bureaux \u00e0 Paris et Angers mais aussi en Afrique, Asie et au Moyen Orient","og_url":"https:\/\/www.steeringlegal.com\/pt-br\/mercado-financeiro-e-de-capitais\/","og_site_name":"steeringlegal","article_modified_time":"2021-06-14T07:35:57+00:00","twitter_card":"summary_large_image","twitter_misc":{"Est. tempo de leitura":"1 minuto"},"schema":{"@context":"https:\/\/schema.org","@graph":[{"@type":"WebPage","@id":"https:\/\/www.steeringlegal.com\/pt-br\/mercado-financeiro-e-de-capitais\/","url":"https:\/\/www.steeringlegal.com\/pt-br\/mercado-financeiro-e-de-capitais\/","name":"Cabinet avocat droit immobilier Paris, Angers | Steering Legal","isPartOf":{"@id":"https:\/\/www.steeringlegal.com\/pt-br\/#website"},"datePublished":"2021-06-14T07:35:42+00:00","dateModified":"2021-06-14T07:35:57+00:00","description":"Cabinet d'avocat international sp\u00e9cialis\u00e9 en droit immobilier. Bureaux \u00e0 Paris et Angers mais aussi en Afrique, Asie et au Moyen Orient","breadcrumb":{"@id":"https:\/\/www.steeringlegal.com\/pt-br\/mercado-financeiro-e-de-capitais\/#breadcrumb"},"inLanguage":"pt-BR","potentialAction":[{"@type":"ReadAction","target":["https:\/\/www.steeringlegal.com\/pt-br\/mercado-financeiro-e-de-capitais\/"]}]},{"@type":"BreadcrumbList","@id":"https:\/\/www.steeringlegal.com\/pt-br\/mercado-financeiro-e-de-capitais\/#breadcrumb","itemListElement":[{"@type":"ListItem","position":1,"name":"Accueil","item":"https:\/\/www.steeringlegal.com\/pt-br\/"},{"@type":"ListItem","position":2,"name":"Mercado Financeiro e de Capitais"}]},{"@type":"WebSite","@id":"https:\/\/www.steeringlegal.com\/pt-br\/#website","url":"https:\/\/www.steeringlegal.com\/pt-br\/","name":"steeringlegal","description":"Integrating Law into Business","publisher":{"@id":"https:\/\/www.steeringlegal.com\/pt-br\/#organization"},"potentialAction":[{"@type":"SearchAction","target":{"@type":"EntryPoint","urlTemplate":"https:\/\/www.steeringlegal.com\/pt-br\/?s={search_term_string}"},"query-input":{"@type":"PropertyValueSpecification","valueRequired":true,"valueName":"search_term_string"}}],"inLanguage":"pt-BR"},{"@type":"Organization","@id":"https:\/\/www.steeringlegal.com\/pt-br\/#organization","name":"Steering Legal","url":"https:\/\/www.steeringlegal.com\/pt-br\/","logo":{"@type":"ImageObject","inLanguage":"pt-BR","@id":"https:\/\/www.steeringlegal.com\/pt-br\/#\/schema\/logo\/image\/","url":"https:\/\/www.steeringlegal.com\/wp-content\/uploads\/2019\/11\/logo-steering-couleur-1.jpg","contentUrl":"https:\/\/www.steeringlegal.com\/wp-content\/uploads\/2019\/11\/logo-steering-couleur-1.jpg","width":2176,"height":1137,"caption":"Steering Legal"},"image":{"@id":"https:\/\/www.steeringlegal.com\/pt-br\/#\/schema\/logo\/image\/"},"sameAs":["https:\/\/www.linkedin.com\/company\/steering-law-firm\/?viewAsMember=true"]}]}},"_links":{"self":[{"href":"https:\/\/www.steeringlegal.com\/pt-br\/wp-json\/wp\/v2\/pages\/15824","targetHints":{"allow":["GET"]}}],"collection":[{"href":"https:\/\/www.steeringlegal.com\/pt-br\/wp-json\/wp\/v2\/pages"}],"about":[{"href":"https:\/\/www.steeringlegal.com\/pt-br\/wp-json\/wp\/v2\/types\/page"}],"author":[{"embeddable":true,"href":"https:\/\/www.steeringlegal.com\/pt-br\/wp-json\/wp\/v2\/users\/1"}],"replies":[{"embeddable":true,"href":"https:\/\/www.steeringlegal.com\/pt-br\/wp-json\/wp\/v2\/comments?post=15824"}],"version-history":[{"count":2,"href":"https:\/\/www.steeringlegal.com\/pt-br\/wp-json\/wp\/v2\/pages\/15824\/revisions"}],"predecessor-version":[{"id":18870,"href":"https:\/\/www.steeringlegal.com\/pt-br\/wp-json\/wp\/v2\/pages\/15824\/revisions\/18870"}],"wp:attachment":[{"href":"https:\/\/www.steeringlegal.com\/pt-br\/wp-json\/wp\/v2\/media?parent=15824"}],"curies":[{"name":"wp","href":"https:\/\/api.w.org\/{rel}","templated":true}]}}