{"id":15885,"date":"2019-01-22T15:46:52","date_gmt":"2019-01-22T14:46:52","guid":{"rendered":"http:\/\/6j8hlawrdh.preview.infomaniak.website\/?page_id=15885"},"modified":"2021-06-14T16:54:48","modified_gmt":"2021-06-14T14:54:48","slug":"ip-it-2-2","status":"publish","type":"page","link":"https:\/\/www.steeringlegal.com\/pt-br\/ip-it-2-2\/","title":{"rendered":"IP \/ IT \/ Data"},"content":{"rendered":"<h2><strong>Steering Legal\u00a0<\/strong><strong>interv\u00e9m em IP \/ IT \/ Data, \u00a0quer em aconselhamento quer em contencioso, nos 4 grandes dom\u00ednios seguintes:<\/strong><\/h2>\n<ul>\n<li><span style=\"color: #003366;\">Propriedade intelectual<\/span><\/li>\n<li><span style=\"color: #003366;\">Tecnologias e dados pessoais<\/span><\/li>\n<li><span style=\"color: #003366;\">Media \u2013 Entretenimento<\/span><\/li>\n<li><span style=\"color: #003366;\">Publicidade<\/span><\/li>\n<\/ul>\n<h3><strong>Propriedade intelectual <\/strong><\/h3>\n<ul>\n<li>Prote\u00e7\u00e3o, valoriza\u00e7\u00e3o e defesa dos direitos imateriais: direitos de autor, direitos conexos, marcas, desenhos e modelos, nomes de dom\u00ednio, patentes, saber fazer<\/li>\n<li>Verifica\u00e7\u00e3o de direitos adquiridos e realiza\u00e7\u00e3o das formalidades e dep\u00f3sitos necess\u00e1rios<\/li>\n<li>Reda\u00e7\u00e3o e negocia\u00e7\u00e3o de contratos : cess\u00e3o, licen\u00e7a, transfer\u00eancia, coexist\u00eancia<\/li>\n<li>Auditoria jur\u00eddica e verifica\u00e7\u00e3o da cadeia de direitos<\/li>\n<li>Contencioso: contrafa\u00e7\u00e3o, oposi\u00e7\u00e3o, nulidade, caducidade, reivindica\u00e7\u00e3o<\/li>\n<\/ul>\n<h3><strong>Tecnologias \u2013 dados pessoais<\/strong><\/h3>\n<ul>\n<li>Reda\u00e7\u00e3o e negocia\u00e7\u00e3o de contratos inform\u00e1ticos e de Internet : licen\u00e7as de utiliza\u00e7\u00e3o, desenvolvimento de <em>software<\/em>, <em>outsourcing<\/em>\/ASP\/Saas, integra\u00e7\u00e3o, alojamento, infogest\u00e3o, conce\u00e7\u00e3o e realiza\u00e7\u00e3o de sites web<\/li>\n<li>Contratos e-commerce : CGU, CGV, parcerias<\/li>\n<li>Garantia de conformidade com a regulamenta\u00e7\u00e3o relativa a dados pessoais (RGPD), Encarregado de Prote\u00e7\u00e3o de Dados (DPO) externo<\/li>\n<li>Cess\u00e3o, loca\u00e7\u00e3o ou transmiss\u00e3o de dados fora da UE<\/li>\n<li>Contencioso: contrafa\u00e7\u00e3o de <em>software<\/em>, viola\u00e7\u00e3o dos direitos do produtor da base de dados, contenciosos inform\u00e1ticos, contencioso de responsabilidade na Internet<\/li>\n<\/ul>\n<h3><strong>Media \u2013 Entretenimento <\/strong><\/h3>\n<ul>\n<li>Reda\u00e7\u00e3o e negocia\u00e7\u00e3o de contratos espec\u00edficos do setor dos media, do divertimento e da cultura (TV, r\u00e1dio, Internet, imprensa, m\u00fasica, cinema, videojogos, espet\u00e1culos ao vivo, desporto, arte): produ\u00e7\u00e3o, aquisi\u00e7\u00e3o, edi\u00e7\u00e3o, difus\u00e3o, distribui\u00e7\u00e3o, patroc\u00ednio, encomenda, exposi\u00e7\u00e3o, venda\u2026<\/li>\n<li>Contencioso: contrafa\u00e7\u00e3o, difama\u00e7\u00e3o, direito de resposta, direito \u00e0 imagem e \u00e0 vida privada, defesa da e-reputa\u00e7\u00e3o<\/li>\n<\/ul>\n<h3><strong>Publicidade <\/strong><\/h3>\n<ul>\n<li>Reda\u00e7\u00e3o e negocia\u00e7\u00e3o de contratos de publicidade: <em>r\u00e9gie<\/em>, compra de espa\u00e7os, ag\u00eancia, <em>ad servers, ad exchange,<\/em> parcerias, <em>barters<\/em>, patroc\u00ednio<\/li>\n<li>Conformidade de campanhas publicit\u00e1rias e opera\u00e7\u00f5es promocionais e comerciais<\/li>\n<li>Contencioso: pr\u00e1tica comercial enganosa, publicidade comparativa e regulamentada, concorr\u00eancia desleal,<em> ambush marketing<\/em>, controlos da ARPP (Autorit\u00e9 de r\u00e9gulation professionnelle de la publicite \u2013 Autoridade da Regula\u00e7\u00e3o Profissional da Publicidade) e da DGCCRF (Direction g\u00e9n\u00e9rale de la concurrence, de la consommation et de la r\u00e9pression des fraudes \u2013 Dire\u00e7\u00e3o Geral da Concorr\u00eancia, do Consumo e da Repress\u00e3o de Fraudes)<\/li>\n<\/ul>\n","protected":false},"excerpt":{"rendered":"<p>Steering Legal\u00a0interv\u00e9m em IP \/ IT \/ Data, \u00a0quer em aconselhamento quer em contencioso, nos 4 grandes dom\u00ednios seguintes: Propriedade intelectual Tecnologias e dados pessoais[&#8230;] <br \/><a class=\"readmore\" href=\"https:\/\/www.steeringlegal.com\/pt-br\/ip-it-2-2\/\"><\/a><\/p>\n","protected":false},"author":1,"featured_media":0,"parent":0,"menu_order":0,"comment_status":"closed","ping_status":"closed","template":"","meta":{"_acf_changed":false,"footnotes":""},"class_list":["post-15885","page","type-page","status-publish","hentry"],"acf":[],"yoast_head":"<!-- This site is optimized with the Yoast SEO plugin v27.0 - https:\/\/yoast.com\/product\/yoast-seo-wordpress\/ -->\n<title>Cabinet avocat arbitrage et contentieux des affaires Paris, Angers | Steering Legal<\/title>\n<meta name=\"description\" content=\"Cabinet d&#039;avocat international sp\u00e9cialis\u00e9 dans les arbitrages et les contentieux des affaires : litige immobilier, contentieux financier ou civil. Bureaux \u00e0 Paris et Angers mais aussi en Afrique, Asie et au Moyen Orient\" \/>\n<meta name=\"robots\" content=\"index, follow, max-snippet:-1, max-image-preview:large, max-video-preview:-1\" \/>\n<link rel=\"canonical\" href=\"https:\/\/www.steeringlegal.com\/pt-br\/ip-it-2-2\/\" \/>\n<meta property=\"og:locale\" content=\"pt_BR\" \/>\n<meta property=\"og:type\" content=\"article\" \/>\n<meta property=\"og:title\" content=\"Cabinet avocat arbitrage et contentieux des affaires Paris, Angers | Steering Legal\" \/>\n<meta property=\"og:description\" content=\"Cabinet d&#039;avocat international sp\u00e9cialis\u00e9 dans les arbitrages et les contentieux des affaires : litige immobilier, contentieux financier ou civil. Bureaux \u00e0 Paris et Angers mais aussi en Afrique, Asie et au Moyen Orient\" \/>\n<meta property=\"og:url\" content=\"https:\/\/www.steeringlegal.com\/pt-br\/ip-it-2-2\/\" \/>\n<meta property=\"og:site_name\" content=\"steeringlegal\" \/>\n<meta property=\"article:modified_time\" content=\"2021-06-14T14:54:48+00:00\" \/>\n<meta name=\"twitter:card\" content=\"summary_large_image\" \/>\n<meta name=\"twitter:label1\" content=\"Est. tempo de leitura\" \/>\n\t<meta name=\"twitter:data1\" content=\"2 minutos\" \/>\n<script type=\"application\/ld+json\" class=\"yoast-schema-graph\">{\"@context\":\"https:\/\/schema.org\",\"@graph\":[{\"@type\":\"WebPage\",\"@id\":\"https:\/\/www.steeringlegal.com\/pt-br\/ip-it-2-2\/\",\"url\":\"https:\/\/www.steeringlegal.com\/pt-br\/ip-it-2-2\/\",\"name\":\"Cabinet avocat arbitrage et contentieux des affaires Paris, Angers | Steering Legal\",\"isPartOf\":{\"@id\":\"https:\/\/www.steeringlegal.com\/pt-br\/#website\"},\"datePublished\":\"2019-01-22T14:46:52+00:00\",\"dateModified\":\"2021-06-14T14:54:48+00:00\",\"description\":\"Cabinet d'avocat international sp\u00e9cialis\u00e9 dans les arbitrages et les contentieux des affaires : litige immobilier, contentieux financier ou civil. Bureaux \u00e0 Paris et Angers mais aussi en Afrique, Asie et au Moyen Orient\",\"breadcrumb\":{\"@id\":\"https:\/\/www.steeringlegal.com\/pt-br\/ip-it-2-2\/#breadcrumb\"},\"inLanguage\":\"pt-BR\",\"potentialAction\":[{\"@type\":\"ReadAction\",\"target\":[\"https:\/\/www.steeringlegal.com\/pt-br\/ip-it-2-2\/\"]}]},{\"@type\":\"BreadcrumbList\",\"@id\":\"https:\/\/www.steeringlegal.com\/pt-br\/ip-it-2-2\/#breadcrumb\",\"itemListElement\":[{\"@type\":\"ListItem\",\"position\":1,\"name\":\"Accueil\",\"item\":\"https:\/\/www.steeringlegal.com\/pt-br\/\"},{\"@type\":\"ListItem\",\"position\":2,\"name\":\"IP \/ IT \/ Data\"}]},{\"@type\":\"WebSite\",\"@id\":\"https:\/\/www.steeringlegal.com\/pt-br\/#website\",\"url\":\"https:\/\/www.steeringlegal.com\/pt-br\/\",\"name\":\"steeringlegal\",\"description\":\"Integrating Law into Business\",\"publisher\":{\"@id\":\"https:\/\/www.steeringlegal.com\/pt-br\/#organization\"},\"potentialAction\":[{\"@type\":\"SearchAction\",\"target\":{\"@type\":\"EntryPoint\",\"urlTemplate\":\"https:\/\/www.steeringlegal.com\/pt-br\/?s={search_term_string}\"},\"query-input\":{\"@type\":\"PropertyValueSpecification\",\"valueRequired\":true,\"valueName\":\"search_term_string\"}}],\"inLanguage\":\"pt-BR\"},{\"@type\":\"Organization\",\"@id\":\"https:\/\/www.steeringlegal.com\/pt-br\/#organization\",\"name\":\"Steering Legal\",\"url\":\"https:\/\/www.steeringlegal.com\/pt-br\/\",\"logo\":{\"@type\":\"ImageObject\",\"inLanguage\":\"pt-BR\",\"@id\":\"https:\/\/www.steeringlegal.com\/pt-br\/#\/schema\/logo\/image\/\",\"url\":\"https:\/\/www.steeringlegal.com\/wp-content\/uploads\/2019\/11\/logo-steering-couleur-1.jpg\",\"contentUrl\":\"https:\/\/www.steeringlegal.com\/wp-content\/uploads\/2019\/11\/logo-steering-couleur-1.jpg\",\"width\":2176,\"height\":1137,\"caption\":\"Steering Legal\"},\"image\":{\"@id\":\"https:\/\/www.steeringlegal.com\/pt-br\/#\/schema\/logo\/image\/\"},\"sameAs\":[\"https:\/\/www.linkedin.com\/company\/steering-law-firm\/?viewAsMember=true\"]}]}<\/script>\n<!-- \/ Yoast SEO plugin. -->","yoast_head_json":{"title":"Cabinet avocat arbitrage et contentieux des affaires Paris, Angers | Steering Legal","description":"Cabinet d'avocat international sp\u00e9cialis\u00e9 dans les arbitrages et les contentieux des affaires : litige immobilier, contentieux financier ou civil. Bureaux \u00e0 Paris et Angers mais aussi en Afrique, Asie et au Moyen Orient","robots":{"index":"index","follow":"follow","max-snippet":"max-snippet:-1","max-image-preview":"max-image-preview:large","max-video-preview":"max-video-preview:-1"},"canonical":"https:\/\/www.steeringlegal.com\/pt-br\/ip-it-2-2\/","og_locale":"pt_BR","og_type":"article","og_title":"Cabinet avocat arbitrage et contentieux des affaires Paris, Angers | Steering Legal","og_description":"Cabinet d'avocat international sp\u00e9cialis\u00e9 dans les arbitrages et les contentieux des affaires : litige immobilier, contentieux financier ou civil. Bureaux \u00e0 Paris et Angers mais aussi en Afrique, Asie et au Moyen Orient","og_url":"https:\/\/www.steeringlegal.com\/pt-br\/ip-it-2-2\/","og_site_name":"steeringlegal","article_modified_time":"2021-06-14T14:54:48+00:00","twitter_card":"summary_large_image","twitter_misc":{"Est. tempo de leitura":"2 minutos"},"schema":{"@context":"https:\/\/schema.org","@graph":[{"@type":"WebPage","@id":"https:\/\/www.steeringlegal.com\/pt-br\/ip-it-2-2\/","url":"https:\/\/www.steeringlegal.com\/pt-br\/ip-it-2-2\/","name":"Cabinet avocat arbitrage et contentieux des affaires Paris, Angers | Steering Legal","isPartOf":{"@id":"https:\/\/www.steeringlegal.com\/pt-br\/#website"},"datePublished":"2019-01-22T14:46:52+00:00","dateModified":"2021-06-14T14:54:48+00:00","description":"Cabinet d'avocat international sp\u00e9cialis\u00e9 dans les arbitrages et les contentieux des affaires : litige immobilier, contentieux financier ou civil. Bureaux \u00e0 Paris et Angers mais aussi en Afrique, Asie et au Moyen Orient","breadcrumb":{"@id":"https:\/\/www.steeringlegal.com\/pt-br\/ip-it-2-2\/#breadcrumb"},"inLanguage":"pt-BR","potentialAction":[{"@type":"ReadAction","target":["https:\/\/www.steeringlegal.com\/pt-br\/ip-it-2-2\/"]}]},{"@type":"BreadcrumbList","@id":"https:\/\/www.steeringlegal.com\/pt-br\/ip-it-2-2\/#breadcrumb","itemListElement":[{"@type":"ListItem","position":1,"name":"Accueil","item":"https:\/\/www.steeringlegal.com\/pt-br\/"},{"@type":"ListItem","position":2,"name":"IP \/ IT \/ Data"}]},{"@type":"WebSite","@id":"https:\/\/www.steeringlegal.com\/pt-br\/#website","url":"https:\/\/www.steeringlegal.com\/pt-br\/","name":"steeringlegal","description":"Integrating Law into Business","publisher":{"@id":"https:\/\/www.steeringlegal.com\/pt-br\/#organization"},"potentialAction":[{"@type":"SearchAction","target":{"@type":"EntryPoint","urlTemplate":"https:\/\/www.steeringlegal.com\/pt-br\/?s={search_term_string}"},"query-input":{"@type":"PropertyValueSpecification","valueRequired":true,"valueName":"search_term_string"}}],"inLanguage":"pt-BR"},{"@type":"Organization","@id":"https:\/\/www.steeringlegal.com\/pt-br\/#organization","name":"Steering Legal","url":"https:\/\/www.steeringlegal.com\/pt-br\/","logo":{"@type":"ImageObject","inLanguage":"pt-BR","@id":"https:\/\/www.steeringlegal.com\/pt-br\/#\/schema\/logo\/image\/","url":"https:\/\/www.steeringlegal.com\/wp-content\/uploads\/2019\/11\/logo-steering-couleur-1.jpg","contentUrl":"https:\/\/www.steeringlegal.com\/wp-content\/uploads\/2019\/11\/logo-steering-couleur-1.jpg","width":2176,"height":1137,"caption":"Steering Legal"},"image":{"@id":"https:\/\/www.steeringlegal.com\/pt-br\/#\/schema\/logo\/image\/"},"sameAs":["https:\/\/www.linkedin.com\/company\/steering-law-firm\/?viewAsMember=true"]}]}},"_links":{"self":[{"href":"https:\/\/www.steeringlegal.com\/pt-br\/wp-json\/wp\/v2\/pages\/15885","targetHints":{"allow":["GET"]}}],"collection":[{"href":"https:\/\/www.steeringlegal.com\/pt-br\/wp-json\/wp\/v2\/pages"}],"about":[{"href":"https:\/\/www.steeringlegal.com\/pt-br\/wp-json\/wp\/v2\/types\/page"}],"author":[{"embeddable":true,"href":"https:\/\/www.steeringlegal.com\/pt-br\/wp-json\/wp\/v2\/users\/1"}],"replies":[{"embeddable":true,"href":"https:\/\/www.steeringlegal.com\/pt-br\/wp-json\/wp\/v2\/comments?post=15885"}],"version-history":[{"count":2,"href":"https:\/\/www.steeringlegal.com\/pt-br\/wp-json\/wp\/v2\/pages\/15885\/revisions"}],"predecessor-version":[{"id":18846,"href":"https:\/\/www.steeringlegal.com\/pt-br\/wp-json\/wp\/v2\/pages\/15885\/revisions\/18846"}],"wp:attachment":[{"href":"https:\/\/www.steeringlegal.com\/pt-br\/wp-json\/wp\/v2\/media?parent=15885"}],"curies":[{"name":"wp","href":"https:\/\/api.w.org\/{rel}","templated":true}]}}