{"id":24456,"date":"2022-06-27T17:04:33","date_gmt":"2022-06-27T15:04:33","guid":{"rendered":"http:\/\/6j8hlawrdh.preview.infomaniak.website\/?page_id=24456"},"modified":"2022-06-27T17:04:33","modified_gmt":"2022-06-27T15:04:33","slug":"politica-de-privacidade","status":"publish","type":"page","link":"https:\/\/www.steeringlegal.com\/pt-br\/politica-de-privacidade\/","title":{"rendered":"Pol\u00edtica de Privacidade"},"content":{"rendered":"<p><em>Data da \u00faltima actualiza\u00e7\u00e3o: 27 de Junho de 2022<\/em><\/p>\n<p>&nbsp;<\/p>\n<p>Steering Legal recolhe certos Dados Pessoais dos Utilizadores do Website para efeitos de recrutamento e pedidos de contacto.<\/p>\n<p>Steering Legal compromete-se, no \u00e2mbito da sua actividade, a proteger a confidencialidade das informa\u00e7\u00f5es na sua posse e a sua seguran\u00e7a em conformidade com os regulamentos em vigor, de acordo com os princ\u00edpios definidos na presente Pol\u00edtica de Confidencialidade.<\/p>\n<p>&nbsp;<\/p>\n<p><strong><u>Defini\u00e7\u00f5es <\/u>:<\/strong><\/p>\n<p>Os termos em mai\u00fasculas nesta Pol\u00edtica de Privacidade t\u00eam os significados especificados nas seguintes defini\u00e7\u00f5es:<\/p>\n<p><strong>Dados ou dados pessoais<\/strong>: significa qualquer informa\u00e7\u00e3o relativa a uma pessoa singular identificada ou identific\u00e1vel.<\/p>\n<p><strong>Site<\/strong>: refere-se ao s\u00edtio da Internet da Steering Legal.<\/p>\n<p><strong>Utilizador<\/strong>: significa qualquer pessoa que utilize o S\u00edtio.<\/p>\n<p>&nbsp;<\/p>\n<p><strong>Artigo 1. O controlador de dados <\/strong><\/p>\n<p>A pessoa respons\u00e1vel pelo processamento dos Dados Pessoais recolhidos no website \u00e9 STEERING LEGAL A.A.R.P.I. &#8211; 20 rue Fortuny, 75017 PARIS.<\/p>\n<p>&nbsp;<\/p>\n<p><strong>Artigo 2. Dados pessoais recolhidos e finalidades do tratamento<\/strong><\/p>\n<p>Steering Legal recolhe os seguintes Dados Pessoais dos Utilizadores:<\/p>\n<ul>\n<li>Nome completo ;<\/li>\n<li>N\u00famero de telefone e e-mail ;<\/li>\n<li>Dados contidos nos curricula vitae e nas cartas de apresenta\u00e7\u00e3o, incluindo registos escolares e universit\u00e1rios, data de nascimento, fotografia, morada de casa, etc.<\/li>\n<\/ul>\n<p>Salvo especifica\u00e7\u00e3o em contr\u00e1rio, ao solicitar contacto ou candidatura a um emprego no S\u00edtio, todos os dados marcados &#8220;<em>(obrigat\u00f3rio)<\/em>&#8221; devem ser fornecidos.<\/p>\n<p>Os seguintes objectivos s\u00e3o perseguidos:<\/p>\n<ul>\n<li>Gest\u00e3o do s\u00edtio web ;<\/li>\n<li>Gest\u00e3o de pedidos de contacto ;<\/li>\n<li>Gest\u00e3o de Recrutamento.<\/li>\n<\/ul>\n<p>&nbsp;<\/p>\n<p><strong>Artigo 3. Base jur\u00eddica para o processamento de dados<\/strong><\/p>\n<p>A Direc\u00e7\u00e3o Legal utiliza os Dados Pessoais dos Utilizadores apenas como permitido pela lei e regulamenta\u00e7\u00e3o aplic\u00e1veis. A base legal para a utiliza\u00e7\u00e3o de Dados de Utilizador por parte da Steering Legal para os fins estabelecidos na presente Pol\u00edtica de Privacidade \u00e9 principalmente a seguinte:<\/p>\n<ul>\n<li>A prossecu\u00e7\u00e3o dos leg\u00edtimos interesses da Steering Legal;<\/li>\n<li>O consentimento do Utilizador para o processamento dos seus Dados.<\/li>\n<\/ul>\n<p>&nbsp;<\/p>\n<p><strong>Artigo 4. Destinat\u00e1rios dos Dados<\/strong><\/p>\n<p>Os Dados Pessoais recolhidos s\u00e3o processados por membros autorizados da Steering Legal.<\/p>\n<p>Steering Legal pode partilhar os Dados Pessoais dos Utilizadores com terceiros prestadores de servi\u00e7os que executem servi\u00e7os em nome de Steering Legal.<\/p>\n<p>A Steering Legal tamb\u00e9m pode partilhar Dados com terceiros para cumprir uma obriga\u00e7\u00e3o legal ou regulamentar e\/ou prevenir a fraude.<\/p>\n<p>&nbsp;<\/p>\n<p><strong>Artigo 5. O local de tratamento<\/strong><\/p>\n<p>Direc\u00e7\u00e3o de Processos Jur\u00eddicos todos os Dados Pessoais dos Utilizadores dentro da Uni\u00e3o Europeia.<\/p>\n<p>No caso de certos Dados poderem ser transferidos e armazenados fora da Uni\u00e3o Europeia pelos prestadores de servi\u00e7os da Steering Legal, a firma compromete-se a envidar todos os esfor\u00e7os para assegurar que estes prestadores de servi\u00e7os adoptem as medidas organizacionais e t\u00e9cnicas relevantes e para fornecer um quadro para estas transfer\u00eancias atrav\u00e9s de instrumentos legais apropriados, particularmente se estiverem localizados nos Estados Unidos da Am\u00e9rica. O Utilizador, informado da exist\u00eancia destas transfer\u00eancias pela presente Pol\u00edtica de Privacidade, aceita este processamento transfronteiri\u00e7o.<\/p>\n<p>&nbsp;<\/p>\n<p><strong>Artigo 6. A dura\u00e7\u00e3o da reten\u00e7\u00e3o dos dados<\/strong><\/p>\n<p>Como o per\u00edodo de conserva\u00e7\u00e3o est\u00e1 ligado \u00e0s finalidades do tratamento dos Dados e \u00e0s obriga\u00e7\u00f5es legais impostas \u00e0 Direc\u00e7\u00e3o Jur\u00eddica, os Dados Pessoais dos Utilizadores n\u00e3o s\u00e3o conservados por mais tempo do que o necess\u00e1rio.<\/p>\n<p>A Steering Legal compromete-se a eliminar as informa\u00e7\u00f5es do utilizador quando j\u00e1 n\u00e3o forem necess\u00e1rias para os fins para os quais foram recolhidas.<\/p>\n<p>O per\u00edodo de reten\u00e7\u00e3o pode ser prolongado quando exigido por lei, para efeitos de lit\u00edgio ou para garantir a seguran\u00e7a dos sistemas da Steering Legal.<\/p>\n<p>Neste contexto, a Steering Legal mant\u00e9m os Dados Pessoais durante um per\u00edodo de :<\/p>\n<ul>\n<li>3 anos a partir da data do \u00faltimo contacto para pessoas que preencham o formul\u00e1rio de contacto;<\/li>\n<li>2 anos ap\u00f3s o \u00faltimo contacto com o candidato para aqueles que preencheram o formul\u00e1rio de recrutamento.<\/li>\n<\/ul>\n<p>&nbsp;<\/p>\n<p><strong>Artigo 7. Seguran\u00e7a dos dados<\/strong><\/p>\n<p>Steering Legal assegura a confidencialidade dos Dados recolhidos e implementa medidas organizacionais e t\u00e9cnicas adequadas para assegurar um n\u00edvel de seguran\u00e7a adequado para proteger esses Dados Pessoais contra acesso n\u00e3o autorizado, processamento ilegal, perda acidental, destrui\u00e7\u00e3o e danos.<\/p>\n<p>&nbsp;<\/p>\n<p><strong>Artigo 8. Direitos dos utilizadores<\/strong><\/p>\n<p>De acordo com os regulamentos sobre a protec\u00e7\u00e3o de dados pessoais, os Utilizadores podem exercer os seus direitos de acesso, rectifica\u00e7\u00e3o, elimina\u00e7\u00e3o, oposi\u00e7\u00e3o, limita\u00e7\u00e3o do processamento, portabilidade dos seus Dados Pessoais, e revoga\u00e7\u00e3o do seu consentimento em qualquer altura.<\/p>\n<p>Para exercer um destes direitos, deve enviar o seu pedido para Steering Legal por correio para: 20, rue Fortuny &#8211; 75017 Paris ou por e-mail indicando &#8220;DPO&#8221; no assunto do seu e-mail para: paris@steeringlegal.com.<\/p>\n<p>Se houver d\u00favidas razo\u00e1veis quanto \u00e0 origem do pedido, a Steering Legal pode solicitar uma c\u00f3pia do documento de identidade do Utilizador. Esta \u00e9 uma medida de seguran\u00e7a adicional e adequada para assegurar que os Dados Pessoais n\u00e3o sejam revelados a ningu\u00e9m que n\u00e3o tenha direito a receb\u00ea-los.<\/p>\n<p><strong>\u00a0<\/strong><\/p>\n<p><strong>Artigo 9. Actualiza\u00e7\u00e3o da Pol\u00edtica de Privacidade<\/strong><\/p>\n<p>A Steering Legal reserva-se o direito de actualizar a sua Pol\u00edtica de Privacidade a fim de cumprir com as leis e regulamentos em vigor. Quaisquer altera\u00e7\u00f5es ser\u00e3o comunicadas na plataforma.<\/p>\n<p>&nbsp;<\/p>\n<p><strong>Artigo 10. Reclama\u00e7\u00f5es<\/strong><\/p>\n<p>Se considerar que o tratamento dos seus Dados Pessoais pela Steering Legal constitui uma viola\u00e7\u00e3o dos regulamentos em vigor, pode apresentar uma queixa \u00e0 Commission Nationale de l&#8217;Informatique et des Libert\u00e9s (CNIL), cuja sede social se encontra em 3 Place de Fontenoy &#8211; TSA 80715 &#8211; 75334 PARIS CEDEX 07. Telefone: +33 1 53 73 22 22.<\/p>\n","protected":false},"excerpt":{"rendered":"<p>Data da \u00faltima actualiza\u00e7\u00e3o: 27 de Junho de 2022 &nbsp; Steering Legal recolhe certos Dados Pessoais dos Utilizadores do Website para efeitos de recrutamento e[&#8230;] <br \/><a class=\"readmore\" href=\"https:\/\/www.steeringlegal.com\/pt-br\/politica-de-privacidade\/\"><\/a><\/p>\n","protected":false},"author":1,"featured_media":0,"parent":0,"menu_order":0,"comment_status":"closed","ping_status":"open","template":"","meta":{"_acf_changed":false,"footnotes":""},"class_list":["post-24456","page","type-page","status-publish","hentry"],"acf":[],"yoast_head":"<!-- This site is optimized with the Yoast SEO plugin v27.0 - https:\/\/yoast.com\/product\/yoast-seo-wordpress\/ -->\n<title>Pol\u00edtica de Privacidade | steeringlegal<\/title>\n<meta name=\"robots\" content=\"index, follow, max-snippet:-1, max-image-preview:large, max-video-preview:-1\" \/>\n<link rel=\"canonical\" href=\"https:\/\/www.steeringlegal.com\/pt-br\/politica-de-privacidade\/\" \/>\n<meta property=\"og:locale\" content=\"pt_BR\" \/>\n<meta property=\"og:type\" content=\"article\" \/>\n<meta property=\"og:title\" content=\"Pol\u00edtica de Privacidade | steeringlegal\" \/>\n<meta property=\"og:description\" content=\"Data da \u00faltima actualiza\u00e7\u00e3o: 27 de Junho de 2022 &nbsp; Steering Legal recolhe certos Dados Pessoais dos Utilizadores do Website para efeitos de recrutamento e[...]\" \/>\n<meta property=\"og:url\" content=\"https:\/\/www.steeringlegal.com\/pt-br\/politica-de-privacidade\/\" \/>\n<meta property=\"og:site_name\" content=\"steeringlegal\" \/>\n<meta name=\"twitter:card\" content=\"summary_large_image\" \/>\n<meta name=\"twitter:label1\" content=\"Est. tempo de leitura\" \/>\n\t<meta name=\"twitter:data1\" content=\"5 minutos\" \/>\n<script type=\"application\/ld+json\" class=\"yoast-schema-graph\">{\"@context\":\"https:\/\/schema.org\",\"@graph\":[{\"@type\":\"WebPage\",\"@id\":\"https:\/\/www.steeringlegal.com\/pt-br\/politica-de-privacidade\/\",\"url\":\"https:\/\/www.steeringlegal.com\/pt-br\/politica-de-privacidade\/\",\"name\":\"Pol\u00edtica de Privacidade | steeringlegal\",\"isPartOf\":{\"@id\":\"https:\/\/www.steeringlegal.com\/pt-br\/#website\"},\"datePublished\":\"2022-06-27T15:04:33+00:00\",\"breadcrumb\":{\"@id\":\"https:\/\/www.steeringlegal.com\/pt-br\/politica-de-privacidade\/#breadcrumb\"},\"inLanguage\":\"pt-BR\",\"potentialAction\":[{\"@type\":\"ReadAction\",\"target\":[\"https:\/\/www.steeringlegal.com\/pt-br\/politica-de-privacidade\/\"]}]},{\"@type\":\"BreadcrumbList\",\"@id\":\"https:\/\/www.steeringlegal.com\/pt-br\/politica-de-privacidade\/#breadcrumb\",\"itemListElement\":[{\"@type\":\"ListItem\",\"position\":1,\"name\":\"Accueil\",\"item\":\"https:\/\/www.steeringlegal.com\/pt-br\/\"},{\"@type\":\"ListItem\",\"position\":2,\"name\":\"Pol\u00edtica de Privacidade\"}]},{\"@type\":\"WebSite\",\"@id\":\"https:\/\/www.steeringlegal.com\/pt-br\/#website\",\"url\":\"https:\/\/www.steeringlegal.com\/pt-br\/\",\"name\":\"steeringlegal\",\"description\":\"Integrating Law into Business\",\"publisher\":{\"@id\":\"https:\/\/www.steeringlegal.com\/pt-br\/#organization\"},\"potentialAction\":[{\"@type\":\"SearchAction\",\"target\":{\"@type\":\"EntryPoint\",\"urlTemplate\":\"https:\/\/www.steeringlegal.com\/pt-br\/?s={search_term_string}\"},\"query-input\":{\"@type\":\"PropertyValueSpecification\",\"valueRequired\":true,\"valueName\":\"search_term_string\"}}],\"inLanguage\":\"pt-BR\"},{\"@type\":\"Organization\",\"@id\":\"https:\/\/www.steeringlegal.com\/pt-br\/#organization\",\"name\":\"Steering Legal\",\"url\":\"https:\/\/www.steeringlegal.com\/pt-br\/\",\"logo\":{\"@type\":\"ImageObject\",\"inLanguage\":\"pt-BR\",\"@id\":\"https:\/\/www.steeringlegal.com\/pt-br\/#\/schema\/logo\/image\/\",\"url\":\"https:\/\/www.steeringlegal.com\/wp-content\/uploads\/2019\/11\/logo-steering-couleur-1.jpg\",\"contentUrl\":\"https:\/\/www.steeringlegal.com\/wp-content\/uploads\/2019\/11\/logo-steering-couleur-1.jpg\",\"width\":2176,\"height\":1137,\"caption\":\"Steering Legal\"},\"image\":{\"@id\":\"https:\/\/www.steeringlegal.com\/pt-br\/#\/schema\/logo\/image\/\"},\"sameAs\":[\"https:\/\/www.linkedin.com\/company\/steering-law-firm\/?viewAsMember=true\"]}]}<\/script>\n<!-- \/ Yoast SEO plugin. -->","yoast_head_json":{"title":"Pol\u00edtica de Privacidade | steeringlegal","robots":{"index":"index","follow":"follow","max-snippet":"max-snippet:-1","max-image-preview":"max-image-preview:large","max-video-preview":"max-video-preview:-1"},"canonical":"https:\/\/www.steeringlegal.com\/pt-br\/politica-de-privacidade\/","og_locale":"pt_BR","og_type":"article","og_title":"Pol\u00edtica de Privacidade | steeringlegal","og_description":"Data da \u00faltima actualiza\u00e7\u00e3o: 27 de Junho de 2022 &nbsp; Steering Legal recolhe certos Dados Pessoais dos Utilizadores do Website para efeitos de recrutamento e[...]","og_url":"https:\/\/www.steeringlegal.com\/pt-br\/politica-de-privacidade\/","og_site_name":"steeringlegal","twitter_card":"summary_large_image","twitter_misc":{"Est. tempo de leitura":"5 minutos"},"schema":{"@context":"https:\/\/schema.org","@graph":[{"@type":"WebPage","@id":"https:\/\/www.steeringlegal.com\/pt-br\/politica-de-privacidade\/","url":"https:\/\/www.steeringlegal.com\/pt-br\/politica-de-privacidade\/","name":"Pol\u00edtica de Privacidade | steeringlegal","isPartOf":{"@id":"https:\/\/www.steeringlegal.com\/pt-br\/#website"},"datePublished":"2022-06-27T15:04:33+00:00","breadcrumb":{"@id":"https:\/\/www.steeringlegal.com\/pt-br\/politica-de-privacidade\/#breadcrumb"},"inLanguage":"pt-BR","potentialAction":[{"@type":"ReadAction","target":["https:\/\/www.steeringlegal.com\/pt-br\/politica-de-privacidade\/"]}]},{"@type":"BreadcrumbList","@id":"https:\/\/www.steeringlegal.com\/pt-br\/politica-de-privacidade\/#breadcrumb","itemListElement":[{"@type":"ListItem","position":1,"name":"Accueil","item":"https:\/\/www.steeringlegal.com\/pt-br\/"},{"@type":"ListItem","position":2,"name":"Pol\u00edtica de Privacidade"}]},{"@type":"WebSite","@id":"https:\/\/www.steeringlegal.com\/pt-br\/#website","url":"https:\/\/www.steeringlegal.com\/pt-br\/","name":"steeringlegal","description":"Integrating Law into Business","publisher":{"@id":"https:\/\/www.steeringlegal.com\/pt-br\/#organization"},"potentialAction":[{"@type":"SearchAction","target":{"@type":"EntryPoint","urlTemplate":"https:\/\/www.steeringlegal.com\/pt-br\/?s={search_term_string}"},"query-input":{"@type":"PropertyValueSpecification","valueRequired":true,"valueName":"search_term_string"}}],"inLanguage":"pt-BR"},{"@type":"Organization","@id":"https:\/\/www.steeringlegal.com\/pt-br\/#organization","name":"Steering Legal","url":"https:\/\/www.steeringlegal.com\/pt-br\/","logo":{"@type":"ImageObject","inLanguage":"pt-BR","@id":"https:\/\/www.steeringlegal.com\/pt-br\/#\/schema\/logo\/image\/","url":"https:\/\/www.steeringlegal.com\/wp-content\/uploads\/2019\/11\/logo-steering-couleur-1.jpg","contentUrl":"https:\/\/www.steeringlegal.com\/wp-content\/uploads\/2019\/11\/logo-steering-couleur-1.jpg","width":2176,"height":1137,"caption":"Steering Legal"},"image":{"@id":"https:\/\/www.steeringlegal.com\/pt-br\/#\/schema\/logo\/image\/"},"sameAs":["https:\/\/www.linkedin.com\/company\/steering-law-firm\/?viewAsMember=true"]}]}},"_links":{"self":[{"href":"https:\/\/www.steeringlegal.com\/pt-br\/wp-json\/wp\/v2\/pages\/24456","targetHints":{"allow":["GET"]}}],"collection":[{"href":"https:\/\/www.steeringlegal.com\/pt-br\/wp-json\/wp\/v2\/pages"}],"about":[{"href":"https:\/\/www.steeringlegal.com\/pt-br\/wp-json\/wp\/v2\/types\/page"}],"author":[{"embeddable":true,"href":"https:\/\/www.steeringlegal.com\/pt-br\/wp-json\/wp\/v2\/users\/1"}],"replies":[{"embeddable":true,"href":"https:\/\/www.steeringlegal.com\/pt-br\/wp-json\/wp\/v2\/comments?post=24456"}],"version-history":[{"count":1,"href":"https:\/\/www.steeringlegal.com\/pt-br\/wp-json\/wp\/v2\/pages\/24456\/revisions"}],"predecessor-version":[{"id":24457,"href":"https:\/\/www.steeringlegal.com\/pt-br\/wp-json\/wp\/v2\/pages\/24456\/revisions\/24457"}],"wp:attachment":[{"href":"https:\/\/www.steeringlegal.com\/pt-br\/wp-json\/wp\/v2\/media?parent=24456"}],"curies":[{"name":"wp","href":"https:\/\/api.w.org\/{rel}","templated":true}]}}