{"id":29182,"date":"2023-05-25T16:10:11","date_gmt":"2023-05-25T14:10:11","guid":{"rendered":"https:\/\/www.steeringlegal.com\/?page_id=29182"},"modified":"2023-05-26T15:00:53","modified_gmt":"2023-05-26T13:00:53","slug":"actualidades","status":"publish","type":"page","link":"https:\/\/www.steeringlegal.com\/pt-br\/actualidades\/","title":{"rendered":"Actualidades"},"content":{"rendered":"\t\t<div data-elementor-type=\"wp-page\" data-elementor-id=\"29182\" class=\"elementor elementor-29182 elementor-28929\" data-elementor-post-type=\"page\">\n\t\t\t\t\t\t<section class=\"elementor-section elementor-top-section elementor-element elementor-element-dcd6b0e elementor-section-boxed elementor-section-height-default elementor-section-height-default\" data-id=\"dcd6b0e\" data-element_type=\"section\">\n\t\t\t\t\t\t<div class=\"elementor-container elementor-column-gap-default\">\n\t\t\t\t\t<div class=\"elementor-column elementor-col-100 elementor-top-column elementor-element elementor-element-9ae3f2a\" data-id=\"9ae3f2a\" data-element_type=\"column\">\n\t\t\t<div class=\"elementor-widget-wrap elementor-element-populated\">\n\t\t\t\t\t\t<div class=\"elementor-element elementor-element-1c3b234 elementor-widget elementor-widget-template\" data-id=\"1c3b234\" data-element_type=\"widget\" data-widget_type=\"template.default\">\n\t\t\t\t<div class=\"elementor-widget-container\">\n\t\t\t\t\t\t\t<div class=\"elementor-template\">\n\t\t\t\t\t<div data-elementor-type=\"section\" data-elementor-id=\"29177\" class=\"elementor elementor-29177 elementor-28703 elementor-28703\" data-elementor-post-type=\"elementor_library\">\n\t\t\t\t\t<section class=\"elementor-section elementor-top-section elementor-element elementor-element-65b97ff elementor-section-boxed elementor-section-height-default elementor-section-height-default\" data-id=\"65b97ff\" data-element_type=\"section\">\n\t\t\t\t\t\t<div class=\"elementor-container elementor-column-gap-default\">\n\t\t\t\t\t<div class=\"elementor-column elementor-col-100 elementor-top-column elementor-element elementor-element-434f5e74\" data-id=\"434f5e74\" data-element_type=\"column\">\n\t\t\t<div class=\"elementor-widget-wrap elementor-element-populated\">\n\t\t\t\t\t\t<div class=\"elementor-element elementor-element-4b255143 elementor-icon-list--layout-inline elementor-list-item-link-full_width elementor-widget elementor-widget-icon-list\" data-id=\"4b255143\" data-element_type=\"widget\" data-widget_type=\"icon-list.default\">\n\t\t\t\t<div class=\"elementor-widget-container\">\n\t\t\t\t\t\t\t<ul class=\"elementor-icon-list-items elementor-inline-items\">\n\t\t\t\t\t\t\t<li class=\"elementor-icon-list-item elementor-inline-item\">\n\t\t\t\t\t\t\t\t\t\t\t<a href=\"https:\/\/www.steeringlegal.com\/pt-br\/actualidades\/publicacoes\/\">\n\n\t\t\t\t\t\t\t\t\t\t\t\t<span class=\"elementor-icon-list-icon\">\n\t\t\t\t\t\t\t<i aria-hidden=\"true\" class=\"fas fa-book\"><\/i>\t\t\t\t\t\t<\/span>\n\t\t\t\t\t\t\t\t\t\t<span class=\"elementor-icon-list-text\">Publica\u00e7\u00f5es<\/span>\n\t\t\t\t\t\t\t\t\t\t\t<\/a>\n\t\t\t\t\t\t\t\t\t<\/li>\n\t\t\t\t\t\t\t\t<li class=\"elementor-icon-list-item elementor-inline-item\">\n\t\t\t\t\t\t\t\t\t\t\t<a href=\"https:\/\/www.steeringlegal.com\/pt-br\/actualidades\/propaganda\/\">\n\n\t\t\t\t\t\t\t\t\t\t\t\t<span class=\"elementor-icon-list-icon\">\n\t\t\t\t\t\t\t<i aria-hidden=\"true\" class=\"fas fa-bullhorn\"><\/i>\t\t\t\t\t\t<\/span>\n\t\t\t\t\t\t\t\t\t\t<span class=\"elementor-icon-list-text\">Propaganda<\/span>\n\t\t\t\t\t\t\t\t\t\t\t<\/a>\n\t\t\t\t\t\t\t\t\t<\/li>\n\t\t\t\t\t\t\t\t<li class=\"elementor-icon-list-item elementor-inline-item\">\n\t\t\t\t\t\t\t\t\t\t\t<a href=\"https:\/\/www.steeringlegal.com\/pt-br\/actualidades\/newsletters\/\">\n\n\t\t\t\t\t\t\t\t\t\t\t\t<span class=\"elementor-icon-list-icon\">\n\t\t\t\t\t\t\t<i aria-hidden=\"true\" class=\"far fa-newspaper\"><\/i>\t\t\t\t\t\t<\/span>\n\t\t\t\t\t\t\t\t\t\t<span class=\"elementor-icon-list-text\">Newsletters<\/span>\n\t\t\t\t\t\t\t\t\t\t\t<\/a>\n\t\t\t\t\t\t\t\t\t<\/li>\n\t\t\t\t\t\t\t\t<li class=\"elementor-icon-list-item elementor-inline-item\">\n\t\t\t\t\t\t\t\t\t\t\t<a href=\"https:\/\/www.steeringlegal.com\/pt-br\/actualidades\/premios\/\">\n\n\t\t\t\t\t\t\t\t\t\t\t\t<span class=\"elementor-icon-list-icon\">\n\t\t\t\t\t\t\t<i aria-hidden=\"true\" class=\"fas fa-trophy\"><\/i>\t\t\t\t\t\t<\/span>\n\t\t\t\t\t\t\t\t\t\t<span class=\"elementor-icon-list-text\">Pr\u00e9mios<\/span>\n\t\t\t\t\t\t\t\t\t\t\t<\/a>\n\t\t\t\t\t\t\t\t\t<\/li>\n\t\t\t\t\t\t<\/ul>\n\t\t\t\t\t\t<\/div>\n\t\t\t\t<\/div>\n\t\t\t\t\t<\/div>\n\t\t<\/div>\n\t\t\t\t\t<\/div>\n\t\t<\/section>\n\t\t\t\t<\/div>\n\t\t\t\t<\/div>\n\t\t\t\t\t\t<\/div>\n\t\t\t\t<\/div>\n\t\t\t\t<div class=\"elementor-element elementor-element-eb76ea4 elementor-grid-3 elementor-grid-tablet-2 elementor-grid-mobile-1 elementor-posts--thumbnail-top elementor-card-shadow-yes elementor-posts__hover-gradient elementor-widget elementor-widget-posts\" data-id=\"eb76ea4\" data-element_type=\"widget\" data-settings=\"{&quot;pagination_type&quot;:&quot;load_more_infinite_scroll&quot;,&quot;cards_columns&quot;:&quot;3&quot;,&quot;cards_columns_tablet&quot;:&quot;2&quot;,&quot;cards_columns_mobile&quot;:&quot;1&quot;,&quot;cards_row_gap&quot;:{&quot;unit&quot;:&quot;px&quot;,&quot;size&quot;:35,&quot;sizes&quot;:[]},&quot;cards_row_gap_tablet&quot;:{&quot;unit&quot;:&quot;px&quot;,&quot;size&quot;:&quot;&quot;,&quot;sizes&quot;:[]},&quot;cards_row_gap_mobile&quot;:{&quot;unit&quot;:&quot;px&quot;,&quot;size&quot;:&quot;&quot;,&quot;sizes&quot;:[]},&quot;load_more_spinner&quot;:{&quot;value&quot;:&quot;fas fa-spinner&quot;,&quot;library&quot;:&quot;fa-solid&quot;}}\" data-widget_type=\"posts.cards\">\n\t\t\t\t<div class=\"elementor-widget-container\">\n\t\t\t\t\t\t\t<div class=\"elementor-posts-container elementor-posts elementor-posts--skin-cards elementor-grid\" role=\"list\">\n\t\t\t\t<article class=\"elementor-post elementor-grid-item post-50700 post type-post status-publish format-standard has-post-thumbnail hentry category-premios tag-becrite-pt-br tag-bette-pt-br tag-chadenet-pt-br tag-chartier-pt-br tag-el-mir-pt-br tag-fleury-pt-br tag-fourrier tag-hoel-pt-br tag-ivanov-pt-br tag-lambert-pt-br tag-lussigny-pt-br tag-malaussena tag-martin-pt-br tag-matillon-pt-br tag-nuno-pt-br tag-pedron tag-sy-savane-pt-br\" role=\"listitem\">\n\t\t\t<div class=\"elementor-post__card\">\n\t\t\t\t<a class=\"elementor-post__thumbnail__link\" href=\"https:\/\/www.steeringlegal.com\/pt-br\/palmares-du-droit-paris-2026\/\" tabindex=\"-1\" ><div class=\"elementor-post__thumbnail\"><img decoding=\"async\" width=\"269\" height=\"150\" src=\"https:\/\/www.steeringlegal.com\/wp-content\/uploads\/2026\/03\/Palmares-du-droit-2026-site-2.png\" class=\"attachment-medium_large size-medium_large wp-image-50654\" alt=\"\" \/><\/div><\/a>\n\t\t\t\t<div class=\"elementor-post__badge\">Pr\u00eamios<\/div>\n\t\t\t\t<div class=\"elementor-post__text\">\n\t\t\t\t<h3 class=\"elementor-post__title\">\n\t\t\t<a href=\"https:\/\/www.steeringlegal.com\/pt-br\/palmares-du-droit-paris-2026\/\" >\n\t\t\t\tPalmar\u00e8s du Droit &#8211; Paris 2026\t\t\t<\/a>\n\t\t<\/h3>\n\t\t\t\t<div class=\"elementor-post__excerpt\">\n\t\t\t<p>As equipes da Steering Legal est\u00e3o muito satisfeitas por terem sido mais uma vez reconhecidas por sua expertise em diversas \u00e1reas:<\/p>\n\t\t<\/div>\n\t\t\n\t\t<a class=\"elementor-post__read-more\" href=\"https:\/\/www.steeringlegal.com\/pt-br\/palmares-du-droit-paris-2026\/\" aria-label=\"Leia mais sobre Palmar\u00e8s du Droit &#8211; Paris 2026\" tabindex=\"-1\" >\n\t\t\tLire la suite \u00bb\t\t<\/a>\n\n\t\t\t\t<\/div>\n\t\t\t\t<div class=\"elementor-post__meta-data\">\n\t\t\t\t\t<span class=\"elementor-post-date\">\n\t\t\t31 de mar\u00e7o de 2026\t\t<\/span>\n\t\t\t\t<\/div>\n\t\t\t\t\t<\/div>\n\t\t<\/article>\n\t\t\t\t<article class=\"elementor-post elementor-grid-item post-50625 post type-post status-publish format-standard has-post-thumbnail hentry category-publicacoes tag-lambert-pt-br\" role=\"listitem\">\n\t\t\t<div class=\"elementor-post__card\">\n\t\t\t\t<a class=\"elementor-post__thumbnail__link\" href=\"https:\/\/www.steeringlegal.com\/pt-br\/oda-telecomunicacoes-europeias-e-a-lei-das-redes-digitais\/\" tabindex=\"-1\" ><div class=\"elementor-post__thumbnail\"><img fetchpriority=\"high\" decoding=\"async\" width=\"300\" height=\"168\" src=\"https:\/\/www.steeringlegal.com\/wp-content\/uploads\/2026\/03\/telechargement.jpeg\" class=\"attachment-medium_large size-medium_large wp-image-50623\" alt=\"\" \/><\/div><\/a>\n\t\t\t\t<div class=\"elementor-post__badge\">Publica\u00e7\u00f5es<\/div>\n\t\t\t\t<div class=\"elementor-post__text\">\n\t\t\t\t<h3 class=\"elementor-post__title\">\n\t\t\t<a href=\"https:\/\/www.steeringlegal.com\/pt-br\/oda-telecomunicacoes-europeias-e-a-lei-das-redes-digitais\/\" >\n\t\t\t\tODA: Telecomunica\u00e7\u00f5es europeias e a Lei das Redes Digitais\t\t\t<\/a>\n\t\t<\/h3>\n\t\t\t\t<div class=\"elementor-post__excerpt\">\n\t\t\t<p>Na edi\u00e7\u00e3o de 25 de mar\u00e7o de 2026 da revista Option Droit &amp; Affaires, Maud Lambert, nossa s\u00f3cia na \u00e1rea de PI\/TI e dados, analisa<\/p>\n\t\t<\/div>\n\t\t\n\t\t<a class=\"elementor-post__read-more\" href=\"https:\/\/www.steeringlegal.com\/pt-br\/oda-telecomunicacoes-europeias-e-a-lei-das-redes-digitais\/\" aria-label=\"Leia mais sobre ODA: Telecomunica\u00e7\u00f5es europeias e a Lei das Redes Digitais\" tabindex=\"-1\" >\n\t\t\tLire la suite \u00bb\t\t<\/a>\n\n\t\t\t\t<\/div>\n\t\t\t\t<div class=\"elementor-post__meta-data\">\n\t\t\t\t\t<span class=\"elementor-post-date\">\n\t\t\t25 de mar\u00e7o de 2026\t\t<\/span>\n\t\t\t\t<\/div>\n\t\t\t\t\t<\/div>\n\t\t<\/article>\n\t\t\t\t<article class=\"elementor-post elementor-grid-item post-50638 post type-post status-publish format-standard has-post-thumbnail hentry category-premios tag-becrite-pt-br tag-bette-pt-br tag-bonnet-pt-br tag-chartier-pt-br tag-de-rocquigny tag-el-mir-pt-br tag-fleury-pt-br tag-guais-pt-br tag-ivanov-pt-br tag-lerissel-pt-br tag-luciani-pt-br tag-lussigny-pt-br tag-martin-pt-br tag-matillon-pt-br tag-nuno-pt-br\" role=\"listitem\">\n\t\t\t<div class=\"elementor-post__card\">\n\t\t\t\t<a class=\"elementor-post__thumbnail__link\" href=\"https:\/\/www.steeringlegal.com\/pt-br\/legal-500-emea-2026\/\" tabindex=\"-1\" ><div class=\"elementor-post__thumbnail\"><img decoding=\"async\" width=\"513\" height=\"565\" src=\"https:\/\/www.steeringlegal.com\/wp-content\/uploads\/2026\/03\/legal-500-emea-leadin-firm-2026.jpg\" class=\"attachment-medium_large size-medium_large wp-image-50635\" alt=\"\" srcset=\"https:\/\/www.steeringlegal.com\/wp-content\/uploads\/2026\/03\/legal-500-emea-leadin-firm-2026.jpg 513w, https:\/\/www.steeringlegal.com\/wp-content\/uploads\/2026\/03\/legal-500-emea-leadin-firm-2026-272x300.jpg 272w\" sizes=\"(max-width: 513px) 100vw, 513px\" \/><\/div><\/a>\n\t\t\t\t<div class=\"elementor-post__badge\">Pr\u00eamios<\/div>\n\t\t\t\t<div class=\"elementor-post__text\">\n\t\t\t\t<h3 class=\"elementor-post__title\">\n\t\t\t<a href=\"https:\/\/www.steeringlegal.com\/pt-br\/legal-500-emea-2026\/\" >\n\t\t\t\tLegal 500 EMEA 2026\t\t\t<\/a>\n\t\t<\/h3>\n\t\t\t\t<div class=\"elementor-post__excerpt\">\n\t\t\t<p>\ud83c\udfc6 As equipes da Steering Legal foram destacadas no ranking The Legal 500 EMEA 2026<\/p>\n\t\t<\/div>\n\t\t\n\t\t<a class=\"elementor-post__read-more\" href=\"https:\/\/www.steeringlegal.com\/pt-br\/legal-500-emea-2026\/\" aria-label=\"Leia mais sobre Legal 500 EMEA 2026\" tabindex=\"-1\" >\n\t\t\tLire la suite \u00bb\t\t<\/a>\n\n\t\t\t\t<\/div>\n\t\t\t\t<div class=\"elementor-post__meta-data\">\n\t\t\t\t\t<span class=\"elementor-post-date\">\n\t\t\t25 de mar\u00e7o de 2026\t\t<\/span>\n\t\t\t\t<\/div>\n\t\t\t\t\t<\/div>\n\t\t<\/article>\n\t\t\t\t<article class=\"elementor-post elementor-grid-item post-50566 post type-post status-publish format-standard has-post-thumbnail hentry category-newsletters-pt-br tag-chadenet-pt-br tag-fourrier tag-hoel-pt-br tag-lambert-pt-br tag-sy-savane-pt-br\" role=\"listitem\">\n\t\t\t<div class=\"elementor-post__card\">\n\t\t\t\t<a class=\"elementor-post__thumbnail__link\" href=\"https:\/\/www.steeringlegal.com\/pt-br\/clausulas-de-ia-em-contratos-de-ti\/\" tabindex=\"-1\" ><div class=\"elementor-post__thumbnail\"><img loading=\"lazy\" decoding=\"async\" width=\"768\" height=\"571\" src=\"https:\/\/www.steeringlegal.com\/wp-content\/uploads\/2026\/03\/Clauses-IA-et-contrats-IT_IP-Tech-Data_Page_1_Image_0002.jpg\" class=\"attachment-medium_large size-medium_large wp-image-50555\" alt=\"\" srcset=\"https:\/\/www.steeringlegal.com\/wp-content\/uploads\/2026\/03\/Clauses-IA-et-contrats-IT_IP-Tech-Data_Page_1_Image_0002.jpg 1532w, https:\/\/www.steeringlegal.com\/wp-content\/uploads\/2026\/03\/Clauses-IA-et-contrats-IT_IP-Tech-Data_Page_1_Image_0002-300x223.jpg 300w, https:\/\/www.steeringlegal.com\/wp-content\/uploads\/2026\/03\/Clauses-IA-et-contrats-IT_IP-Tech-Data_Page_1_Image_0002-1024x762.jpg 1024w\" sizes=\"(max-width: 768px) 100vw, 768px\" \/><\/div><\/a>\n\t\t\t\t<div class=\"elementor-post__badge\">Newsletters<\/div>\n\t\t\t\t<div class=\"elementor-post__text\">\n\t\t\t\t<h3 class=\"elementor-post__title\">\n\t\t\t<a href=\"https:\/\/www.steeringlegal.com\/pt-br\/clausulas-de-ia-em-contratos-de-ti\/\" >\n\t\t\t\tCl\u00e1usulas de IA em contratos de TI\t\t\t<\/a>\n\t\t<\/h3>\n\t\t\t\t<div class=\"elementor-post__excerpt\">\n\t\t\t<p>Quais s\u00e3o os bons h\u00e1bitos a adotar? com a equipe IP-IT e Dados &nbsp; Cl\u00e1usulas de IA em contratos de TI<\/p>\n\t\t<\/div>\n\t\t\n\t\t<a class=\"elementor-post__read-more\" href=\"https:\/\/www.steeringlegal.com\/pt-br\/clausulas-de-ia-em-contratos-de-ti\/\" aria-label=\"Leia mais sobre Cl\u00e1usulas de IA em contratos de TI\" tabindex=\"-1\" >\n\t\t\tLire la suite \u00bb\t\t<\/a>\n\n\t\t\t\t<\/div>\n\t\t\t\t<div class=\"elementor-post__meta-data\">\n\t\t\t\t\t<span class=\"elementor-post-date\">\n\t\t\t3 de mar\u00e7o de 2026\t\t<\/span>\n\t\t\t\t<\/div>\n\t\t\t\t\t<\/div>\n\t\t<\/article>\n\t\t\t\t<article class=\"elementor-post elementor-grid-item post-50190 post type-post status-publish format-standard has-post-thumbnail hentry category-publicacoes tag-elhouseny-pt-br tag-mohamed-pt-br\" role=\"listitem\">\n\t\t\t<div class=\"elementor-post__card\">\n\t\t\t\t<a class=\"elementor-post__thumbnail__link\" href=\"https:\/\/www.steeringlegal.com\/pt-br\/droit-maritime-des-emirats-arabes-unis\/\" tabindex=\"-1\" ><div class=\"elementor-post__thumbnail\"><img loading=\"lazy\" decoding=\"async\" width=\"768\" height=\"630\" src=\"https:\/\/www.steeringlegal.com\/wp-content\/uploads\/2026\/02\/2361906.jpg\" class=\"attachment-medium_large size-medium_large wp-image-50187\" alt=\"\" srcset=\"https:\/\/www.steeringlegal.com\/wp-content\/uploads\/2026\/02\/2361906.jpg 2000w, https:\/\/www.steeringlegal.com\/wp-content\/uploads\/2026\/02\/2361906-300x246.jpg 300w, https:\/\/www.steeringlegal.com\/wp-content\/uploads\/2026\/02\/2361906-1024x840.jpg 1024w\" sizes=\"(max-width: 768px) 100vw, 768px\" \/><\/div><\/a>\n\t\t\t\t<div class=\"elementor-post__badge\">Publica\u00e7\u00f5es<\/div>\n\t\t\t\t<div class=\"elementor-post__text\">\n\t\t\t\t<h3 class=\"elementor-post__title\">\n\t\t\t<a href=\"https:\/\/www.steeringlegal.com\/pt-br\/droit-maritime-des-emirats-arabes-unis\/\" >\n\t\t\t\tLei Mar\u00edtima dos EAU\t\t\t<\/a>\n\t\t<\/h3>\n\t\t\t\t<div class=\"elementor-post__excerpt\">\n\t\t\t<p>Tribunal de Cassa\u00e7\u00e3o delimita requisito de registo de propriedade a embarca\u00e7\u00f5es com bandeira dos EAU<\/p>\n\t\t<\/div>\n\t\t\n\t\t<a class=\"elementor-post__read-more\" href=\"https:\/\/www.steeringlegal.com\/pt-br\/droit-maritime-des-emirats-arabes-unis\/\" aria-label=\"Leia mais sobre Lei Mar\u00edtima dos EAU\" tabindex=\"-1\" >\n\t\t\tLire la suite \u00bb\t\t<\/a>\n\n\t\t\t\t<\/div>\n\t\t\t\t<div class=\"elementor-post__meta-data\">\n\t\t\t\t\t<span class=\"elementor-post-date\">\n\t\t\t11 de fevereiro de 2026\t\t<\/span>\n\t\t\t\t<\/div>\n\t\t\t\t\t<\/div>\n\t\t<\/article>\n\t\t\t\t<article class=\"elementor-post elementor-grid-item post-50225 post type-post status-publish format-standard has-post-thumbnail hentry category-nao-categorizado\" role=\"listitem\">\n\t\t\t<div class=\"elementor-post__card\">\n\t\t\t\t<a class=\"elementor-post__thumbnail__link\" href=\"https:\/\/www.steeringlegal.com\/pt-br\/por-que-contratar-um-advogado-especializado-em-reestruturacao-para-empresas-em-dificuldades-financeiras\/\" tabindex=\"-1\" ><div class=\"elementor-post__thumbnail\"><img loading=\"lazy\" decoding=\"async\" width=\"612\" height=\"262\" src=\"https:\/\/www.steeringlegal.com\/wp-content\/uploads\/2025\/03\/img_restructuring-1.jpg\" class=\"attachment-medium_large size-medium_large wp-image-43937\" alt=\"\" srcset=\"https:\/\/www.steeringlegal.com\/wp-content\/uploads\/2025\/03\/img_restructuring-1.jpg 612w, https:\/\/www.steeringlegal.com\/wp-content\/uploads\/2025\/03\/img_restructuring-1-300x128.jpg 300w\" sizes=\"(max-width: 612px) 100vw, 612px\" \/><\/div><\/a>\n\t\t\t\t<div class=\"elementor-post__badge\">N\u00e3o categorizado<\/div>\n\t\t\t\t<div class=\"elementor-post__text\">\n\t\t\t\t<h3 class=\"elementor-post__title\">\n\t\t\t<a href=\"https:\/\/www.steeringlegal.com\/pt-br\/por-que-contratar-um-advogado-especializado-em-reestruturacao-para-empresas-em-dificuldades-financeiras\/\" >\n\t\t\t\tPor que contratar um advogado especializado em reestrutura\u00e7\u00e3o para empresas em dificuldades financeiras?\t\t\t<\/a>\n\t\t<\/h3>\n\t\t\t\t<div class=\"elementor-post__excerpt\">\n\t\t\t<p>Num ambiente econ\u00f3mico incerto, muitas empresas enfrentam press\u00e3o de fluxo de caixa, receitas em decl\u00ednio ou rela\u00e7\u00f5es tensas com credores e parceiros comerciais.<\/p>\n\t\t<\/div>\n\t\t\n\t\t<a class=\"elementor-post__read-more\" href=\"https:\/\/www.steeringlegal.com\/pt-br\/por-que-contratar-um-advogado-especializado-em-reestruturacao-para-empresas-em-dificuldades-financeiras\/\" aria-label=\"Leia mais sobre Por que contratar um advogado especializado em reestrutura\u00e7\u00e3o para empresas em dificuldades financeiras?\" tabindex=\"-1\" >\n\t\t\tLire la suite \u00bb\t\t<\/a>\n\n\t\t\t\t<\/div>\n\t\t\t\t<div class=\"elementor-post__meta-data\">\n\t\t\t\t\t<span class=\"elementor-post-date\">\n\t\t\t26 de janeiro de 2026\t\t<\/span>\n\t\t\t\t<\/div>\n\t\t\t\t\t<\/div>\n\t\t<\/article>\n\t\t\t\t<\/div>\n\t\t\t\t\t<span class=\"e-load-more-spinner\">\n\t\t\t\t<i aria-hidden=\"true\" class=\"fas fa-spinner\"><\/i>\t\t\t<\/span>\n\t\t\n\t\t\t\t<div class=\"e-load-more-anchor\" data-page=\"1\" data-max-page=\"23\" data-next-page=\"https:\/\/www.steeringlegal.com\/pt-br\/wp-json\/wp\/v2\/pages\/29182\/page\/2\/\"><\/div>\n\t\t\t\t<div class=\"e-load-more-message\"><\/div>\n\t\t\t\t\t\t<\/div>\n\t\t\t\t<\/div>\n\t\t\t\t\t<\/div>\n\t\t<\/div>\n\t\t\t\t\t<\/div>\n\t\t<\/section>\n\t\t\t\t<\/div>\n\t\t","protected":false},"excerpt":{"rendered":"","protected":false},"author":4,"featured_media":0,"parent":0,"menu_order":0,"comment_status":"closed","ping_status":"closed","template":"","meta":{"_acf_changed":false,"footnotes":""},"class_list":["post-29182","page","type-page","status-publish","hentry"],"acf":[],"yoast_head":"<!-- This site is optimized with the Yoast SEO plugin v27.0 - https:\/\/yoast.com\/product\/yoast-seo-wordpress\/ -->\n<title>Actualidades | steeringlegal<\/title>\n<meta name=\"robots\" content=\"index, follow, max-snippet:-1, max-image-preview:large, max-video-preview:-1\" \/>\n<link rel=\"canonical\" href=\"https:\/\/www.steeringlegal.com\/pt-br\/actualidades\/\" \/>\n<meta property=\"og:locale\" content=\"pt_BR\" \/>\n<meta property=\"og:type\" content=\"article\" \/>\n<meta property=\"og:title\" content=\"Actualidades | steeringlegal\" \/>\n<meta property=\"og:url\" content=\"https:\/\/www.steeringlegal.com\/pt-br\/actualidades\/\" \/>\n<meta property=\"og:site_name\" content=\"steeringlegal\" \/>\n<meta property=\"article:modified_time\" content=\"2023-05-26T13:00:53+00:00\" \/>\n<meta name=\"twitter:card\" content=\"summary_large_image\" \/>\n<script type=\"application\/ld+json\" class=\"yoast-schema-graph\">{\"@context\":\"https:\/\/schema.org\",\"@graph\":[{\"@type\":\"WebPage\",\"@id\":\"https:\/\/www.steeringlegal.com\/pt-br\/actualidades\/\",\"url\":\"https:\/\/www.steeringlegal.com\/pt-br\/actualidades\/\",\"name\":\"Actualidades | steeringlegal\",\"isPartOf\":{\"@id\":\"https:\/\/www.steeringlegal.com\/pt-br\/#website\"},\"datePublished\":\"2023-05-25T14:10:11+00:00\",\"dateModified\":\"2023-05-26T13:00:53+00:00\",\"breadcrumb\":{\"@id\":\"https:\/\/www.steeringlegal.com\/pt-br\/actualidades\/#breadcrumb\"},\"inLanguage\":\"pt-BR\",\"potentialAction\":[{\"@type\":\"ReadAction\",\"target\":[\"https:\/\/www.steeringlegal.com\/pt-br\/actualidades\/\"]}]},{\"@type\":\"BreadcrumbList\",\"@id\":\"https:\/\/www.steeringlegal.com\/pt-br\/actualidades\/#breadcrumb\",\"itemListElement\":[{\"@type\":\"ListItem\",\"position\":1,\"name\":\"Accueil\",\"item\":\"https:\/\/www.steeringlegal.com\/pt-br\/\"},{\"@type\":\"ListItem\",\"position\":2,\"name\":\"Actualidades\"}]},{\"@type\":\"WebSite\",\"@id\":\"https:\/\/www.steeringlegal.com\/pt-br\/#website\",\"url\":\"https:\/\/www.steeringlegal.com\/pt-br\/\",\"name\":\"steeringlegal\",\"description\":\"Integrating Law into Business\",\"publisher\":{\"@id\":\"https:\/\/www.steeringlegal.com\/pt-br\/#organization\"},\"potentialAction\":[{\"@type\":\"SearchAction\",\"target\":{\"@type\":\"EntryPoint\",\"urlTemplate\":\"https:\/\/www.steeringlegal.com\/pt-br\/?s={search_term_string}\"},\"query-input\":{\"@type\":\"PropertyValueSpecification\",\"valueRequired\":true,\"valueName\":\"search_term_string\"}}],\"inLanguage\":\"pt-BR\"},{\"@type\":\"Organization\",\"@id\":\"https:\/\/www.steeringlegal.com\/pt-br\/#organization\",\"name\":\"Steering Legal\",\"url\":\"https:\/\/www.steeringlegal.com\/pt-br\/\",\"logo\":{\"@type\":\"ImageObject\",\"inLanguage\":\"pt-BR\",\"@id\":\"https:\/\/www.steeringlegal.com\/pt-br\/#\/schema\/logo\/image\/\",\"url\":\"https:\/\/www.steeringlegal.com\/wp-content\/uploads\/2019\/11\/logo-steering-couleur-1.jpg\",\"contentUrl\":\"https:\/\/www.steeringlegal.com\/wp-content\/uploads\/2019\/11\/logo-steering-couleur-1.jpg\",\"width\":2176,\"height\":1137,\"caption\":\"Steering Legal\"},\"image\":{\"@id\":\"https:\/\/www.steeringlegal.com\/pt-br\/#\/schema\/logo\/image\/\"},\"sameAs\":[\"https:\/\/www.linkedin.com\/company\/steering-law-firm\/?viewAsMember=true\"]}]}<\/script>\n<!-- \/ Yoast SEO plugin. -->","yoast_head_json":{"title":"Actualidades | steeringlegal","robots":{"index":"index","follow":"follow","max-snippet":"max-snippet:-1","max-image-preview":"max-image-preview:large","max-video-preview":"max-video-preview:-1"},"canonical":"https:\/\/www.steeringlegal.com\/pt-br\/actualidades\/","og_locale":"pt_BR","og_type":"article","og_title":"Actualidades | steeringlegal","og_url":"https:\/\/www.steeringlegal.com\/pt-br\/actualidades\/","og_site_name":"steeringlegal","article_modified_time":"2023-05-26T13:00:53+00:00","twitter_card":"summary_large_image","schema":{"@context":"https:\/\/schema.org","@graph":[{"@type":"WebPage","@id":"https:\/\/www.steeringlegal.com\/pt-br\/actualidades\/","url":"https:\/\/www.steeringlegal.com\/pt-br\/actualidades\/","name":"Actualidades | steeringlegal","isPartOf":{"@id":"https:\/\/www.steeringlegal.com\/pt-br\/#website"},"datePublished":"2023-05-25T14:10:11+00:00","dateModified":"2023-05-26T13:00:53+00:00","breadcrumb":{"@id":"https:\/\/www.steeringlegal.com\/pt-br\/actualidades\/#breadcrumb"},"inLanguage":"pt-BR","potentialAction":[{"@type":"ReadAction","target":["https:\/\/www.steeringlegal.com\/pt-br\/actualidades\/"]}]},{"@type":"BreadcrumbList","@id":"https:\/\/www.steeringlegal.com\/pt-br\/actualidades\/#breadcrumb","itemListElement":[{"@type":"ListItem","position":1,"name":"Accueil","item":"https:\/\/www.steeringlegal.com\/pt-br\/"},{"@type":"ListItem","position":2,"name":"Actualidades"}]},{"@type":"WebSite","@id":"https:\/\/www.steeringlegal.com\/pt-br\/#website","url":"https:\/\/www.steeringlegal.com\/pt-br\/","name":"steeringlegal","description":"Integrating Law into Business","publisher":{"@id":"https:\/\/www.steeringlegal.com\/pt-br\/#organization"},"potentialAction":[{"@type":"SearchAction","target":{"@type":"EntryPoint","urlTemplate":"https:\/\/www.steeringlegal.com\/pt-br\/?s={search_term_string}"},"query-input":{"@type":"PropertyValueSpecification","valueRequired":true,"valueName":"search_term_string"}}],"inLanguage":"pt-BR"},{"@type":"Organization","@id":"https:\/\/www.steeringlegal.com\/pt-br\/#organization","name":"Steering Legal","url":"https:\/\/www.steeringlegal.com\/pt-br\/","logo":{"@type":"ImageObject","inLanguage":"pt-BR","@id":"https:\/\/www.steeringlegal.com\/pt-br\/#\/schema\/logo\/image\/","url":"https:\/\/www.steeringlegal.com\/wp-content\/uploads\/2019\/11\/logo-steering-couleur-1.jpg","contentUrl":"https:\/\/www.steeringlegal.com\/wp-content\/uploads\/2019\/11\/logo-steering-couleur-1.jpg","width":2176,"height":1137,"caption":"Steering Legal"},"image":{"@id":"https:\/\/www.steeringlegal.com\/pt-br\/#\/schema\/logo\/image\/"},"sameAs":["https:\/\/www.linkedin.com\/company\/steering-law-firm\/?viewAsMember=true"]}]}},"_links":{"self":[{"href":"https:\/\/www.steeringlegal.com\/pt-br\/wp-json\/wp\/v2\/pages\/29182","targetHints":{"allow":["GET"]}}],"collection":[{"href":"https:\/\/www.steeringlegal.com\/pt-br\/wp-json\/wp\/v2\/pages"}],"about":[{"href":"https:\/\/www.steeringlegal.com\/pt-br\/wp-json\/wp\/v2\/types\/page"}],"author":[{"embeddable":true,"href":"https:\/\/www.steeringlegal.com\/pt-br\/wp-json\/wp\/v2\/users\/4"}],"replies":[{"embeddable":true,"href":"https:\/\/www.steeringlegal.com\/pt-br\/wp-json\/wp\/v2\/comments?post=29182"}],"version-history":[{"count":3,"href":"https:\/\/www.steeringlegal.com\/pt-br\/wp-json\/wp\/v2\/pages\/29182\/revisions"}],"predecessor-version":[{"id":29186,"href":"https:\/\/www.steeringlegal.com\/pt-br\/wp-json\/wp\/v2\/pages\/29182\/revisions\/29186"}],"wp:attachment":[{"href":"https:\/\/www.steeringlegal.com\/pt-br\/wp-json\/wp\/v2\/media?parent=29182"}],"curies":[{"name":"wp","href":"https:\/\/api.w.org\/{rel}","templated":true}]}}