{"id":29194,"date":"2023-05-25T16:13:58","date_gmt":"2023-05-25T14:13:58","guid":{"rendered":"https:\/\/www.steeringlegal.com\/?page_id=29194"},"modified":"2024-07-10T10:20:01","modified_gmt":"2024-07-10T08:20:01","slug":"newsletters","status":"publish","type":"page","link":"https:\/\/www.steeringlegal.com\/pt-br\/actualidades\/newsletters\/","title":{"rendered":"Newsletters"},"content":{"rendered":"\t\t<div data-elementor-type=\"wp-page\" data-elementor-id=\"29194\" class=\"elementor elementor-29194 elementor-28920\" data-elementor-post-type=\"page\">\n\t\t\t\t\t\t<section class=\"elementor-section elementor-top-section elementor-element elementor-element-2ba1e6b elementor-section-boxed elementor-section-height-default elementor-section-height-default\" data-id=\"2ba1e6b\" data-element_type=\"section\">\n\t\t\t\t\t\t<div class=\"elementor-container elementor-column-gap-default\">\n\t\t\t\t\t<div class=\"elementor-column elementor-col-100 elementor-top-column elementor-element elementor-element-9e7f943\" data-id=\"9e7f943\" data-element_type=\"column\">\n\t\t\t<div class=\"elementor-widget-wrap elementor-element-populated\">\n\t\t\t\t\t\t<div class=\"elementor-element elementor-element-88f7703 elementor-widget elementor-widget-template\" data-id=\"88f7703\" data-element_type=\"widget\" data-widget_type=\"template.default\">\n\t\t\t\t<div class=\"elementor-widget-container\">\n\t\t\t\t\t\t\t<div class=\"elementor-template\">\n\t\t\t\t\t<div data-elementor-type=\"section\" data-elementor-id=\"29177\" class=\"elementor elementor-29177 elementor-28703 elementor-28703\" data-elementor-post-type=\"elementor_library\">\n\t\t\t\t\t<section class=\"elementor-section elementor-top-section elementor-element elementor-element-65b97ff elementor-section-boxed elementor-section-height-default elementor-section-height-default\" data-id=\"65b97ff\" data-element_type=\"section\">\n\t\t\t\t\t\t<div class=\"elementor-container elementor-column-gap-default\">\n\t\t\t\t\t<div class=\"elementor-column elementor-col-100 elementor-top-column elementor-element elementor-element-434f5e74\" data-id=\"434f5e74\" data-element_type=\"column\">\n\t\t\t<div class=\"elementor-widget-wrap elementor-element-populated\">\n\t\t\t\t\t\t<div class=\"elementor-element elementor-element-4b255143 elementor-icon-list--layout-inline elementor-list-item-link-full_width elementor-widget elementor-widget-icon-list\" data-id=\"4b255143\" data-element_type=\"widget\" data-widget_type=\"icon-list.default\">\n\t\t\t\t<div class=\"elementor-widget-container\">\n\t\t\t\t\t\t\t<ul class=\"elementor-icon-list-items elementor-inline-items\">\n\t\t\t\t\t\t\t<li class=\"elementor-icon-list-item elementor-inline-item\">\n\t\t\t\t\t\t\t\t\t\t\t<a href=\"https:\/\/www.steeringlegal.com\/pt-br\/actualidades\/publicacoes\/\">\n\n\t\t\t\t\t\t\t\t\t\t\t\t<span class=\"elementor-icon-list-icon\">\n\t\t\t\t\t\t\t<i aria-hidden=\"true\" class=\"fas fa-book\"><\/i>\t\t\t\t\t\t<\/span>\n\t\t\t\t\t\t\t\t\t\t<span class=\"elementor-icon-list-text\">Publica\u00e7\u00f5es<\/span>\n\t\t\t\t\t\t\t\t\t\t\t<\/a>\n\t\t\t\t\t\t\t\t\t<\/li>\n\t\t\t\t\t\t\t\t<li class=\"elementor-icon-list-item elementor-inline-item\">\n\t\t\t\t\t\t\t\t\t\t\t<a href=\"https:\/\/www.steeringlegal.com\/pt-br\/actualidades\/propaganda\/\">\n\n\t\t\t\t\t\t\t\t\t\t\t\t<span class=\"elementor-icon-list-icon\">\n\t\t\t\t\t\t\t<i aria-hidden=\"true\" class=\"fas fa-bullhorn\"><\/i>\t\t\t\t\t\t<\/span>\n\t\t\t\t\t\t\t\t\t\t<span class=\"elementor-icon-list-text\">Propaganda<\/span>\n\t\t\t\t\t\t\t\t\t\t\t<\/a>\n\t\t\t\t\t\t\t\t\t<\/li>\n\t\t\t\t\t\t\t\t<li class=\"elementor-icon-list-item elementor-inline-item\">\n\t\t\t\t\t\t\t\t\t\t\t<a href=\"https:\/\/www.steeringlegal.com\/pt-br\/actualidades\/newsletters\/\">\n\n\t\t\t\t\t\t\t\t\t\t\t\t<span class=\"elementor-icon-list-icon\">\n\t\t\t\t\t\t\t<i aria-hidden=\"true\" class=\"far fa-newspaper\"><\/i>\t\t\t\t\t\t<\/span>\n\t\t\t\t\t\t\t\t\t\t<span class=\"elementor-icon-list-text\">Newsletters<\/span>\n\t\t\t\t\t\t\t\t\t\t\t<\/a>\n\t\t\t\t\t\t\t\t\t<\/li>\n\t\t\t\t\t\t\t\t<li class=\"elementor-icon-list-item elementor-inline-item\">\n\t\t\t\t\t\t\t\t\t\t\t<a href=\"https:\/\/www.steeringlegal.com\/pt-br\/actualidades\/premios\/\">\n\n\t\t\t\t\t\t\t\t\t\t\t\t<span class=\"elementor-icon-list-icon\">\n\t\t\t\t\t\t\t<i aria-hidden=\"true\" class=\"fas fa-trophy\"><\/i>\t\t\t\t\t\t<\/span>\n\t\t\t\t\t\t\t\t\t\t<span class=\"elementor-icon-list-text\">Pr\u00e9mios<\/span>\n\t\t\t\t\t\t\t\t\t\t\t<\/a>\n\t\t\t\t\t\t\t\t\t<\/li>\n\t\t\t\t\t\t<\/ul>\n\t\t\t\t\t\t<\/div>\n\t\t\t\t<\/div>\n\t\t\t\t\t<\/div>\n\t\t<\/div>\n\t\t\t\t\t<\/div>\n\t\t<\/section>\n\t\t\t\t<\/div>\n\t\t\t\t<\/div>\n\t\t\t\t\t\t<\/div>\n\t\t\t\t<\/div>\n\t\t\t\t<div class=\"elementor-element elementor-element-28908a3 elementor-grid-3 elementor-grid-tablet-2 elementor-grid-mobile-1 elementor-posts--thumbnail-top elementor-card-shadow-yes elementor-posts__hover-gradient elementor-widget elementor-widget-posts\" data-id=\"28908a3\" data-element_type=\"widget\" data-settings=\"{&quot;pagination_type&quot;:&quot;load_more_infinite_scroll&quot;,&quot;cards_columns&quot;:&quot;3&quot;,&quot;cards_columns_tablet&quot;:&quot;2&quot;,&quot;cards_columns_mobile&quot;:&quot;1&quot;,&quot;cards_row_gap&quot;:{&quot;unit&quot;:&quot;px&quot;,&quot;size&quot;:35,&quot;sizes&quot;:[]},&quot;cards_row_gap_tablet&quot;:{&quot;unit&quot;:&quot;px&quot;,&quot;size&quot;:&quot;&quot;,&quot;sizes&quot;:[]},&quot;cards_row_gap_mobile&quot;:{&quot;unit&quot;:&quot;px&quot;,&quot;size&quot;:&quot;&quot;,&quot;sizes&quot;:[]},&quot;load_more_spinner&quot;:{&quot;value&quot;:&quot;fas fa-spinner&quot;,&quot;library&quot;:&quot;fa-solid&quot;}}\" data-widget_type=\"posts.cards\">\n\t\t\t\t<div class=\"elementor-widget-container\">\n\t\t\t\t\t\t\t<div class=\"elementor-posts-container elementor-posts elementor-posts--skin-cards elementor-grid\" role=\"list\">\n\t\t\t\t<article class=\"elementor-post elementor-grid-item post-50566 post type-post status-publish format-standard has-post-thumbnail hentry category-newsletters-pt-br tag-chadenet-pt-br tag-fourrier tag-hoel-pt-br tag-lambert-pt-br tag-sy-savane-pt-br\" role=\"listitem\">\n\t\t\t<div class=\"elementor-post__card\">\n\t\t\t\t<a class=\"elementor-post__thumbnail__link\" href=\"https:\/\/www.steeringlegal.com\/pt-br\/clausulas-de-ia-em-contratos-de-ti\/\" tabindex=\"-1\" ><div class=\"elementor-post__thumbnail\"><img fetchpriority=\"high\" decoding=\"async\" width=\"768\" height=\"571\" src=\"https:\/\/www.steeringlegal.com\/wp-content\/uploads\/2026\/03\/Clauses-IA-et-contrats-IT_IP-Tech-Data_Page_1_Image_0002.jpg\" class=\"attachment-medium_large size-medium_large wp-image-50555\" alt=\"\" srcset=\"https:\/\/www.steeringlegal.com\/wp-content\/uploads\/2026\/03\/Clauses-IA-et-contrats-IT_IP-Tech-Data_Page_1_Image_0002.jpg 1532w, https:\/\/www.steeringlegal.com\/wp-content\/uploads\/2026\/03\/Clauses-IA-et-contrats-IT_IP-Tech-Data_Page_1_Image_0002-300x223.jpg 300w, https:\/\/www.steeringlegal.com\/wp-content\/uploads\/2026\/03\/Clauses-IA-et-contrats-IT_IP-Tech-Data_Page_1_Image_0002-1024x762.jpg 1024w\" sizes=\"(max-width: 768px) 100vw, 768px\" \/><\/div><\/a>\n\t\t\t\t<div class=\"elementor-post__badge\">Newsletters<\/div>\n\t\t\t\t<div class=\"elementor-post__text\">\n\t\t\t\t<h3 class=\"elementor-post__title\">\n\t\t\t<a href=\"https:\/\/www.steeringlegal.com\/pt-br\/clausulas-de-ia-em-contratos-de-ti\/\" >\n\t\t\t\tCl\u00e1usulas de IA em contratos de TI\t\t\t<\/a>\n\t\t<\/h3>\n\t\t\t\t<div class=\"elementor-post__excerpt\">\n\t\t\t<p>Quais s\u00e3o os bons h\u00e1bitos a adotar? com a equipe IP-IT e Dados &nbsp; Cl\u00e1usulas de IA em contratos de TI<\/p>\n\t\t<\/div>\n\t\t\n\t\t<a class=\"elementor-post__read-more\" href=\"https:\/\/www.steeringlegal.com\/pt-br\/clausulas-de-ia-em-contratos-de-ti\/\" aria-label=\"Leia mais sobre Cl\u00e1usulas de IA em contratos de TI\" tabindex=\"-1\" >\n\t\t\tLire la suite \u00bb\t\t<\/a>\n\n\t\t\t\t<\/div>\n\t\t\t\t<div class=\"elementor-post__meta-data\">\n\t\t\t\t\t<span class=\"elementor-post-date\">\n\t\t\t3 de mar\u00e7o de 2026\t\t<\/span>\n\t\t\t\t<\/div>\n\t\t\t\t\t<\/div>\n\t\t<\/article>\n\t\t\t\t<article class=\"elementor-post elementor-grid-item post-34973 post type-post status-publish format-standard has-post-thumbnail hentry category-newsletters-pt-br\" role=\"listitem\">\n\t\t\t<div class=\"elementor-post__card\">\n\t\t\t\t<a class=\"elementor-post__thumbnail__link\" href=\"https:\/\/www.steeringlegal.com\/pt-br\/newsletter-tech-data-may-june-2024\/\" tabindex=\"-1\" ><div class=\"elementor-post__thumbnail\"><img decoding=\"async\" width=\"768\" height=\"1086\" src=\"https:\/\/www.steeringlegal.com\/wp-content\/uploads\/2024\/07\/Steering-Legal_Tech-Data_Nsl_may-june-2024_ENG_Page_1.jpg\" class=\"attachment-medium_large size-medium_large wp-image-34975\" alt=\"\" srcset=\"https:\/\/www.steeringlegal.com\/wp-content\/uploads\/2024\/07\/Steering-Legal_Tech-Data_Nsl_may-june-2024_ENG_Page_1.jpg 1655w, https:\/\/www.steeringlegal.com\/wp-content\/uploads\/2024\/07\/Steering-Legal_Tech-Data_Nsl_may-june-2024_ENG_Page_1-212x300.jpg 212w, https:\/\/www.steeringlegal.com\/wp-content\/uploads\/2024\/07\/Steering-Legal_Tech-Data_Nsl_may-june-2024_ENG_Page_1-724x1024.jpg 724w\" sizes=\"(max-width: 768px) 100vw, 768px\" \/><\/div><\/a>\n\t\t\t\t<div class=\"elementor-post__badge\">Newsletters<\/div>\n\t\t\t\t<div class=\"elementor-post__text\">\n\t\t\t\t<h3 class=\"elementor-post__title\">\n\t\t\t<a href=\"https:\/\/www.steeringlegal.com\/pt-br\/newsletter-tech-data-may-june-2024\/\" >\n\t\t\t\tNEWSLETTER Tecnologia &#8211; Dados | maio &#8211; junho 2024\t\t\t<\/a>\n\t\t<\/h3>\n\t\t\t\t<div class=\"elementor-post__excerpt\">\n\t\t\t<p>Steering Legal IP &#8211; IT \/ Data &amp; Media Department apresenta not\u00edcias jur\u00eddicas de interesse em maio &#8211; junho de 2024 em Tech-Data&#8230; Boa leitura!<\/p>\n\t\t<\/div>\n\t\t\n\t\t<a class=\"elementor-post__read-more\" href=\"https:\/\/www.steeringlegal.com\/pt-br\/newsletter-tech-data-may-june-2024\/\" aria-label=\"Leia mais sobre NEWSLETTER Tecnologia &#8211; Dados | maio &#8211; junho 2024\" tabindex=\"-1\" >\n\t\t\tLire la suite \u00bb\t\t<\/a>\n\n\t\t\t\t<\/div>\n\t\t\t\t<div class=\"elementor-post__meta-data\">\n\t\t\t\t\t<span class=\"elementor-post-date\">\n\t\t\t2 de julho de 2024\t\t<\/span>\n\t\t\t\t<\/div>\n\t\t\t\t\t<\/div>\n\t\t<\/article>\n\t\t\t\t<article class=\"elementor-post elementor-grid-item post-34949 post type-post status-publish format-standard has-post-thumbnail hentry category-newsletters-pt-br\" role=\"listitem\">\n\t\t\t<div class=\"elementor-post__card\">\n\t\t\t\t<a class=\"elementor-post__thumbnail__link\" href=\"https:\/\/www.steeringlegal.com\/pt-br\/newsletter-ip-media-mai-juin-2024\/\" tabindex=\"-1\" ><div class=\"elementor-post__thumbnail\"><img decoding=\"async\" width=\"768\" height=\"1086\" src=\"https:\/\/www.steeringlegal.com\/wp-content\/uploads\/2024\/07\/Steering-Legal_IP-Media_Nsl_may-june-2024_ENG_Page_1-1.jpg\" class=\"attachment-medium_large size-medium_large wp-image-34963\" alt=\"\" srcset=\"https:\/\/www.steeringlegal.com\/wp-content\/uploads\/2024\/07\/Steering-Legal_IP-Media_Nsl_may-june-2024_ENG_Page_1-1.jpg 1655w, https:\/\/www.steeringlegal.com\/wp-content\/uploads\/2024\/07\/Steering-Legal_IP-Media_Nsl_may-june-2024_ENG_Page_1-1-212x300.jpg 212w, https:\/\/www.steeringlegal.com\/wp-content\/uploads\/2024\/07\/Steering-Legal_IP-Media_Nsl_may-june-2024_ENG_Page_1-1-724x1024.jpg 724w\" sizes=\"(max-width: 768px) 100vw, 768px\" \/><\/div><\/a>\n\t\t\t\t<div class=\"elementor-post__badge\">Newsletters<\/div>\n\t\t\t\t<div class=\"elementor-post__text\">\n\t\t\t\t<h3 class=\"elementor-post__title\">\n\t\t\t<a href=\"https:\/\/www.steeringlegal.com\/pt-br\/newsletter-ip-media-mai-juin-2024\/\" >\n\t\t\t\tNEWSLETTER IP &#8211; Media | maio &#8211; junho 2024\t\t\t<\/a>\n\t\t<\/h3>\n\t\t\t\t<div class=\"elementor-post__excerpt\">\n\t\t\t<p>Steering Legal IP &#8211; IT \/ Data &amp; Media Department apresenta not\u00edcias jur\u00eddicas de interesse em maio &#8211; junho de 2024 em IP-Media&#8230; Boa leitura!<\/p>\n\t\t<\/div>\n\t\t\n\t\t<a class=\"elementor-post__read-more\" href=\"https:\/\/www.steeringlegal.com\/pt-br\/newsletter-ip-media-mai-juin-2024\/\" aria-label=\"Leia mais sobre NEWSLETTER IP &#8211; Media | maio &#8211; junho 2024\" tabindex=\"-1\" >\n\t\t\tLire la suite \u00bb\t\t<\/a>\n\n\t\t\t\t<\/div>\n\t\t\t\t<div class=\"elementor-post__meta-data\">\n\t\t\t\t\t<span class=\"elementor-post-date\">\n\t\t\t2 de julho de 2024\t\t<\/span>\n\t\t\t\t<\/div>\n\t\t\t\t\t<\/div>\n\t\t<\/article>\n\t\t\t\t<article class=\"elementor-post elementor-grid-item post-34159 post type-post status-publish format-standard has-post-thumbnail hentry category-newsletters-pt-br\" role=\"listitem\">\n\t\t\t<div class=\"elementor-post__card\">\n\t\t\t\t<a class=\"elementor-post__thumbnail__link\" href=\"https:\/\/www.steeringlegal.com\/pt-br\/newsletter-ip-midia-marco-abril-de-2024\/\" tabindex=\"-1\" ><div class=\"elementor-post__thumbnail\"><img loading=\"lazy\" decoding=\"async\" width=\"768\" height=\"1086\" src=\"https:\/\/www.steeringlegal.com\/wp-content\/uploads\/2024\/05\/NLS8-mars-avr-IP-MEDIA-ENG-1.png\" class=\"attachment-medium_large size-medium_large wp-image-34161\" alt=\"\" srcset=\"https:\/\/www.steeringlegal.com\/wp-content\/uploads\/2024\/05\/NLS8-mars-avr-IP-MEDIA-ENG-1.png 1414w, https:\/\/www.steeringlegal.com\/wp-content\/uploads\/2024\/05\/NLS8-mars-avr-IP-MEDIA-ENG-1-212x300.png 212w, https:\/\/www.steeringlegal.com\/wp-content\/uploads\/2024\/05\/NLS8-mars-avr-IP-MEDIA-ENG-1-724x1024.png 724w\" sizes=\"(max-width: 768px) 100vw, 768px\" \/><\/div><\/a>\n\t\t\t\t<div class=\"elementor-post__badge\">Newsletters<\/div>\n\t\t\t\t<div class=\"elementor-post__text\">\n\t\t\t\t<h3 class=\"elementor-post__title\">\n\t\t\t<a href=\"https:\/\/www.steeringlegal.com\/pt-br\/newsletter-ip-midia-marco-abril-de-2024\/\" >\n\t\t\t\tNEWSLETTER IP &#8211; M\u00eddia | Mar\u00e7o &#8211; Abril de 2024\t\t\t<\/a>\n\t\t<\/h3>\n\t\t\t\t<div class=\"elementor-post__excerpt\">\n\t\t\t<p>O Departamento de IP-IT \/ Dados e M\u00eddia apresenta as quest\u00f5es jur\u00eddicas atuais que chamaram sua aten\u00e7\u00e3o em mar\u00e7o &#8211; abril de 2024 na IP-Media&#8230;<\/p>\n\t\t<\/div>\n\t\t\n\t\t<a class=\"elementor-post__read-more\" href=\"https:\/\/www.steeringlegal.com\/pt-br\/newsletter-ip-midia-marco-abril-de-2024\/\" aria-label=\"Leia mais sobre NEWSLETTER IP &#8211; M\u00eddia | Mar\u00e7o &#8211; Abril de 2024\" tabindex=\"-1\" >\n\t\t\tLire la suite \u00bb\t\t<\/a>\n\n\t\t\t\t<\/div>\n\t\t\t\t<div class=\"elementor-post__meta-data\">\n\t\t\t\t\t<span class=\"elementor-post-date\">\n\t\t\t13 de maio de 2024\t\t<\/span>\n\t\t\t\t<\/div>\n\t\t\t\t\t<\/div>\n\t\t<\/article>\n\t\t\t\t<article class=\"elementor-post elementor-grid-item post-34164 post type-post status-publish format-standard has-post-thumbnail hentry category-newsletters-pt-br\" role=\"listitem\">\n\t\t\t<div class=\"elementor-post__card\">\n\t\t\t\t<a class=\"elementor-post__thumbnail__link\" href=\"https:\/\/www.steeringlegal.com\/pt-br\/newsletter-tecnologia-dados-marco-abril-de-2024\/\" tabindex=\"-1\" ><div class=\"elementor-post__thumbnail\"><img loading=\"lazy\" decoding=\"async\" width=\"768\" height=\"1086\" src=\"https:\/\/www.steeringlegal.com\/wp-content\/uploads\/2024\/05\/NSL8-mars-avril-TECHDATA-ENG-2.png\" class=\"attachment-medium_large size-medium_large wp-image-34166\" alt=\"\" srcset=\"https:\/\/www.steeringlegal.com\/wp-content\/uploads\/2024\/05\/NSL8-mars-avril-TECHDATA-ENG-2.png 1414w, https:\/\/www.steeringlegal.com\/wp-content\/uploads\/2024\/05\/NSL8-mars-avril-TECHDATA-ENG-2-212x300.png 212w, https:\/\/www.steeringlegal.com\/wp-content\/uploads\/2024\/05\/NSL8-mars-avril-TECHDATA-ENG-2-724x1024.png 724w\" sizes=\"(max-width: 768px) 100vw, 768px\" \/><\/div><\/a>\n\t\t\t\t<div class=\"elementor-post__badge\">Newsletters<\/div>\n\t\t\t\t<div class=\"elementor-post__text\">\n\t\t\t\t<h3 class=\"elementor-post__title\">\n\t\t\t<a href=\"https:\/\/www.steeringlegal.com\/pt-br\/newsletter-tecnologia-dados-marco-abril-de-2024\/\" >\n\t\t\t\tNEWSLETTER Tecnologia &#8211; Dados | Mar\u00e7o &#8211; Abril de 2024\t\t\t<\/a>\n\t\t<\/h3>\n\t\t\t\t<div class=\"elementor-post__excerpt\">\n\t\t\t<p>O Departamento de IP &#8211; TI \/ Dados e M\u00eddia apresenta as quest\u00f5es jur\u00eddicas atuais que chamaram sua aten\u00e7\u00e3o de mar\u00e7o a abril de 2024<\/p>\n\t\t<\/div>\n\t\t\n\t\t<a class=\"elementor-post__read-more\" href=\"https:\/\/www.steeringlegal.com\/pt-br\/newsletter-tecnologia-dados-marco-abril-de-2024\/\" aria-label=\"Leia mais sobre NEWSLETTER Tecnologia &#8211; Dados | Mar\u00e7o &#8211; Abril de 2024\" tabindex=\"-1\" >\n\t\t\tLire la suite \u00bb\t\t<\/a>\n\n\t\t\t\t<\/div>\n\t\t\t\t<div class=\"elementor-post__meta-data\">\n\t\t\t\t\t<span class=\"elementor-post-date\">\n\t\t\t13 de maio de 2024\t\t<\/span>\n\t\t\t\t<\/div>\n\t\t\t\t\t<\/div>\n\t\t<\/article>\n\t\t\t\t<article class=\"elementor-post elementor-grid-item post-32735 post type-post status-publish format-standard has-post-thumbnail hentry category-newsletters-pt-br\" role=\"listitem\">\n\t\t\t<div class=\"elementor-post__card\">\n\t\t\t\t<a class=\"elementor-post__thumbnail__link\" href=\"https:\/\/www.steeringlegal.com\/pt-br\/newsletter-tecnologia-dados-janeiro-fevereiro-de-2024\/\" tabindex=\"-1\" ><div class=\"elementor-post__thumbnail\"><img loading=\"lazy\" decoding=\"async\" width=\"768\" height=\"1082\" src=\"https:\/\/www.steeringlegal.com\/wp-content\/uploads\/2024\/03\/20240312-tech-data-ENG-2-scaled.jpg\" class=\"attachment-medium_large size-medium_large wp-image-32774\" alt=\"\" srcset=\"https:\/\/www.steeringlegal.com\/wp-content\/uploads\/2024\/03\/20240312-tech-data-ENG-2-scaled.jpg 1817w, https:\/\/www.steeringlegal.com\/wp-content\/uploads\/2024\/03\/20240312-tech-data-ENG-2-213x300.jpg 213w, https:\/\/www.steeringlegal.com\/wp-content\/uploads\/2024\/03\/20240312-tech-data-ENG-2-727x1024.jpg 727w\" sizes=\"(max-width: 768px) 100vw, 768px\" \/><\/div><\/a>\n\t\t\t\t<div class=\"elementor-post__badge\">Newsletters<\/div>\n\t\t\t\t<div class=\"elementor-post__text\">\n\t\t\t\t<h3 class=\"elementor-post__title\">\n\t\t\t<a href=\"https:\/\/www.steeringlegal.com\/pt-br\/newsletter-tecnologia-dados-janeiro-fevereiro-de-2024\/\" >\n\t\t\t\tNEWSLETTER Tecnologia &#8211; Dados | Janeiro &#8211; Fevereiro de 2024\t\t\t<\/a>\n\t\t<\/h3>\n\t\t\t\t<div class=\"elementor-post__excerpt\">\n\t\t\t<p>O Departamento de IP &#8211; TI \/ Dados e M\u00eddia apresenta as quest\u00f5es jur\u00eddicas atuais que chamaram sua aten\u00e7\u00e3o de janeiro a fevereiro de 2024<\/p>\n\t\t<\/div>\n\t\t\n\t\t<a class=\"elementor-post__read-more\" href=\"https:\/\/www.steeringlegal.com\/pt-br\/newsletter-tecnologia-dados-janeiro-fevereiro-de-2024\/\" aria-label=\"Leia mais sobre NEWSLETTER Tecnologia &#8211; Dados | Janeiro &#8211; Fevereiro de 2024\" tabindex=\"-1\" >\n\t\t\tLire la suite \u00bb\t\t<\/a>\n\n\t\t\t\t<\/div>\n\t\t\t\t<div class=\"elementor-post__meta-data\">\n\t\t\t\t\t<span class=\"elementor-post-date\">\n\t\t\t11 de mar\u00e7o de 2024\t\t<\/span>\n\t\t\t\t<\/div>\n\t\t\t\t\t<\/div>\n\t\t<\/article>\n\t\t\t\t<\/div>\n\t\t\t\t\t<span class=\"e-load-more-spinner\">\n\t\t\t\t<i aria-hidden=\"true\" class=\"fas fa-spinner\"><\/i>\t\t\t<\/span>\n\t\t\n\t\t\t\t<div class=\"e-load-more-anchor\" data-page=\"1\" data-max-page=\"2\" data-next-page=\"https:\/\/www.steeringlegal.com\/pt-br\/wp-json\/wp\/v2\/pages\/29194\/page\/2\/\"><\/div>\n\t\t\t\t<div class=\"e-load-more-message\"><\/div>\n\t\t\t\t\t\t<\/div>\n\t\t\t\t<\/div>\n\t\t\t\t\t<\/div>\n\t\t<\/div>\n\t\t\t\t\t<\/div>\n\t\t<\/section>\n\t\t\t\t<\/div>\n\t\t","protected":false},"excerpt":{"rendered":"","protected":false},"author":4,"featured_media":0,"parent":29182,"menu_order":0,"comment_status":"closed","ping_status":"closed","template":"","meta":{"_acf_changed":false,"footnotes":""},"class_list":["post-29194","page","type-page","status-publish","hentry"],"acf":[],"yoast_head":"<!-- This site is optimized with the Yoast SEO plugin v27.0 - https:\/\/yoast.com\/product\/yoast-seo-wordpress\/ -->\n<title>Newsletters | steeringlegal<\/title>\n<meta name=\"robots\" content=\"index, follow, max-snippet:-1, max-image-preview:large, max-video-preview:-1\" \/>\n<link rel=\"canonical\" href=\"https:\/\/www.steeringlegal.com\/pt-br\/actualidades\/newsletters\/\" \/>\n<meta property=\"og:locale\" content=\"pt_BR\" \/>\n<meta property=\"og:type\" content=\"article\" \/>\n<meta property=\"og:title\" content=\"Newsletters | steeringlegal\" \/>\n<meta property=\"og:url\" content=\"https:\/\/www.steeringlegal.com\/pt-br\/actualidades\/newsletters\/\" \/>\n<meta property=\"og:site_name\" content=\"steeringlegal\" \/>\n<meta property=\"article:modified_time\" content=\"2024-07-10T08:20:01+00:00\" \/>\n<meta name=\"twitter:card\" content=\"summary_large_image\" \/>\n<script type=\"application\/ld+json\" class=\"yoast-schema-graph\">{\"@context\":\"https:\/\/schema.org\",\"@graph\":[{\"@type\":\"WebPage\",\"@id\":\"https:\/\/www.steeringlegal.com\/pt-br\/actualidades\/newsletters\/\",\"url\":\"https:\/\/www.steeringlegal.com\/pt-br\/actualidades\/newsletters\/\",\"name\":\"Newsletters | steeringlegal\",\"isPartOf\":{\"@id\":\"https:\/\/www.steeringlegal.com\/pt-br\/#website\"},\"datePublished\":\"2023-05-25T14:13:58+00:00\",\"dateModified\":\"2024-07-10T08:20:01+00:00\",\"breadcrumb\":{\"@id\":\"https:\/\/www.steeringlegal.com\/pt-br\/actualidades\/newsletters\/#breadcrumb\"},\"inLanguage\":\"pt-BR\",\"potentialAction\":[{\"@type\":\"ReadAction\",\"target\":[\"https:\/\/www.steeringlegal.com\/pt-br\/actualidades\/newsletters\/\"]}]},{\"@type\":\"BreadcrumbList\",\"@id\":\"https:\/\/www.steeringlegal.com\/pt-br\/actualidades\/newsletters\/#breadcrumb\",\"itemListElement\":[{\"@type\":\"ListItem\",\"position\":1,\"name\":\"Accueil\",\"item\":\"https:\/\/www.steeringlegal.com\/pt-br\/\"},{\"@type\":\"ListItem\",\"position\":2,\"name\":\"Actualidades\",\"item\":\"https:\/\/www.steeringlegal.com\/pt-br\/actualidades\/\"},{\"@type\":\"ListItem\",\"position\":3,\"name\":\"Newsletters\"}]},{\"@type\":\"WebSite\",\"@id\":\"https:\/\/www.steeringlegal.com\/pt-br\/#website\",\"url\":\"https:\/\/www.steeringlegal.com\/pt-br\/\",\"name\":\"steeringlegal\",\"description\":\"Integrating Law into Business\",\"publisher\":{\"@id\":\"https:\/\/www.steeringlegal.com\/pt-br\/#organization\"},\"potentialAction\":[{\"@type\":\"SearchAction\",\"target\":{\"@type\":\"EntryPoint\",\"urlTemplate\":\"https:\/\/www.steeringlegal.com\/pt-br\/?s={search_term_string}\"},\"query-input\":{\"@type\":\"PropertyValueSpecification\",\"valueRequired\":true,\"valueName\":\"search_term_string\"}}],\"inLanguage\":\"pt-BR\"},{\"@type\":\"Organization\",\"@id\":\"https:\/\/www.steeringlegal.com\/pt-br\/#organization\",\"name\":\"Steering Legal\",\"url\":\"https:\/\/www.steeringlegal.com\/pt-br\/\",\"logo\":{\"@type\":\"ImageObject\",\"inLanguage\":\"pt-BR\",\"@id\":\"https:\/\/www.steeringlegal.com\/pt-br\/#\/schema\/logo\/image\/\",\"url\":\"https:\/\/www.steeringlegal.com\/wp-content\/uploads\/2019\/11\/logo-steering-couleur-1.jpg\",\"contentUrl\":\"https:\/\/www.steeringlegal.com\/wp-content\/uploads\/2019\/11\/logo-steering-couleur-1.jpg\",\"width\":2176,\"height\":1137,\"caption\":\"Steering Legal\"},\"image\":{\"@id\":\"https:\/\/www.steeringlegal.com\/pt-br\/#\/schema\/logo\/image\/\"},\"sameAs\":[\"https:\/\/www.linkedin.com\/company\/steering-law-firm\/?viewAsMember=true\"]}]}<\/script>\n<!-- \/ Yoast SEO plugin. -->","yoast_head_json":{"title":"Newsletters | steeringlegal","robots":{"index":"index","follow":"follow","max-snippet":"max-snippet:-1","max-image-preview":"max-image-preview:large","max-video-preview":"max-video-preview:-1"},"canonical":"https:\/\/www.steeringlegal.com\/pt-br\/actualidades\/newsletters\/","og_locale":"pt_BR","og_type":"article","og_title":"Newsletters | steeringlegal","og_url":"https:\/\/www.steeringlegal.com\/pt-br\/actualidades\/newsletters\/","og_site_name":"steeringlegal","article_modified_time":"2024-07-10T08:20:01+00:00","twitter_card":"summary_large_image","schema":{"@context":"https:\/\/schema.org","@graph":[{"@type":"WebPage","@id":"https:\/\/www.steeringlegal.com\/pt-br\/actualidades\/newsletters\/","url":"https:\/\/www.steeringlegal.com\/pt-br\/actualidades\/newsletters\/","name":"Newsletters | steeringlegal","isPartOf":{"@id":"https:\/\/www.steeringlegal.com\/pt-br\/#website"},"datePublished":"2023-05-25T14:13:58+00:00","dateModified":"2024-07-10T08:20:01+00:00","breadcrumb":{"@id":"https:\/\/www.steeringlegal.com\/pt-br\/actualidades\/newsletters\/#breadcrumb"},"inLanguage":"pt-BR","potentialAction":[{"@type":"ReadAction","target":["https:\/\/www.steeringlegal.com\/pt-br\/actualidades\/newsletters\/"]}]},{"@type":"BreadcrumbList","@id":"https:\/\/www.steeringlegal.com\/pt-br\/actualidades\/newsletters\/#breadcrumb","itemListElement":[{"@type":"ListItem","position":1,"name":"Accueil","item":"https:\/\/www.steeringlegal.com\/pt-br\/"},{"@type":"ListItem","position":2,"name":"Actualidades","item":"https:\/\/www.steeringlegal.com\/pt-br\/actualidades\/"},{"@type":"ListItem","position":3,"name":"Newsletters"}]},{"@type":"WebSite","@id":"https:\/\/www.steeringlegal.com\/pt-br\/#website","url":"https:\/\/www.steeringlegal.com\/pt-br\/","name":"steeringlegal","description":"Integrating Law into Business","publisher":{"@id":"https:\/\/www.steeringlegal.com\/pt-br\/#organization"},"potentialAction":[{"@type":"SearchAction","target":{"@type":"EntryPoint","urlTemplate":"https:\/\/www.steeringlegal.com\/pt-br\/?s={search_term_string}"},"query-input":{"@type":"PropertyValueSpecification","valueRequired":true,"valueName":"search_term_string"}}],"inLanguage":"pt-BR"},{"@type":"Organization","@id":"https:\/\/www.steeringlegal.com\/pt-br\/#organization","name":"Steering Legal","url":"https:\/\/www.steeringlegal.com\/pt-br\/","logo":{"@type":"ImageObject","inLanguage":"pt-BR","@id":"https:\/\/www.steeringlegal.com\/pt-br\/#\/schema\/logo\/image\/","url":"https:\/\/www.steeringlegal.com\/wp-content\/uploads\/2019\/11\/logo-steering-couleur-1.jpg","contentUrl":"https:\/\/www.steeringlegal.com\/wp-content\/uploads\/2019\/11\/logo-steering-couleur-1.jpg","width":2176,"height":1137,"caption":"Steering Legal"},"image":{"@id":"https:\/\/www.steeringlegal.com\/pt-br\/#\/schema\/logo\/image\/"},"sameAs":["https:\/\/www.linkedin.com\/company\/steering-law-firm\/?viewAsMember=true"]}]}},"_links":{"self":[{"href":"https:\/\/www.steeringlegal.com\/pt-br\/wp-json\/wp\/v2\/pages\/29194","targetHints":{"allow":["GET"]}}],"collection":[{"href":"https:\/\/www.steeringlegal.com\/pt-br\/wp-json\/wp\/v2\/pages"}],"about":[{"href":"https:\/\/www.steeringlegal.com\/pt-br\/wp-json\/wp\/v2\/types\/page"}],"author":[{"embeddable":true,"href":"https:\/\/www.steeringlegal.com\/pt-br\/wp-json\/wp\/v2\/users\/4"}],"replies":[{"embeddable":true,"href":"https:\/\/www.steeringlegal.com\/pt-br\/wp-json\/wp\/v2\/comments?post=29194"}],"version-history":[{"count":3,"href":"https:\/\/www.steeringlegal.com\/pt-br\/wp-json\/wp\/v2\/pages\/29194\/revisions"}],"predecessor-version":[{"id":35129,"href":"https:\/\/www.steeringlegal.com\/pt-br\/wp-json\/wp\/v2\/pages\/29194\/revisions\/35129"}],"up":[{"embeddable":true,"href":"https:\/\/www.steeringlegal.com\/pt-br\/wp-json\/wp\/v2\/pages\/29182"}],"wp:attachment":[{"href":"https:\/\/www.steeringlegal.com\/pt-br\/wp-json\/wp\/v2\/media?parent=29194"}],"curies":[{"name":"wp","href":"https:\/\/api.w.org\/{rel}","templated":true}]}}