{"id":29212,"date":"2023-05-25T16:19:03","date_gmt":"2023-05-25T14:19:03","guid":{"rendered":"https:\/\/www.steeringlegal.com\/?page_id=29212"},"modified":"2023-05-25T16:19:59","modified_gmt":"2023-05-25T14:19:59","slug":"publicacoes","status":"publish","type":"page","link":"https:\/\/www.steeringlegal.com\/pt-br\/actualidades\/publicacoes\/","title":{"rendered":"Publica\u00e7\u00f5es"},"content":{"rendered":"\t\t<div data-elementor-type=\"wp-page\" data-elementor-id=\"29212\" class=\"elementor elementor-29212 elementor-28922\" data-elementor-post-type=\"page\">\n\t\t\t\t\t\t<section class=\"elementor-section elementor-top-section elementor-element elementor-element-d500149 elementor-section-boxed elementor-section-height-default elementor-section-height-default\" data-id=\"d500149\" data-element_type=\"section\">\n\t\t\t\t\t\t<div class=\"elementor-container elementor-column-gap-default\">\n\t\t\t\t\t<div class=\"elementor-column elementor-col-100 elementor-top-column elementor-element elementor-element-253562b\" data-id=\"253562b\" data-element_type=\"column\">\n\t\t\t<div class=\"elementor-widget-wrap elementor-element-populated\">\n\t\t\t\t\t\t<div class=\"elementor-element elementor-element-8a9aa01 elementor-widget elementor-widget-template\" data-id=\"8a9aa01\" data-element_type=\"widget\" data-widget_type=\"template.default\">\n\t\t\t\t<div class=\"elementor-widget-container\">\n\t\t\t\t\t\t\t<div class=\"elementor-template\">\n\t\t\t\t\t<div data-elementor-type=\"section\" data-elementor-id=\"29177\" class=\"elementor elementor-29177 elementor-28703 elementor-28703\" data-elementor-post-type=\"elementor_library\">\n\t\t\t\t\t<section class=\"elementor-section elementor-top-section elementor-element elementor-element-65b97ff elementor-section-boxed elementor-section-height-default elementor-section-height-default\" data-id=\"65b97ff\" data-element_type=\"section\">\n\t\t\t\t\t\t<div class=\"elementor-container elementor-column-gap-default\">\n\t\t\t\t\t<div class=\"elementor-column elementor-col-100 elementor-top-column elementor-element elementor-element-434f5e74\" data-id=\"434f5e74\" data-element_type=\"column\">\n\t\t\t<div class=\"elementor-widget-wrap elementor-element-populated\">\n\t\t\t\t\t\t<div class=\"elementor-element elementor-element-4b255143 elementor-icon-list--layout-inline elementor-list-item-link-full_width elementor-widget elementor-widget-icon-list\" data-id=\"4b255143\" data-element_type=\"widget\" data-widget_type=\"icon-list.default\">\n\t\t\t\t<div class=\"elementor-widget-container\">\n\t\t\t\t\t\t\t<ul class=\"elementor-icon-list-items elementor-inline-items\">\n\t\t\t\t\t\t\t<li class=\"elementor-icon-list-item elementor-inline-item\">\n\t\t\t\t\t\t\t\t\t\t\t<a href=\"https:\/\/www.steeringlegal.com\/pt-br\/actualidades\/publicacoes\/\">\n\n\t\t\t\t\t\t\t\t\t\t\t\t<span class=\"elementor-icon-list-icon\">\n\t\t\t\t\t\t\t<i aria-hidden=\"true\" class=\"fas fa-book\"><\/i>\t\t\t\t\t\t<\/span>\n\t\t\t\t\t\t\t\t\t\t<span class=\"elementor-icon-list-text\">Publica\u00e7\u00f5es<\/span>\n\t\t\t\t\t\t\t\t\t\t\t<\/a>\n\t\t\t\t\t\t\t\t\t<\/li>\n\t\t\t\t\t\t\t\t<li class=\"elementor-icon-list-item elementor-inline-item\">\n\t\t\t\t\t\t\t\t\t\t\t<a href=\"https:\/\/www.steeringlegal.com\/pt-br\/actualidades\/propaganda\/\">\n\n\t\t\t\t\t\t\t\t\t\t\t\t<span class=\"elementor-icon-list-icon\">\n\t\t\t\t\t\t\t<i aria-hidden=\"true\" class=\"fas fa-bullhorn\"><\/i>\t\t\t\t\t\t<\/span>\n\t\t\t\t\t\t\t\t\t\t<span class=\"elementor-icon-list-text\">Propaganda<\/span>\n\t\t\t\t\t\t\t\t\t\t\t<\/a>\n\t\t\t\t\t\t\t\t\t<\/li>\n\t\t\t\t\t\t\t\t<li class=\"elementor-icon-list-item elementor-inline-item\">\n\t\t\t\t\t\t\t\t\t\t\t<a href=\"https:\/\/www.steeringlegal.com\/pt-br\/actualidades\/newsletters\/\">\n\n\t\t\t\t\t\t\t\t\t\t\t\t<span class=\"elementor-icon-list-icon\">\n\t\t\t\t\t\t\t<i aria-hidden=\"true\" class=\"far fa-newspaper\"><\/i>\t\t\t\t\t\t<\/span>\n\t\t\t\t\t\t\t\t\t\t<span class=\"elementor-icon-list-text\">Newsletters<\/span>\n\t\t\t\t\t\t\t\t\t\t\t<\/a>\n\t\t\t\t\t\t\t\t\t<\/li>\n\t\t\t\t\t\t\t\t<li class=\"elementor-icon-list-item elementor-inline-item\">\n\t\t\t\t\t\t\t\t\t\t\t<a href=\"https:\/\/www.steeringlegal.com\/pt-br\/actualidades\/premios\/\">\n\n\t\t\t\t\t\t\t\t\t\t\t\t<span class=\"elementor-icon-list-icon\">\n\t\t\t\t\t\t\t<i aria-hidden=\"true\" class=\"fas fa-trophy\"><\/i>\t\t\t\t\t\t<\/span>\n\t\t\t\t\t\t\t\t\t\t<span class=\"elementor-icon-list-text\">Pr\u00e9mios<\/span>\n\t\t\t\t\t\t\t\t\t\t\t<\/a>\n\t\t\t\t\t\t\t\t\t<\/li>\n\t\t\t\t\t\t<\/ul>\n\t\t\t\t\t\t<\/div>\n\t\t\t\t<\/div>\n\t\t\t\t\t<\/div>\n\t\t<\/div>\n\t\t\t\t\t<\/div>\n\t\t<\/section>\n\t\t\t\t<\/div>\n\t\t\t\t<\/div>\n\t\t\t\t\t\t<\/div>\n\t\t\t\t<\/div>\n\t\t\t\t<div class=\"elementor-element elementor-element-9c8af53 elementor-grid-3 elementor-grid-tablet-2 elementor-grid-mobile-1 elementor-posts--thumbnail-top elementor-card-shadow-yes elementor-posts__hover-gradient elementor-widget elementor-widget-posts\" data-id=\"9c8af53\" data-element_type=\"widget\" data-settings=\"{&quot;pagination_type&quot;:&quot;load_more_infinite_scroll&quot;,&quot;cards_columns&quot;:&quot;3&quot;,&quot;cards_columns_tablet&quot;:&quot;2&quot;,&quot;cards_columns_mobile&quot;:&quot;1&quot;,&quot;cards_row_gap&quot;:{&quot;unit&quot;:&quot;px&quot;,&quot;size&quot;:35,&quot;sizes&quot;:[]},&quot;cards_row_gap_tablet&quot;:{&quot;unit&quot;:&quot;px&quot;,&quot;size&quot;:&quot;&quot;,&quot;sizes&quot;:[]},&quot;cards_row_gap_mobile&quot;:{&quot;unit&quot;:&quot;px&quot;,&quot;size&quot;:&quot;&quot;,&quot;sizes&quot;:[]},&quot;load_more_spinner&quot;:{&quot;value&quot;:&quot;fas fa-spinner&quot;,&quot;library&quot;:&quot;fa-solid&quot;}}\" data-widget_type=\"posts.cards\">\n\t\t\t\t<div class=\"elementor-widget-container\">\n\t\t\t\t\t\t\t<div class=\"elementor-posts-container elementor-posts elementor-posts--skin-cards elementor-grid\" role=\"list\">\n\t\t\t\t<article class=\"elementor-post elementor-grid-item post-50625 post type-post status-publish format-standard has-post-thumbnail hentry category-publicacoes tag-lambert-pt-br\" role=\"listitem\">\n\t\t\t<div class=\"elementor-post__card\">\n\t\t\t\t<a class=\"elementor-post__thumbnail__link\" href=\"https:\/\/www.steeringlegal.com\/pt-br\/oda-telecomunicacoes-europeias-e-a-lei-das-redes-digitais\/\" tabindex=\"-1\" ><div class=\"elementor-post__thumbnail\"><img fetchpriority=\"high\" decoding=\"async\" width=\"300\" height=\"168\" src=\"https:\/\/www.steeringlegal.com\/wp-content\/uploads\/2026\/03\/telechargement.jpeg\" class=\"attachment-medium_large size-medium_large wp-image-50623\" alt=\"\" \/><\/div><\/a>\n\t\t\t\t<div class=\"elementor-post__badge\">Publica\u00e7\u00f5es<\/div>\n\t\t\t\t<div class=\"elementor-post__text\">\n\t\t\t\t<h3 class=\"elementor-post__title\">\n\t\t\t<a href=\"https:\/\/www.steeringlegal.com\/pt-br\/oda-telecomunicacoes-europeias-e-a-lei-das-redes-digitais\/\" >\n\t\t\t\tODA: Telecomunica\u00e7\u00f5es europeias e a Lei das Redes Digitais\t\t\t<\/a>\n\t\t<\/h3>\n\t\t\t\t<div class=\"elementor-post__excerpt\">\n\t\t\t<p>Na edi\u00e7\u00e3o de 25 de mar\u00e7o de 2026 da revista Option Droit &amp; Affaires, Maud Lambert, nossa s\u00f3cia na \u00e1rea de PI\/TI e dados, analisa<\/p>\n\t\t<\/div>\n\t\t\n\t\t<a class=\"elementor-post__read-more\" href=\"https:\/\/www.steeringlegal.com\/pt-br\/oda-telecomunicacoes-europeias-e-a-lei-das-redes-digitais\/\" aria-label=\"Leia mais sobre ODA: Telecomunica\u00e7\u00f5es europeias e a Lei das Redes Digitais\" tabindex=\"-1\" >\n\t\t\tLire la suite \u00bb\t\t<\/a>\n\n\t\t\t\t<\/div>\n\t\t\t\t<div class=\"elementor-post__meta-data\">\n\t\t\t\t\t<span class=\"elementor-post-date\">\n\t\t\t25 de mar\u00e7o de 2026\t\t<\/span>\n\t\t\t\t<\/div>\n\t\t\t\t\t<\/div>\n\t\t<\/article>\n\t\t\t\t<article class=\"elementor-post elementor-grid-item post-50190 post type-post status-publish format-standard has-post-thumbnail hentry category-publicacoes tag-elhouseny-pt-br tag-mohamed-pt-br\" role=\"listitem\">\n\t\t\t<div class=\"elementor-post__card\">\n\t\t\t\t<a class=\"elementor-post__thumbnail__link\" href=\"https:\/\/www.steeringlegal.com\/pt-br\/droit-maritime-des-emirats-arabes-unis\/\" tabindex=\"-1\" ><div class=\"elementor-post__thumbnail\"><img decoding=\"async\" width=\"768\" height=\"630\" src=\"https:\/\/www.steeringlegal.com\/wp-content\/uploads\/2026\/02\/2361906.jpg\" class=\"attachment-medium_large size-medium_large wp-image-50187\" alt=\"\" srcset=\"https:\/\/www.steeringlegal.com\/wp-content\/uploads\/2026\/02\/2361906.jpg 2000w, https:\/\/www.steeringlegal.com\/wp-content\/uploads\/2026\/02\/2361906-300x246.jpg 300w, https:\/\/www.steeringlegal.com\/wp-content\/uploads\/2026\/02\/2361906-1024x840.jpg 1024w\" sizes=\"(max-width: 768px) 100vw, 768px\" \/><\/div><\/a>\n\t\t\t\t<div class=\"elementor-post__badge\">Publica\u00e7\u00f5es<\/div>\n\t\t\t\t<div class=\"elementor-post__text\">\n\t\t\t\t<h3 class=\"elementor-post__title\">\n\t\t\t<a href=\"https:\/\/www.steeringlegal.com\/pt-br\/droit-maritime-des-emirats-arabes-unis\/\" >\n\t\t\t\tLei Mar\u00edtima dos EAU\t\t\t<\/a>\n\t\t<\/h3>\n\t\t\t\t<div class=\"elementor-post__excerpt\">\n\t\t\t<p>Tribunal de Cassa\u00e7\u00e3o delimita requisito de registo de propriedade a embarca\u00e7\u00f5es com bandeira dos EAU<\/p>\n\t\t<\/div>\n\t\t\n\t\t<a class=\"elementor-post__read-more\" href=\"https:\/\/www.steeringlegal.com\/pt-br\/droit-maritime-des-emirats-arabes-unis\/\" aria-label=\"Leia mais sobre Lei Mar\u00edtima dos EAU\" tabindex=\"-1\" >\n\t\t\tLire la suite \u00bb\t\t<\/a>\n\n\t\t\t\t<\/div>\n\t\t\t\t<div class=\"elementor-post__meta-data\">\n\t\t\t\t\t<span class=\"elementor-post-date\">\n\t\t\t11 de fevereiro de 2026\t\t<\/span>\n\t\t\t\t<\/div>\n\t\t\t\t\t<\/div>\n\t\t<\/article>\n\t\t\t\t<article class=\"elementor-post elementor-grid-item post-49924 post type-post status-publish format-standard has-post-thumbnail hentry category-publicacoes tag-artur-pt-br tag-solis-pt-br\" role=\"listitem\">\n\t\t\t<div class=\"elementor-post__card\">\n\t\t\t\t<a class=\"elementor-post__thumbnail__link\" href=\"https:\/\/www.steeringlegal.com\/pt-br\/notre-equipe-en-droit-social-partage-sa-vision-et-son-engagement-dans-le-figaro-partner\/\" tabindex=\"-1\" ><div class=\"elementor-post__thumbnail\"><img decoding=\"async\" width=\"768\" height=\"1086\" src=\"https:\/\/www.steeringlegal.com\/wp-content\/uploads\/2026\/01\/DroitSocial_Partner_230126-P1.jpg\" class=\"attachment-medium_large size-medium_large wp-image-49916\" alt=\"\" srcset=\"https:\/\/www.steeringlegal.com\/wp-content\/uploads\/2026\/01\/DroitSocial_Partner_230126-P1.jpg 910w, https:\/\/www.steeringlegal.com\/wp-content\/uploads\/2026\/01\/DroitSocial_Partner_230126-P1-212x300.jpg 212w, https:\/\/www.steeringlegal.com\/wp-content\/uploads\/2026\/01\/DroitSocial_Partner_230126-P1-724x1024.jpg 724w\" sizes=\"(max-width: 768px) 100vw, 768px\" \/><\/div><\/a>\n\t\t\t\t<div class=\"elementor-post__badge\">Publica\u00e7\u00f5es<\/div>\n\t\t\t\t<div class=\"elementor-post__text\">\n\t\t\t\t<h3 class=\"elementor-post__title\">\n\t\t\t<a href=\"https:\/\/www.steeringlegal.com\/pt-br\/notre-equipe-en-droit-social-partage-sa-vision-et-son-engagement-dans-le-figaro-partner\/\" >\n\t\t\t\tA nossa equipa especializada em direito do trabalho partilha a sua vis\u00e3o e compromisso no Le Figaro Partner\t\t\t<\/a>\n\t\t<\/h3>\n\t\t\t\t<div class=\"elementor-post__excerpt\">\n\t\t\t<p>\u00abA compet\u00eancia e o toque humano s\u00e3o indissoci\u00e1veis e decisivos\u00bb<\/p>\n\t\t<\/div>\n\t\t\n\t\t<a class=\"elementor-post__read-more\" href=\"https:\/\/www.steeringlegal.com\/pt-br\/notre-equipe-en-droit-social-partage-sa-vision-et-son-engagement-dans-le-figaro-partner\/\" aria-label=\"Leia mais sobre A nossa equipa especializada em direito do trabalho partilha a sua vis\u00e3o e compromisso no Le Figaro Partner\" tabindex=\"-1\" >\n\t\t\tLire la suite \u00bb\t\t<\/a>\n\n\t\t\t\t<\/div>\n\t\t\t\t<div class=\"elementor-post__meta-data\">\n\t\t\t\t\t<span class=\"elementor-post-date\">\n\t\t\t23 de janeiro de 2026\t\t<\/span>\n\t\t\t\t<\/div>\n\t\t\t\t\t<\/div>\n\t\t<\/article>\n\t\t\t\t<article class=\"elementor-post elementor-grid-item post-49198 post type-post status-publish format-standard has-post-thumbnail hentry category-publicacoes tag-artur-pt-br tag-solis-pt-br\" role=\"listitem\">\n\t\t\t<div class=\"elementor-post__card\">\n\t\t\t\t<a class=\"elementor-post__thumbnail__link\" href=\"https:\/\/www.steeringlegal.com\/pt-br\/enquetes-internes-rh\/\" tabindex=\"-1\" ><div class=\"elementor-post__thumbnail\"><img loading=\"lazy\" decoding=\"async\" width=\"768\" height=\"1086\" src=\"https:\/\/www.steeringlegal.com\/wp-content\/uploads\/2025\/12\/20251204-SSL-1-decembre-2025.jpg\" class=\"attachment-medium_large size-medium_large wp-image-49186\" alt=\"\" srcset=\"https:\/\/www.steeringlegal.com\/wp-content\/uploads\/2025\/12\/20251204-SSL-1-decembre-2025.jpg 1654w, https:\/\/www.steeringlegal.com\/wp-content\/uploads\/2025\/12\/20251204-SSL-1-decembre-2025-212x300.jpg 212w, https:\/\/www.steeringlegal.com\/wp-content\/uploads\/2025\/12\/20251204-SSL-1-decembre-2025-724x1024.jpg 724w\" sizes=\"(max-width: 768px) 100vw, 768px\" \/><\/div><\/a>\n\t\t\t\t<div class=\"elementor-post__badge\">Publica\u00e7\u00f5es<\/div>\n\t\t\t\t<div class=\"elementor-post__text\">\n\t\t\t\t<h3 class=\"elementor-post__title\">\n\t\t\t<a href=\"https:\/\/www.steeringlegal.com\/pt-br\/enquetes-internes-rh\/\" >\n\t\t\t\tInvestiga\u00e7\u00f5es internas de RH\t\t\t<\/a>\n\t\t<\/h3>\n\t\t\t\t<div class=\"elementor-post__excerpt\">\n\t\t\t<p>Na aus\u00eancia de um quadro jur\u00eddico espec\u00edfico, a metodologia para investiga\u00e7\u00f5es internas baseia-se nas melhores pr\u00e1ticas derivadas da jurisprud\u00eancia relevante.<\/p>\n\t\t<\/div>\n\t\t\n\t\t<a class=\"elementor-post__read-more\" href=\"https:\/\/www.steeringlegal.com\/pt-br\/enquetes-internes-rh\/\" aria-label=\"Leia mais sobre Investiga\u00e7\u00f5es internas de RH\" tabindex=\"-1\" >\n\t\t\tLire la suite \u00bb\t\t<\/a>\n\n\t\t\t\t<\/div>\n\t\t\t\t<div class=\"elementor-post__meta-data\">\n\t\t\t\t\t<span class=\"elementor-post-date\">\n\t\t\t1 de dezembro de 2025\t\t<\/span>\n\t\t\t\t<\/div>\n\t\t\t\t\t<\/div>\n\t\t<\/article>\n\t\t\t\t<article class=\"elementor-post elementor-grid-item post-49025 post type-post status-publish format-standard has-post-thumbnail hentry category-publicacoes tag-artur-pt-br\" role=\"listitem\">\n\t\t\t<div class=\"elementor-post__card\">\n\t\t\t\t<a class=\"elementor-post__thumbnail__link\" href=\"https:\/\/www.steeringlegal.com\/pt-br\/quand-tout-sarrete-le-choc\/\" tabindex=\"-1\" ><div class=\"elementor-post__thumbnail\"><img loading=\"lazy\" decoding=\"async\" width=\"768\" height=\"1152\" src=\"https:\/\/www.steeringlegal.com\/wp-content\/uploads\/2020\/10\/Gwenaelle-Artur-photo.jpg\" class=\"attachment-medium_large size-medium_large wp-image-41328\" alt=\"\" srcset=\"https:\/\/www.steeringlegal.com\/wp-content\/uploads\/2020\/10\/Gwenaelle-Artur-photo.jpg 1365w, https:\/\/www.steeringlegal.com\/wp-content\/uploads\/2020\/10\/Gwenaelle-Artur-photo-200x300.jpg 200w, https:\/\/www.steeringlegal.com\/wp-content\/uploads\/2020\/10\/Gwenaelle-Artur-photo-683x1024.jpg 683w\" sizes=\"(max-width: 768px) 100vw, 768px\" \/><\/div><\/a>\n\t\t\t\t<div class=\"elementor-post__badge\">Publica\u00e7\u00f5es<\/div>\n\t\t\t\t<div class=\"elementor-post__text\">\n\t\t\t\t<h3 class=\"elementor-post__title\">\n\t\t\t<a href=\"https:\/\/www.steeringlegal.com\/pt-br\/quand-tout-sarrete-le-choc\/\" >\n\t\t\t\tQuando tudo p\u00e1ra&#8230; o choque\t\t\t<\/a>\n\t\t<\/h3>\n\t\t\t\t<div class=\"elementor-post__excerpt\">\n\t\t\t<p>Quando um gestor descobre que a sua carreira profissional est\u00e1 a chegar ao fim, n\u00e3o se trata apenas de uma pausa. \u00c9 um terramoto pessoal.<\/p>\n\t\t<\/div>\n\t\t\n\t\t<a class=\"elementor-post__read-more\" href=\"https:\/\/www.steeringlegal.com\/pt-br\/quand-tout-sarrete-le-choc\/\" aria-label=\"Leia mais sobre Quando tudo p\u00e1ra&#8230; o choque\" tabindex=\"-1\" >\n\t\t\tLire la suite \u00bb\t\t<\/a>\n\n\t\t\t\t<\/div>\n\t\t\t\t<div class=\"elementor-post__meta-data\">\n\t\t\t\t\t<span class=\"elementor-post-date\">\n\t\t\t12 de novembro de 2025\t\t<\/span>\n\t\t\t\t<\/div>\n\t\t\t\t\t<\/div>\n\t\t<\/article>\n\t\t\t\t<article class=\"elementor-post elementor-grid-item post-48104 post type-post status-publish format-standard has-post-thumbnail hentry category-publicacoes tag-elhouseny-pt-br tag-mohamed-pt-br\" role=\"listitem\">\n\t\t\t<div class=\"elementor-post__card\">\n\t\t\t\t<a class=\"elementor-post__thumbnail__link\" href=\"https:\/\/www.steeringlegal.com\/pt-br\/comment-savoir-si-vous-louez-a-un-proprietaire-serieux-ou-si-vous-louez-a-un-bon-locataire\/\" tabindex=\"-1\" ><div class=\"elementor-post__thumbnail\"><img loading=\"lazy\" decoding=\"async\" width=\"612\" height=\"434\" src=\"https:\/\/www.steeringlegal.com\/wp-content\/uploads\/2025\/10\/istockphoto-1400267763-2048x2048-1.jpg\" class=\"attachment-medium_large size-medium_large wp-image-48101\" alt=\"\" srcset=\"https:\/\/www.steeringlegal.com\/wp-content\/uploads\/2025\/10\/istockphoto-1400267763-2048x2048-1.jpg 612w, https:\/\/www.steeringlegal.com\/wp-content\/uploads\/2025\/10\/istockphoto-1400267763-2048x2048-1-300x213.jpg 300w\" sizes=\"(max-width: 612px) 100vw, 612px\" \/><\/div><\/a>\n\t\t\t\t<div class=\"elementor-post__badge\">Publica\u00e7\u00f5es<\/div>\n\t\t\t\t<div class=\"elementor-post__text\">\n\t\t\t\t<h3 class=\"elementor-post__title\">\n\t\t\t<a href=\"https:\/\/www.steeringlegal.com\/pt-br\/comment-savoir-si-vous-louez-a-un-proprietaire-serieux-ou-si-vous-louez-a-un-bon-locataire\/\" >\n\t\t\t\tComo saber se est\u00e1 a alugar a um propriet\u00e1rio adequado ou a arrendar a um bom inquilino?\t\t\t<\/a>\n\t\t<\/h3>\n\t\t\t\t<div class=\"elementor-post__excerpt\">\n\t\t\t<p>O Certificado de Boa Conduta de Arrendamento \u00e9 uma grande mudan\u00e7a para o mercado de arrendamento de Dubai,<\/p>\n\t\t<\/div>\n\t\t\n\t\t<a class=\"elementor-post__read-more\" href=\"https:\/\/www.steeringlegal.com\/pt-br\/comment-savoir-si-vous-louez-a-un-proprietaire-serieux-ou-si-vous-louez-a-un-bon-locataire\/\" aria-label=\"Leia mais sobre Como saber se est\u00e1 a alugar a um propriet\u00e1rio adequado ou a arrendar a um bom inquilino?\" tabindex=\"-1\" >\n\t\t\tLire la suite \u00bb\t\t<\/a>\n\n\t\t\t\t<\/div>\n\t\t\t\t<div class=\"elementor-post__meta-data\">\n\t\t\t\t\t<span class=\"elementor-post-date\">\n\t\t\t10 de outubro de 2025\t\t<\/span>\n\t\t\t\t<\/div>\n\t\t\t\t\t<\/div>\n\t\t<\/article>\n\t\t\t\t<\/div>\n\t\t\t\t\t<span class=\"e-load-more-spinner\">\n\t\t\t\t<i aria-hidden=\"true\" class=\"fas fa-spinner\"><\/i>\t\t\t<\/span>\n\t\t\n\t\t\t\t<div class=\"e-load-more-anchor\" data-page=\"1\" data-max-page=\"6\" data-next-page=\"https:\/\/www.steeringlegal.com\/pt-br\/wp-json\/wp\/v2\/pages\/29212\/page\/2\/\"><\/div>\n\t\t\t\t<div class=\"e-load-more-message\"><\/div>\n\t\t\t\t\t\t<\/div>\n\t\t\t\t<\/div>\n\t\t\t\t\t<\/div>\n\t\t<\/div>\n\t\t\t\t\t<\/div>\n\t\t<\/section>\n\t\t\t\t<\/div>\n\t\t","protected":false},"excerpt":{"rendered":"","protected":false},"author":4,"featured_media":0,"parent":29182,"menu_order":0,"comment_status":"closed","ping_status":"closed","template":"","meta":{"_acf_changed":false,"footnotes":""},"class_list":["post-29212","page","type-page","status-publish","hentry"],"acf":[],"yoast_head":"<!-- This site is optimized with the Yoast SEO plugin v27.0 - https:\/\/yoast.com\/product\/yoast-seo-wordpress\/ -->\n<title>Publica\u00e7\u00f5es | steeringlegal<\/title>\n<meta name=\"robots\" content=\"index, follow, max-snippet:-1, max-image-preview:large, max-video-preview:-1\" \/>\n<link rel=\"canonical\" href=\"https:\/\/www.steeringlegal.com\/pt-br\/actualidades\/publicacoes\/\" \/>\n<meta property=\"og:locale\" content=\"pt_BR\" \/>\n<meta property=\"og:type\" content=\"article\" \/>\n<meta property=\"og:title\" content=\"Publica\u00e7\u00f5es | steeringlegal\" \/>\n<meta property=\"og:url\" content=\"https:\/\/www.steeringlegal.com\/pt-br\/actualidades\/publicacoes\/\" \/>\n<meta property=\"og:site_name\" content=\"steeringlegal\" \/>\n<meta property=\"article:modified_time\" content=\"2023-05-25T14:19:59+00:00\" \/>\n<meta name=\"twitter:card\" content=\"summary_large_image\" \/>\n<script type=\"application\/ld+json\" class=\"yoast-schema-graph\">{\"@context\":\"https:\/\/schema.org\",\"@graph\":[{\"@type\":\"WebPage\",\"@id\":\"https:\/\/www.steeringlegal.com\/pt-br\/actualidades\/publicacoes\/\",\"url\":\"https:\/\/www.steeringlegal.com\/pt-br\/actualidades\/publicacoes\/\",\"name\":\"Publica\u00e7\u00f5es | steeringlegal\",\"isPartOf\":{\"@id\":\"https:\/\/www.steeringlegal.com\/pt-br\/#website\"},\"datePublished\":\"2023-05-25T14:19:03+00:00\",\"dateModified\":\"2023-05-25T14:19:59+00:00\",\"breadcrumb\":{\"@id\":\"https:\/\/www.steeringlegal.com\/pt-br\/actualidades\/publicacoes\/#breadcrumb\"},\"inLanguage\":\"pt-BR\",\"potentialAction\":[{\"@type\":\"ReadAction\",\"target\":[\"https:\/\/www.steeringlegal.com\/pt-br\/actualidades\/publicacoes\/\"]}]},{\"@type\":\"BreadcrumbList\",\"@id\":\"https:\/\/www.steeringlegal.com\/pt-br\/actualidades\/publicacoes\/#breadcrumb\",\"itemListElement\":[{\"@type\":\"ListItem\",\"position\":1,\"name\":\"Accueil\",\"item\":\"https:\/\/www.steeringlegal.com\/pt-br\/\"},{\"@type\":\"ListItem\",\"position\":2,\"name\":\"Actualidades\",\"item\":\"https:\/\/www.steeringlegal.com\/pt-br\/actualidades\/\"},{\"@type\":\"ListItem\",\"position\":3,\"name\":\"Publica\u00e7\u00f5es\"}]},{\"@type\":\"WebSite\",\"@id\":\"https:\/\/www.steeringlegal.com\/pt-br\/#website\",\"url\":\"https:\/\/www.steeringlegal.com\/pt-br\/\",\"name\":\"steeringlegal\",\"description\":\"Integrating Law into Business\",\"publisher\":{\"@id\":\"https:\/\/www.steeringlegal.com\/pt-br\/#organization\"},\"potentialAction\":[{\"@type\":\"SearchAction\",\"target\":{\"@type\":\"EntryPoint\",\"urlTemplate\":\"https:\/\/www.steeringlegal.com\/pt-br\/?s={search_term_string}\"},\"query-input\":{\"@type\":\"PropertyValueSpecification\",\"valueRequired\":true,\"valueName\":\"search_term_string\"}}],\"inLanguage\":\"pt-BR\"},{\"@type\":\"Organization\",\"@id\":\"https:\/\/www.steeringlegal.com\/pt-br\/#organization\",\"name\":\"Steering Legal\",\"url\":\"https:\/\/www.steeringlegal.com\/pt-br\/\",\"logo\":{\"@type\":\"ImageObject\",\"inLanguage\":\"pt-BR\",\"@id\":\"https:\/\/www.steeringlegal.com\/pt-br\/#\/schema\/logo\/image\/\",\"url\":\"https:\/\/www.steeringlegal.com\/wp-content\/uploads\/2019\/11\/logo-steering-couleur-1.jpg\",\"contentUrl\":\"https:\/\/www.steeringlegal.com\/wp-content\/uploads\/2019\/11\/logo-steering-couleur-1.jpg\",\"width\":2176,\"height\":1137,\"caption\":\"Steering Legal\"},\"image\":{\"@id\":\"https:\/\/www.steeringlegal.com\/pt-br\/#\/schema\/logo\/image\/\"},\"sameAs\":[\"https:\/\/www.linkedin.com\/company\/steering-law-firm\/?viewAsMember=true\"]}]}<\/script>\n<!-- \/ Yoast SEO plugin. -->","yoast_head_json":{"title":"Publica\u00e7\u00f5es | steeringlegal","robots":{"index":"index","follow":"follow","max-snippet":"max-snippet:-1","max-image-preview":"max-image-preview:large","max-video-preview":"max-video-preview:-1"},"canonical":"https:\/\/www.steeringlegal.com\/pt-br\/actualidades\/publicacoes\/","og_locale":"pt_BR","og_type":"article","og_title":"Publica\u00e7\u00f5es | steeringlegal","og_url":"https:\/\/www.steeringlegal.com\/pt-br\/actualidades\/publicacoes\/","og_site_name":"steeringlegal","article_modified_time":"2023-05-25T14:19:59+00:00","twitter_card":"summary_large_image","schema":{"@context":"https:\/\/schema.org","@graph":[{"@type":"WebPage","@id":"https:\/\/www.steeringlegal.com\/pt-br\/actualidades\/publicacoes\/","url":"https:\/\/www.steeringlegal.com\/pt-br\/actualidades\/publicacoes\/","name":"Publica\u00e7\u00f5es | steeringlegal","isPartOf":{"@id":"https:\/\/www.steeringlegal.com\/pt-br\/#website"},"datePublished":"2023-05-25T14:19:03+00:00","dateModified":"2023-05-25T14:19:59+00:00","breadcrumb":{"@id":"https:\/\/www.steeringlegal.com\/pt-br\/actualidades\/publicacoes\/#breadcrumb"},"inLanguage":"pt-BR","potentialAction":[{"@type":"ReadAction","target":["https:\/\/www.steeringlegal.com\/pt-br\/actualidades\/publicacoes\/"]}]},{"@type":"BreadcrumbList","@id":"https:\/\/www.steeringlegal.com\/pt-br\/actualidades\/publicacoes\/#breadcrumb","itemListElement":[{"@type":"ListItem","position":1,"name":"Accueil","item":"https:\/\/www.steeringlegal.com\/pt-br\/"},{"@type":"ListItem","position":2,"name":"Actualidades","item":"https:\/\/www.steeringlegal.com\/pt-br\/actualidades\/"},{"@type":"ListItem","position":3,"name":"Publica\u00e7\u00f5es"}]},{"@type":"WebSite","@id":"https:\/\/www.steeringlegal.com\/pt-br\/#website","url":"https:\/\/www.steeringlegal.com\/pt-br\/","name":"steeringlegal","description":"Integrating Law into Business","publisher":{"@id":"https:\/\/www.steeringlegal.com\/pt-br\/#organization"},"potentialAction":[{"@type":"SearchAction","target":{"@type":"EntryPoint","urlTemplate":"https:\/\/www.steeringlegal.com\/pt-br\/?s={search_term_string}"},"query-input":{"@type":"PropertyValueSpecification","valueRequired":true,"valueName":"search_term_string"}}],"inLanguage":"pt-BR"},{"@type":"Organization","@id":"https:\/\/www.steeringlegal.com\/pt-br\/#organization","name":"Steering Legal","url":"https:\/\/www.steeringlegal.com\/pt-br\/","logo":{"@type":"ImageObject","inLanguage":"pt-BR","@id":"https:\/\/www.steeringlegal.com\/pt-br\/#\/schema\/logo\/image\/","url":"https:\/\/www.steeringlegal.com\/wp-content\/uploads\/2019\/11\/logo-steering-couleur-1.jpg","contentUrl":"https:\/\/www.steeringlegal.com\/wp-content\/uploads\/2019\/11\/logo-steering-couleur-1.jpg","width":2176,"height":1137,"caption":"Steering Legal"},"image":{"@id":"https:\/\/www.steeringlegal.com\/pt-br\/#\/schema\/logo\/image\/"},"sameAs":["https:\/\/www.linkedin.com\/company\/steering-law-firm\/?viewAsMember=true"]}]}},"_links":{"self":[{"href":"https:\/\/www.steeringlegal.com\/pt-br\/wp-json\/wp\/v2\/pages\/29212","targetHints":{"allow":["GET"]}}],"collection":[{"href":"https:\/\/www.steeringlegal.com\/pt-br\/wp-json\/wp\/v2\/pages"}],"about":[{"href":"https:\/\/www.steeringlegal.com\/pt-br\/wp-json\/wp\/v2\/types\/page"}],"author":[{"embeddable":true,"href":"https:\/\/www.steeringlegal.com\/pt-br\/wp-json\/wp\/v2\/users\/4"}],"replies":[{"embeddable":true,"href":"https:\/\/www.steeringlegal.com\/pt-br\/wp-json\/wp\/v2\/comments?post=29212"}],"version-history":[{"count":3,"href":"https:\/\/www.steeringlegal.com\/pt-br\/wp-json\/wp\/v2\/pages\/29212\/revisions"}],"predecessor-version":[{"id":29220,"href":"https:\/\/www.steeringlegal.com\/pt-br\/wp-json\/wp\/v2\/pages\/29212\/revisions\/29220"}],"up":[{"embeddable":true,"href":"https:\/\/www.steeringlegal.com\/pt-br\/wp-json\/wp\/v2\/pages\/29182"}],"wp:attachment":[{"href":"https:\/\/www.steeringlegal.com\/pt-br\/wp-json\/wp\/v2\/media?parent=29212"}],"curies":[{"name":"wp","href":"https:\/\/api.w.org\/{rel}","templated":true}]}}