{"id":35328,"date":"2024-07-29T16:28:14","date_gmt":"2024-07-29T14:28:14","guid":{"rendered":"https:\/\/www.steeringlegal.com\/?page_id=35328"},"modified":"2026-03-02T17:42:41","modified_gmt":"2026-03-02T16:42:41","slug":"escritorio-de-advocacia-empresarial-em-angers","status":"publish","type":"page","link":"https:\/\/www.steeringlegal.com\/pt-br\/escritorio-de-advocacia-empresarial-em-angers\/","title":{"rendered":"O nosso escrit\u00f3rio de advogados de neg\u00f3cios em Angers"},"content":{"rendered":"\t\t<div data-elementor-type=\"wp-page\" data-elementor-id=\"35328\" class=\"elementor elementor-35328 elementor-32479\" data-elementor-post-type=\"page\">\n\t\t\t\t\t\t<section class=\"elementor-section elementor-top-section elementor-element elementor-element-0d1996e elementor-section-boxed elementor-section-height-default elementor-section-height-default\" data-id=\"0d1996e\" data-element_type=\"section\">\n\t\t\t\t\t\t<div class=\"elementor-container elementor-column-gap-default\">\n\t\t\t\t\t<div class=\"elementor-column elementor-col-50 elementor-top-column elementor-element elementor-element-012a843\" data-id=\"012a843\" data-element_type=\"column\">\n\t\t\t<div class=\"elementor-widget-wrap elementor-element-populated\">\n\t\t\t\t\t\t<div class=\"elementor-element elementor-element-49a7f33 elementor-align-center elementor-widget elementor-widget-button\" data-id=\"49a7f33\" data-element_type=\"widget\" data-widget_type=\"button.default\">\n\t\t\t\t<div class=\"elementor-widget-container\">\n\t\t\t\t\t\t\t\t\t<div class=\"elementor-button-wrapper\">\n\t\t\t\t\t<a class=\"elementor-button elementor-button-link elementor-size-sm\" href=\"mailto:angers@steeringlegal.com\">\n\t\t\t\t\t\t<span class=\"elementor-button-content-wrapper\">\n\t\t\t\t\t\t<span class=\"elementor-button-icon\">\n\t\t\t\t<i aria-hidden=\"true\" class=\"fas fa-mail-bulk\"><\/i>\t\t\t<\/span>\n\t\t\t\t\t\t\t\t\t<span class=\"elementor-button-text\">angers@steeringlegal.com<\/span>\n\t\t\t\t\t<\/span>\n\t\t\t\t\t<\/a>\n\t\t\t\t<\/div>\n\t\t\t\t\t\t\t\t<\/div>\n\t\t\t\t<\/div>\n\t\t\t\t\t<\/div>\n\t\t<\/div>\n\t\t\t\t<div class=\"elementor-column elementor-col-50 elementor-top-column elementor-element elementor-element-93b6e04\" data-id=\"93b6e04\" data-element_type=\"column\">\n\t\t\t<div class=\"elementor-widget-wrap\">\n\t\t\t\t\t\t\t<\/div>\n\t\t<\/div>\n\t\t\t\t\t<\/div>\n\t\t<\/section>\n\t\t\t\t<section class=\"elementor-section elementor-top-section elementor-element elementor-element-267bc47d elementor-section-boxed elementor-section-height-default elementor-section-height-default\" data-id=\"267bc47d\" data-element_type=\"section\">\n\t\t\t\t\t\t<div class=\"elementor-container elementor-column-gap-default\">\n\t\t\t\t\t<div class=\"elementor-column elementor-col-100 elementor-top-column elementor-element elementor-element-48f323fc\" data-id=\"48f323fc\" data-element_type=\"column\">\n\t\t\t<div class=\"elementor-widget-wrap elementor-element-populated\">\n\t\t\t\t\t\t<section class=\"elementor-section elementor-inner-section elementor-element elementor-element-7937ffc7 elementor-section-boxed elementor-section-height-default elementor-section-height-default\" data-id=\"7937ffc7\" data-element_type=\"section\">\n\t\t\t\t\t\t<div class=\"elementor-container elementor-column-gap-default\">\n\t\t\t\t\t<div class=\"elementor-column elementor-col-50 elementor-inner-column elementor-element elementor-element-15ad5709\" data-id=\"15ad5709\" data-element_type=\"column\">\n\t\t\t<div class=\"elementor-widget-wrap elementor-element-populated\">\n\t\t\t\t\t\t<div class=\"elementor-element elementor-element-7925b66b elementor-widget elementor-widget-image\" data-id=\"7925b66b\" data-element_type=\"widget\" data-widget_type=\"image.default\">\n\t\t\t\t<div class=\"elementor-widget-container\">\n\t\t\t\t\t\t\t\t\t\t\t\t\t\t\t<img fetchpriority=\"high\" decoding=\"async\" width=\"640\" height=\"427\" src=\"https:\/\/www.steeringlegal.com\/wp-content\/uploads\/2024\/02\/angers.jpg\" class=\"attachment-large size-large wp-image-35329\" alt=\"\" srcset=\"https:\/\/www.steeringlegal.com\/wp-content\/uploads\/2024\/02\/angers.jpg 640w, https:\/\/www.steeringlegal.com\/wp-content\/uploads\/2024\/02\/angers-300x200.jpg 300w\" sizes=\"(max-width: 640px) 100vw, 640px\" \/>\t\t\t\t\t\t\t\t\t\t\t\t\t\t\t<\/div>\n\t\t\t\t<\/div>\n\t\t\t\t\t<\/div>\n\t\t<\/div>\n\t\t\t\t<div class=\"elementor-column elementor-col-50 elementor-inner-column elementor-element elementor-element-5106a345\" data-id=\"5106a345\" data-element_type=\"column\">\n\t\t\t<div class=\"elementor-widget-wrap elementor-element-populated\">\n\t\t\t\t\t\t<div class=\"elementor-element elementor-element-5cd2a36 elementor-widget elementor-widget-text-editor\" data-id=\"5cd2a36\" data-element_type=\"widget\" data-widget_type=\"text-editor.default\">\n\t\t\t\t<div class=\"elementor-widget-container\">\n\t\t\t\t\t\t\t\t\t<p>Fundado em 2010, nosso escrit\u00f3rio em Angers inclui advogados com<strong>\u00a0v\u00ednculos especiais com a cidade de Angers e com o Grande Oeste da Fran\u00e7a,<\/strong>\u00a0o que lhe confere um\u00a0<strong>conhecimento perfeito da \u00e1rea, de suas atividades e de seus participantes.<\/strong><\/p><p>Este conhecimento local insubstitu\u00edvel, combinado com uma experi\u00eancia de alto n\u00edvel nas v\u00e1rias \u00e1reas do direito empresarial, incluindo o <a href=\"https:\/\/www.steeringlegal.com\/pt-br\/competence\/contencioso-e-arbitragem-2\/\"><strong>contencioso comercial e empresa<\/strong><strong>rial<\/strong><\/a><strong>, <\/strong>o <a href=\"https:\/\/www.steeringlegal.com\/pt-br\/competence\/competence-direito-tributario-fiscal\/\"><strong>direito fiscal e o direito<\/strong><strong> imobili\u00e1rio<\/strong><\/a>, permite-lhe dar respostas personalizadas \u00e0s quest\u00f5es dos seus clientes.<\/p><p>Com o apoio de nossos escrit\u00f3rios no exterior, o escrit\u00f3rio tamb\u00e9m \u00e9 capaz de auxiliar e aconselhar empresas regionais, independentemente de seu tamanho, em seu desenvolvimento de exporta\u00e7\u00e3o, tornando-se assim\u00a0<strong>uma porta aberta de Angers para o mercado internacional.<\/strong><\/p>\t\t\t\t\t\t\t\t<\/div>\n\t\t\t\t<\/div>\n\t\t\t\t\t<\/div>\n\t\t<\/div>\n\t\t\t\t\t<\/div>\n\t\t<\/section>\n\t\t\t\t\t<\/div>\n\t\t<\/div>\n\t\t\t\t\t<\/div>\n\t\t<\/section>\n\t\t\t\t<section class=\"elementor-section elementor-top-section elementor-element elementor-element-2387d86f elementor-section-boxed elementor-section-height-default elementor-section-height-default\" data-id=\"2387d86f\" data-element_type=\"section\">\n\t\t\t\t\t\t<div class=\"elementor-container elementor-column-gap-default\">\n\t\t\t\t\t<div class=\"elementor-column elementor-col-100 elementor-top-column elementor-element elementor-element-4bc434fd\" data-id=\"4bc434fd\" data-element_type=\"column\">\n\t\t\t<div class=\"elementor-widget-wrap elementor-element-populated\">\n\t\t\t\t\t\t<div class=\"elementor-element elementor-element-2aec9f5 elementor-widget elementor-widget-html\" data-id=\"2aec9f5\" data-element_type=\"widget\" data-widget_type=\"html.default\">\n\t\t\t\t<div class=\"elementor-widget-container\">\n\t\t\t\t\t<script>\ndocument.addEventListener('DOMContentLoaded', function () {\n\nvar filteredImages = document.querySelectorAll('.e-gallery-item');\n\n\/\/Edit the links HERE\nvar links = [\n'https:\/\/www.steeringlegal.com\/pt-br\/equipe\/guais-florian\/',\n'https:\/\/www.steeringlegal.com\/pt-br\/equipe\/adrien-matillon\/',\n];\n\nvar _loope = function _loope(i) {\n    if (links[i].length > 4) {\n    filteredImages[i].style.cursor = \"pointer\";\nfilteredImages[i].addEventListener('click', function () {\nlocation = links[i];\n});\n}\n};\n\nfor (var i = 0; i < filteredImages.length; i++) {\n_loope(i);\n}\n\n});\n\n<\/script>\n\t\t\t\t<\/div>\n\t\t\t\t<\/div>\n\t\t\t\t<div class=\"elementor-element elementor-element-591d2a4 elementor-widget elementor-widget-spacer\" data-id=\"591d2a4\" data-element_type=\"widget\" data-widget_type=\"spacer.default\">\n\t\t\t\t<div class=\"elementor-widget-container\">\n\t\t\t\t\t\t\t<div class=\"elementor-spacer\">\n\t\t\t<div class=\"elementor-spacer-inner\"><\/div>\n\t\t<\/div>\n\t\t\t\t\t\t<\/div>\n\t\t\t\t<\/div>\n\t\t\t\t<div class=\"elementor-element elementor-element-4e983ff4 elementor-widget elementor-widget-gallery\" data-id=\"4e983ff4\" data-element_type=\"widget\" data-settings=\"{&quot;columns&quot;:5,&quot;gap&quot;:{&quot;unit&quot;:&quot;px&quot;,&quot;size&quot;:20,&quot;sizes&quot;:[]},&quot;aspect_ratio&quot;:&quot;1:1&quot;,&quot;image_hover_animation&quot;:&quot;grow&quot;,&quot;overlay_description&quot;:&quot;title&quot;,&quot;lazyload&quot;:&quot;yes&quot;,&quot;gallery_layout&quot;:&quot;grid&quot;,&quot;columns_tablet&quot;:2,&quot;columns_mobile&quot;:1,&quot;gap_tablet&quot;:{&quot;unit&quot;:&quot;px&quot;,&quot;size&quot;:10,&quot;sizes&quot;:[]},&quot;gap_mobile&quot;:{&quot;unit&quot;:&quot;px&quot;,&quot;size&quot;:10,&quot;sizes&quot;:[]},&quot;show_all_galleries&quot;:&quot;yes&quot;,&quot;overlay_background&quot;:&quot;yes&quot;,&quot;content_hover_animation&quot;:&quot;fade-in&quot;}\" data-widget_type=\"gallery.default\">\n\t\t\t\t<div class=\"elementor-widget-container\">\n\t\t\t\t\t\t\t\t<div class=\"elementor-gallery__titles-container e--pointer-none\" aria-label=\"Filtro de galeria\">\n\t\t\t\t\t\t\t\t\t<a class=\"elementor-item elementor-gallery-title\" role=\"button\" tabindex=\"0\" data-gallery-index=\"all\">\n\t\t\t\t\t\t\u00c9quipe\t\t\t\t\t<\/a>\n\t\t\t\t\n\t\t\t\t\t\t\t\t\t<a class=\"elementor-item elementor-gallery-title\" role=\"button\" tabindex=\"0\" data-gallery-index=\"0\">\n\t\t\t\t\t\tS\u00f3cio\t\t\t\t\t<\/a>\n\t\t\t\t\t\t\t\t\t\t<a class=\"elementor-item elementor-gallery-title\" role=\"button\" tabindex=\"0\" data-gallery-index=\"1\">\n\t\t\t\t\t\tConsultor\t\t\t\t\t<\/a>\n\t\t\t\t\t\t\t\t<\/div>\n\t\t\t\t\t<div class=\"elementor-gallery__container\">\n\t\t\t\t\t\t\t<div class=\"e-gallery-item elementor-gallery-item elementor-animated-content\" data-e-gallery-tags=\"0\">\n\t\t\t\t\t<div class=\"e-gallery-image elementor-gallery-item__image\" data-thumbnail=\"https:\/\/www.steeringlegal.com\/wp-content\/uploads\/2023\/05\/florian-guais-1024x1024.jpg\" data-width=\"1024\" data-height=\"1024\" aria-label=\"\" role=\"img\" ><\/div>\n\t\t\t\t\t\t\t\t\t\t\t<div class=\"elementor-gallery-item__overlay\"><\/div>\n\t\t\t\t\t\t\t\t\t\t\t\t\t\t\t<div class=\"elementor-gallery-item__content\">\n\t\t\t\t\t\t\t\t\t\t\t\t\t\t<div class=\"elementor-gallery-item__description\">\n\t\t\t\t\t\t\t\t\t\t\t\t\t\t\t\t\t\tFlorian GUAIS\t\t\t\t\t\t\t\t<\/div>\n\t\t\t\t\t\t\t\t\t\t\t\t<\/div>\n\t\t\t\t\t\t\t\t\t<\/div>\n\t\t\t\t\t\t\t<div class=\"e-gallery-item elementor-gallery-item elementor-animated-content\" data-e-gallery-tags=\"1\">\n\t\t\t\t\t<div class=\"e-gallery-image elementor-gallery-item__image\" data-thumbnail=\"https:\/\/www.steeringlegal.com\/wp-content\/uploads\/2023\/05\/adrien-matillon-1024x925.jpg\" data-width=\"1024\" data-height=\"925\" aria-label=\"\" role=\"img\" ><\/div>\n\t\t\t\t\t\t\t\t\t\t\t<div class=\"elementor-gallery-item__overlay\"><\/div>\n\t\t\t\t\t\t\t\t\t\t\t\t\t\t\t<div class=\"elementor-gallery-item__content\">\n\t\t\t\t\t\t\t\t\t\t\t\t\t\t<div class=\"elementor-gallery-item__description\">\n\t\t\t\t\t\t\t\t\t\t\t\t\t\t\t\t\t\tAdrien MATILLON\t\t\t\t\t\t\t\t<\/div>\n\t\t\t\t\t\t\t\t\t\t\t\t<\/div>\n\t\t\t\t\t\t\t\t\t<\/div>\n\t\t\t\t\t<\/div>\n\t\t\t\t\t<\/div>\n\t\t\t\t<\/div>\n\t\t\t\t<section class=\"elementor-section elementor-inner-section elementor-element elementor-element-23136ef7 elementor-section-boxed elementor-section-height-default elementor-section-height-default\" data-id=\"23136ef7\" data-element_type=\"section\">\n\t\t\t\t\t\t<div class=\"elementor-container elementor-column-gap-default\">\n\t\t\t\t\t<div class=\"elementor-column elementor-col-50 elementor-inner-column elementor-element elementor-element-e4610a3\" data-id=\"e4610a3\" data-element_type=\"column\">\n\t\t\t<div class=\"elementor-widget-wrap elementor-element-populated\">\n\t\t\t\t\t\t<div class=\"elementor-element elementor-element-3fafc174 elementor-widget elementor-widget-text-editor\" data-id=\"3fafc174\" data-element_type=\"widget\" data-widget_type=\"text-editor.default\">\n\t\t\t\t<div class=\"elementor-widget-container\">\n\t\t\t\t\t\t\t\t\t<p><strong>Steering Legal Angers<\/strong><\/p><p>3 rue Jean Zay<br \/>49000 Angers<\/p>\t\t\t\t\t\t\t\t<\/div>\n\t\t\t\t<\/div>\n\t\t\t\t<div class=\"elementor-element elementor-element-1979d44 elementor-align-center elementor-widget elementor-widget-button\" data-id=\"1979d44\" data-element_type=\"widget\" data-widget_type=\"button.default\">\n\t\t\t\t<div class=\"elementor-widget-container\">\n\t\t\t\t\t\t\t\t\t<div class=\"elementor-button-wrapper\">\n\t\t\t\t\t<a class=\"elementor-button elementor-button-link elementor-size-sm\" href=\"mailto:angers@steeringlegal.com\">\n\t\t\t\t\t\t<span class=\"elementor-button-content-wrapper\">\n\t\t\t\t\t\t<span class=\"elementor-button-icon\">\n\t\t\t\t<i aria-hidden=\"true\" class=\"fas fa-mail-bulk\"><\/i>\t\t\t<\/span>\n\t\t\t\t\t\t\t\t\t<span class=\"elementor-button-text\">angers@steeringlegal.com<\/span>\n\t\t\t\t\t<\/span>\n\t\t\t\t\t<\/a>\n\t\t\t\t<\/div>\n\t\t\t\t\t\t\t\t<\/div>\n\t\t\t\t<\/div>\n\t\t\t\t\t<\/div>\n\t\t<\/div>\n\t\t\t\t<div class=\"elementor-column elementor-col-50 elementor-inner-column elementor-element elementor-element-1d557b74\" data-id=\"1d557b74\" data-element_type=\"column\">\n\t\t\t<div class=\"elementor-widget-wrap elementor-element-populated\">\n\t\t\t\t\t\t<div class=\"elementor-element elementor-element-498dc4f8 elementor-widget elementor-widget-google_maps\" data-id=\"498dc4f8\" data-element_type=\"widget\" data-widget_type=\"google_maps.default\">\n\t\t\t\t<div class=\"elementor-widget-container\">\n\t\t\t\t\t\t\t<div class=\"elementor-custom-embed\">\n\t\t\t<iframe loading=\"lazy\"\n\t\t\t\t\tsrc=\"https:\/\/maps.google.com\/maps?q=3%20rue%20Jean%20Zay%2049000%20Angers&#038;t=m&#038;z=10&#038;output=embed&#038;iwloc=near\"\n\t\t\t\t\ttitle=\"3 rue Jean Zay 49000 Angers\"\n\t\t\t\t\taria-label=\"3 rue Jean Zay 49000 Angers\"\n\t\t\t><\/iframe>\n\t\t<\/div>\n\t\t\t\t\t\t<\/div>\n\t\t\t\t<\/div>\n\t\t\t\t\t<\/div>\n\t\t<\/div>\n\t\t\t\t\t<\/div>\n\t\t<\/section>\n\t\t\t\t\t<\/div>\n\t\t<\/div>\n\t\t\t\t\t<\/div>\n\t\t<\/section>\n\t\t\t\t<\/div>\n\t\t","protected":false},"excerpt":{"rendered":"<p>angers@steeringlegal.com Fundado em 2010, nosso escrit\u00f3rio em Angers inclui advogados com\u00a0v\u00ednculos especiais com a cidade de Angers e com o Grande Oeste da Fran\u00e7a,\u00a0o que[&#8230;] <br \/><a class=\"readmore\" href=\"https:\/\/www.steeringlegal.com\/pt-br\/escritorio-de-advocacia-empresarial-em-angers\/\"><\/a><\/p>\n","protected":false},"author":4,"featured_media":0,"parent":0,"menu_order":0,"comment_status":"closed","ping_status":"closed","template":"","meta":{"_acf_changed":false,"footnotes":""},"class_list":["post-35328","page","type-page","status-publish","hentry"],"acf":[],"yoast_head":"<!-- This site is optimized with the Yoast SEO plugin v27.0 - https:\/\/yoast.com\/product\/yoast-seo-wordpress\/ -->\n<title>O nosso escrit\u00f3rio de advogados de neg\u00f3cios em Angers | steeringlegal<\/title>\n<meta name=\"robots\" content=\"index, follow, max-snippet:-1, max-image-preview:large, max-video-preview:-1\" \/>\n<link rel=\"canonical\" href=\"https:\/\/www.steeringlegal.com\/pt-br\/escritorio-de-advocacia-empresarial-em-angers\/\" \/>\n<meta property=\"og:locale\" content=\"pt_BR\" \/>\n<meta property=\"og:type\" content=\"article\" \/>\n<meta property=\"og:title\" content=\"O nosso escrit\u00f3rio de advogados de neg\u00f3cios em Angers | steeringlegal\" \/>\n<meta property=\"og:description\" content=\"angers@steeringlegal.com Fundado em 2010, nosso escrit\u00f3rio em Angers inclui advogados com\u00a0v\u00ednculos especiais com a cidade de Angers e com o Grande Oeste da Fran\u00e7a,\u00a0o que[...]\" \/>\n<meta property=\"og:url\" content=\"https:\/\/www.steeringlegal.com\/pt-br\/escritorio-de-advocacia-empresarial-em-angers\/\" \/>\n<meta property=\"og:site_name\" content=\"steeringlegal\" \/>\n<meta property=\"article:modified_time\" content=\"2026-03-02T16:42:41+00:00\" \/>\n<meta property=\"og:image\" content=\"https:\/\/www.steeringlegal.com\/wp-content\/uploads\/2024\/02\/angers.jpg\" \/>\n\t<meta property=\"og:image:width\" content=\"640\" \/>\n\t<meta property=\"og:image:height\" content=\"427\" \/>\n\t<meta property=\"og:image:type\" content=\"image\/jpeg\" \/>\n<meta name=\"twitter:card\" content=\"summary_large_image\" \/>\n<meta name=\"twitter:label1\" content=\"Est. tempo de leitura\" \/>\n\t<meta name=\"twitter:data1\" content=\"1 minuto\" \/>\n<script type=\"application\/ld+json\" class=\"yoast-schema-graph\">{\"@context\":\"https:\/\/schema.org\",\"@graph\":[{\"@type\":\"WebPage\",\"@id\":\"https:\/\/www.steeringlegal.com\/pt-br\/escritorio-de-advocacia-empresarial-em-angers\/\",\"url\":\"https:\/\/www.steeringlegal.com\/pt-br\/escritorio-de-advocacia-empresarial-em-angers\/\",\"name\":\"O nosso escrit\u00f3rio de advogados de neg\u00f3cios em Angers | steeringlegal\",\"isPartOf\":{\"@id\":\"https:\/\/www.steeringlegal.com\/pt-br\/#website\"},\"primaryImageOfPage\":{\"@id\":\"https:\/\/www.steeringlegal.com\/pt-br\/escritorio-de-advocacia-empresarial-em-angers\/#primaryimage\"},\"image\":{\"@id\":\"https:\/\/www.steeringlegal.com\/pt-br\/escritorio-de-advocacia-empresarial-em-angers\/#primaryimage\"},\"thumbnailUrl\":\"https:\/\/www.steeringlegal.com\/wp-content\/uploads\/2024\/02\/angers.jpg\",\"datePublished\":\"2024-07-29T14:28:14+00:00\",\"dateModified\":\"2026-03-02T16:42:41+00:00\",\"breadcrumb\":{\"@id\":\"https:\/\/www.steeringlegal.com\/pt-br\/escritorio-de-advocacia-empresarial-em-angers\/#breadcrumb\"},\"inLanguage\":\"pt-BR\",\"potentialAction\":[{\"@type\":\"ReadAction\",\"target\":[\"https:\/\/www.steeringlegal.com\/pt-br\/escritorio-de-advocacia-empresarial-em-angers\/\"]}]},{\"@type\":\"ImageObject\",\"inLanguage\":\"pt-BR\",\"@id\":\"https:\/\/www.steeringlegal.com\/pt-br\/escritorio-de-advocacia-empresarial-em-angers\/#primaryimage\",\"url\":\"https:\/\/www.steeringlegal.com\/wp-content\/uploads\/2024\/02\/angers.jpg\",\"contentUrl\":\"https:\/\/www.steeringlegal.com\/wp-content\/uploads\/2024\/02\/angers.jpg\"},{\"@type\":\"BreadcrumbList\",\"@id\":\"https:\/\/www.steeringlegal.com\/pt-br\/escritorio-de-advocacia-empresarial-em-angers\/#breadcrumb\",\"itemListElement\":[{\"@type\":\"ListItem\",\"position\":1,\"name\":\"Accueil\",\"item\":\"https:\/\/www.steeringlegal.com\/pt-br\/\"},{\"@type\":\"ListItem\",\"position\":2,\"name\":\"O nosso escrit\u00f3rio de advogados de neg\u00f3cios em Angers\"}]},{\"@type\":\"WebSite\",\"@id\":\"https:\/\/www.steeringlegal.com\/pt-br\/#website\",\"url\":\"https:\/\/www.steeringlegal.com\/pt-br\/\",\"name\":\"steeringlegal\",\"description\":\"Integrating Law into Business\",\"publisher\":{\"@id\":\"https:\/\/www.steeringlegal.com\/pt-br\/#organization\"},\"potentialAction\":[{\"@type\":\"SearchAction\",\"target\":{\"@type\":\"EntryPoint\",\"urlTemplate\":\"https:\/\/www.steeringlegal.com\/pt-br\/?s={search_term_string}\"},\"query-input\":{\"@type\":\"PropertyValueSpecification\",\"valueRequired\":true,\"valueName\":\"search_term_string\"}}],\"inLanguage\":\"pt-BR\"},{\"@type\":\"Organization\",\"@id\":\"https:\/\/www.steeringlegal.com\/pt-br\/#organization\",\"name\":\"Steering Legal\",\"url\":\"https:\/\/www.steeringlegal.com\/pt-br\/\",\"logo\":{\"@type\":\"ImageObject\",\"inLanguage\":\"pt-BR\",\"@id\":\"https:\/\/www.steeringlegal.com\/pt-br\/#\/schema\/logo\/image\/\",\"url\":\"https:\/\/www.steeringlegal.com\/wp-content\/uploads\/2019\/11\/logo-steering-couleur-1.jpg\",\"contentUrl\":\"https:\/\/www.steeringlegal.com\/wp-content\/uploads\/2019\/11\/logo-steering-couleur-1.jpg\",\"width\":2176,\"height\":1137,\"caption\":\"Steering Legal\"},\"image\":{\"@id\":\"https:\/\/www.steeringlegal.com\/pt-br\/#\/schema\/logo\/image\/\"},\"sameAs\":[\"https:\/\/www.linkedin.com\/company\/steering-law-firm\/?viewAsMember=true\"]}]}<\/script>\n<!-- \/ Yoast SEO plugin. -->","yoast_head_json":{"title":"O nosso escrit\u00f3rio de advogados de neg\u00f3cios em Angers | steeringlegal","robots":{"index":"index","follow":"follow","max-snippet":"max-snippet:-1","max-image-preview":"max-image-preview:large","max-video-preview":"max-video-preview:-1"},"canonical":"https:\/\/www.steeringlegal.com\/pt-br\/escritorio-de-advocacia-empresarial-em-angers\/","og_locale":"pt_BR","og_type":"article","og_title":"O nosso escrit\u00f3rio de advogados de neg\u00f3cios em Angers | steeringlegal","og_description":"angers@steeringlegal.com Fundado em 2010, nosso escrit\u00f3rio em Angers inclui advogados com\u00a0v\u00ednculos especiais com a cidade de Angers e com o Grande Oeste da Fran\u00e7a,\u00a0o que[...]","og_url":"https:\/\/www.steeringlegal.com\/pt-br\/escritorio-de-advocacia-empresarial-em-angers\/","og_site_name":"steeringlegal","article_modified_time":"2026-03-02T16:42:41+00:00","og_image":[{"width":640,"height":427,"url":"https:\/\/www.steeringlegal.com\/wp-content\/uploads\/2024\/02\/angers.jpg","type":"image\/jpeg"}],"twitter_card":"summary_large_image","twitter_misc":{"Est. tempo de leitura":"1 minuto"},"schema":{"@context":"https:\/\/schema.org","@graph":[{"@type":"WebPage","@id":"https:\/\/www.steeringlegal.com\/pt-br\/escritorio-de-advocacia-empresarial-em-angers\/","url":"https:\/\/www.steeringlegal.com\/pt-br\/escritorio-de-advocacia-empresarial-em-angers\/","name":"O nosso escrit\u00f3rio de advogados de neg\u00f3cios em Angers | steeringlegal","isPartOf":{"@id":"https:\/\/www.steeringlegal.com\/pt-br\/#website"},"primaryImageOfPage":{"@id":"https:\/\/www.steeringlegal.com\/pt-br\/escritorio-de-advocacia-empresarial-em-angers\/#primaryimage"},"image":{"@id":"https:\/\/www.steeringlegal.com\/pt-br\/escritorio-de-advocacia-empresarial-em-angers\/#primaryimage"},"thumbnailUrl":"https:\/\/www.steeringlegal.com\/wp-content\/uploads\/2024\/02\/angers.jpg","datePublished":"2024-07-29T14:28:14+00:00","dateModified":"2026-03-02T16:42:41+00:00","breadcrumb":{"@id":"https:\/\/www.steeringlegal.com\/pt-br\/escritorio-de-advocacia-empresarial-em-angers\/#breadcrumb"},"inLanguage":"pt-BR","potentialAction":[{"@type":"ReadAction","target":["https:\/\/www.steeringlegal.com\/pt-br\/escritorio-de-advocacia-empresarial-em-angers\/"]}]},{"@type":"ImageObject","inLanguage":"pt-BR","@id":"https:\/\/www.steeringlegal.com\/pt-br\/escritorio-de-advocacia-empresarial-em-angers\/#primaryimage","url":"https:\/\/www.steeringlegal.com\/wp-content\/uploads\/2024\/02\/angers.jpg","contentUrl":"https:\/\/www.steeringlegal.com\/wp-content\/uploads\/2024\/02\/angers.jpg"},{"@type":"BreadcrumbList","@id":"https:\/\/www.steeringlegal.com\/pt-br\/escritorio-de-advocacia-empresarial-em-angers\/#breadcrumb","itemListElement":[{"@type":"ListItem","position":1,"name":"Accueil","item":"https:\/\/www.steeringlegal.com\/pt-br\/"},{"@type":"ListItem","position":2,"name":"O nosso escrit\u00f3rio de advogados de neg\u00f3cios em Angers"}]},{"@type":"WebSite","@id":"https:\/\/www.steeringlegal.com\/pt-br\/#website","url":"https:\/\/www.steeringlegal.com\/pt-br\/","name":"steeringlegal","description":"Integrating Law into Business","publisher":{"@id":"https:\/\/www.steeringlegal.com\/pt-br\/#organization"},"potentialAction":[{"@type":"SearchAction","target":{"@type":"EntryPoint","urlTemplate":"https:\/\/www.steeringlegal.com\/pt-br\/?s={search_term_string}"},"query-input":{"@type":"PropertyValueSpecification","valueRequired":true,"valueName":"search_term_string"}}],"inLanguage":"pt-BR"},{"@type":"Organization","@id":"https:\/\/www.steeringlegal.com\/pt-br\/#organization","name":"Steering Legal","url":"https:\/\/www.steeringlegal.com\/pt-br\/","logo":{"@type":"ImageObject","inLanguage":"pt-BR","@id":"https:\/\/www.steeringlegal.com\/pt-br\/#\/schema\/logo\/image\/","url":"https:\/\/www.steeringlegal.com\/wp-content\/uploads\/2019\/11\/logo-steering-couleur-1.jpg","contentUrl":"https:\/\/www.steeringlegal.com\/wp-content\/uploads\/2019\/11\/logo-steering-couleur-1.jpg","width":2176,"height":1137,"caption":"Steering Legal"},"image":{"@id":"https:\/\/www.steeringlegal.com\/pt-br\/#\/schema\/logo\/image\/"},"sameAs":["https:\/\/www.linkedin.com\/company\/steering-law-firm\/?viewAsMember=true"]}]}},"_links":{"self":[{"href":"https:\/\/www.steeringlegal.com\/pt-br\/wp-json\/wp\/v2\/pages\/35328","targetHints":{"allow":["GET"]}}],"collection":[{"href":"https:\/\/www.steeringlegal.com\/pt-br\/wp-json\/wp\/v2\/pages"}],"about":[{"href":"https:\/\/www.steeringlegal.com\/pt-br\/wp-json\/wp\/v2\/types\/page"}],"author":[{"embeddable":true,"href":"https:\/\/www.steeringlegal.com\/pt-br\/wp-json\/wp\/v2\/users\/4"}],"replies":[{"embeddable":true,"href":"https:\/\/www.steeringlegal.com\/pt-br\/wp-json\/wp\/v2\/comments?post=35328"}],"version-history":[{"count":3,"href":"https:\/\/www.steeringlegal.com\/pt-br\/wp-json\/wp\/v2\/pages\/35328\/revisions"}],"predecessor-version":[{"id":50473,"href":"https:\/\/www.steeringlegal.com\/pt-br\/wp-json\/wp\/v2\/pages\/35328\/revisions\/50473"}],"wp:attachment":[{"href":"https:\/\/www.steeringlegal.com\/pt-br\/wp-json\/wp\/v2\/media?parent=35328"}],"curies":[{"name":"wp","href":"https:\/\/api.w.org\/{rel}","templated":true}]}}